{"id":11117,"date":"2024-10-07T14:34:34","date_gmt":"2024-10-07T11:34:34","guid":{"rendered":"https:\/\/ceoparts.com\/?post_type=product&#038;p=11117"},"modified":"2026-05-16T10:57:25","modified_gmt":"2026-05-16T07:57:25","slug":"230x70-45-rota-eski-tip-kanalli-yuruyus-tekeri-0009903819","status":"publish","type":"product","link":"https:\/\/ceoparts.com\/de\/urun\/230x70-45-rota-eski-tip-kanalli-yuruyus-tekeri-0009903819\/","title":{"rendered":"230&#215;70-45 Rota Kanalfahrwerk\u2013 0009903819"},"content":{"rendered":"<p>230&#215;70-45 Rota Kanalfahrwerk\u2013 0009903819<\/p>\n<p>LINDE 0009903819, 0009934071<\/p>\n<p>1151\u00a0T16\/T16P\/T20\/T20P<br \/>\n1152\u00a0T16\/T18\/T20\/T16L<br \/>\n1160\u00a0D06\/D08<br \/>\n1169\u00a0L10\/L12\/L14C<br \/>\n1169\u00a0L10P\/L12P\/L14P<br \/>\n1172\u00a0L10\/L12\/L12i<\/p>\n<p>Still 4359920 4400716<\/p>\n<p>EXU<br \/>\nEXU AC16 (0143, 0150, 0151, 0152)<br \/>\nEXU AC18 (0143, 0150, 0151, 0152)<br \/>\nEXU AC20 (0143, 0150, 0151, 0152)<br \/>\nEXU AC22 (0143, 0150, 0151, 0152)<br \/>\nEXU LINDE USA (0147)<br \/>\nEXU-H (0202)<br \/>\nEXU-H AC (0203)<br \/>\nEXU-H AC Autolift (0161, 0162, 0163)<br \/>\nEXU-SF20 (0160, 0179)<br \/>\nEXU-SF20 09\/2013-&gt;<br \/>\nEXV<br \/>\nEXV10 (4572) 02\/2015-&gt;<br \/>\nEXV10BASIC (4572) 02\/2015-&gt;<br \/>\nEXV12 (4572) 02\/2015-&gt;<br \/>\nEXV12I (4572) 02\/2015-&gt;<br \/>\nEXV14C (4572) 02\/2015-&gt;<br \/>\nEXV14IC (4572) 02\/2015-&gt;<br \/>\nEXVBasic (0251, 0252, 0253, 0254)<br \/>\nEXVBasic (0270, 0271, 0272, 0273) 01\/2013-&gt;<br \/>\nEXD<br \/>\nEXD-SF20 (0260,0261, 0283, 0284)<br \/>\nEXD-SF20 (0283, 0284)<br \/>\nEXD18 (0285, 0286)<br \/>\nEXD20 (0260,0261, 0283, 0284)<br \/>\nEXD20 (0283, 0284)<br \/>\nEGU<br \/>\nEGU 16 (0115, 0117, 0119, 0125)<br \/>\nEGU 18 (0115, 0117, 0119, 0125)<br \/>\nEGU 20 (0115, 0117, 0119, 0125)<br \/>\nEGU 20-S (0115, 0117, 0119, 0125)<br \/>\nEGU-H (0201)<br \/>\nEGU20 (0122)<br \/>\nEGU20S (0123)<br \/>\nEGV<br \/>\nEGV14 (0248,0250)<br \/>\nEGV16 (0248,0250)<br \/>\nLTX<br \/>\nLTX-T04<br \/>\nLTX20<br \/>\nTSD<br \/>\nTSD-SF20<br \/>\nTSD20<br \/>\nEGD<br \/>\nEGD16 (0219)<br \/>\nCL<br \/>\nCL10 Basic (4572) 01\/2013 -&gt;<br \/>\nCL12 Basic (4572) 01\/2013-&gt;<br \/>\nCL12i Basic (4572) 01\/2013-&gt;<\/p>","protected":false},"excerpt":{"rendered":"<p data-start=\"95\" data-end=\"540\"><br data-start=\"1662\" data-end=\"1665\" \/>230\u00d770-45 Rota Laufrolle mit Nut ist ein Hochleistungs-Laufrad, speziell f\u00fcr Gabelstapler und industrielle Transportger\u00e4te entwickelt. Mit einem Durchmesser von 230 mm, einer Breite von 70 mm und einer Lagergr\u00f6\u00dfe von 45 mm sorgt dieses Modell dank seiner Nutstruktur f\u00fcr stabile Fahrt und pr\u00e4zise Lenkung. Die Polyurethanbeschichtung ist abriebfest und verformungsbest\u00e4ndig bei hoher Belastung und erm\u00f6glicht einen leisen und rutschfesten Betrieb.<\/p>\n<p data-start=\"2114\" data-end=\"2453\"><strong data-start=\"2114\" data-end=\"2132\">Eigenschaften:<\/strong><br data-start=\"2132\" data-end=\"2135\" \/><strong data-start=\"2135\" data-end=\"2151\">Produktname:<\/strong> 230\u00d770-45 Rota Laufrolle mit Nut<br data-start=\"2184\" data-end=\"2187\" \/><strong data-start=\"2187\" data-end=\"2203\">Teilenummer:<\/strong> 0009903819<br data-start=\"2214\" data-end=\"2217\" \/><strong data-start=\"2217\" data-end=\"2230\">Material:<\/strong> Polyurethanbeschichtung, Stahlk\u00f6rper<br data-start=\"2267\" data-end=\"2270\" \/><strong data-start=\"2270\" data-end=\"2289\">Einsatzbereich:<\/strong> Laufrolle f\u00fcr Gabelstapler und industrielle Transportger\u00e4te<br data-start=\"2349\" data-end=\"2352\" \/><strong data-start=\"2352\" data-end=\"2364\">Vorteil:<\/strong> Stabile Fahrt dank Nutstruktur, hohe Abriebfestigkeit, leiser und rutschfester Betrieb<\/p>\n<p data-start=\"2455\" data-end=\"2861\">\n","protected":false},"featured_media":11121,"template":"","meta":[],"product_brand":[],"product_cat":[241,244,246,249,412,414,193],"product_tag":[],"class_list":{"0":"post-11117","1":"product","2":"type-product","3":"status-publish","4":"has-post-thumbnail","6":"product_cat-still","7":"product_cat-yuruyus-tekeri-still","8":"product_cat-linde","9":"product_cat-yuruyus-tekeri-linde","10":"product_cat-tellure-rota","11":"product_cat-yuruyus-tekeri-rota","12":"product_cat-yuruyus-tekeri","14":"first","15":"instock","16":"taxable","17":"shipping-taxable","18":"purchasable","19":"product-type-simple"},"_links":{"self":[{"href":"https:\/\/ceoparts.com\/de\/wp-json\/wp\/v2\/product\/11117","targetHints":{"allow":["GET"]}}],"collection":[{"href":"https:\/\/ceoparts.com\/de\/wp-json\/wp\/v2\/product"}],"about":[{"href":"https:\/\/ceoparts.com\/de\/wp-json\/wp\/v2\/types\/product"}],"wp:featuredmedia":[{"embeddable":true,"href":"https:\/\/ceoparts.com\/de\/wp-json\/wp\/v2\/media\/11121"}],"wp:attachment":[{"href":"https:\/\/ceoparts.com\/de\/wp-json\/wp\/v2\/media?parent=11117"}],"wp:term":[{"taxonomy":"product_brand","embeddable":true,"href":"https:\/\/ceoparts.com\/de\/wp-json\/wp\/v2\/product_brand?post=11117"},{"taxonomy":"product_cat","embeddable":true,"href":"https:\/\/ceoparts.com\/de\/wp-json\/wp\/v2\/product_cat?post=11117"},{"taxonomy":"product_tag","embeddable":true,"href":"https:\/\/ceoparts.com\/de\/wp-json\/wp\/v2\/product_tag?post=11117"}],"curies":[{"name":"wp","href":"https:\/\/api.w.org\/{rel}","templated":true}]}}