{"id":11123,"date":"2024-10-07T14:46:45","date_gmt":"2024-10-07T11:46:45","guid":{"rendered":"https:\/\/ceoparts.com\/?post_type=product&#038;p=11123"},"modified":"2026-05-16T13:29:18","modified_gmt":"2026-05-16T10:29:18","slug":"230x70-45-yuruyus-tekeri-7535733-7535735","status":"publish","type":"product","link":"https:\/\/ceoparts.com\/de\/urun\/230x70-45-yuruyus-tekeri-7535733-7535735\/","title":{"rendered":"230&#215;70-45 Wicke Senkkopf &#8211; 7535733 -7535735"},"content":{"rendered":"<p>230&#215;70-45 Wicke Senkkopf &#8211; 7535733 -7535735<\/p>\n<p>BT 7535733 7535734 7535735<\/p>\n<p>BT TOYOTA LPE 200\/220\/250<\/p>","protected":false},"excerpt":{"rendered":"<p data-start=\"0\" data-end=\"473\"><br data-start=\"1658\" data-end=\"1661\" \/>230\u00d770-45 Wicke Versenkte Laufrolle wurde f\u00fcr Gabelstapler und industrielle Transportfahrzeuge entwickelt, um hohe Leistung und lange Lebensdauer zu gew\u00e4hrleisten. Mit einem Durchmesser von 230 mm, einer Breite von 70 mm und einer Lagergr\u00f6\u00dfe von 45 mm bietet dieses Modell dank seiner versenkten Innenkonstruktion eine einfache Montage und stabile Lagerung. Die spezielle Polyurethanbeschichtung von Wicke sorgt f\u00fcr hervorragenden Grip und verhindert ein Abrutschen. Hohe Abriebfestigkeit und Verformungsbest\u00e4ndigkeit unter schwerer Last.<\/p>\n<p data-start=\"2201\" data-end=\"2566\"><strong data-start=\"2201\" data-end=\"2219\">Eigenschaften:<\/strong><br data-start=\"2219\" data-end=\"2222\" \/><strong data-start=\"2222\" data-end=\"2238\">Produktname:<\/strong> 230\u00d770-45 Wicke Versenkte Laufrolle<br data-start=\"2274\" data-end=\"2277\" \/><strong data-start=\"2277\" data-end=\"2293\">Teilenummer:<\/strong> 7535733, 7535735<br data-start=\"2310\" data-end=\"2313\" \/><strong data-start=\"2313\" data-end=\"2326\">Material:<\/strong> Polyurethanbeschichtung, Stahlk\u00f6rper<br data-start=\"2363\" data-end=\"2366\" \/><strong data-start=\"2366\" data-end=\"2385\">Einsatzbereich:<\/strong> Laufrolle f\u00fcr Gabelstapler und industrielle Transportfahrzeuge<br data-start=\"2448\" data-end=\"2451\" \/><strong data-start=\"2451\" data-end=\"2463\">Vorteil:<\/strong> Versenkte Bauweise, hohe Abriebfestigkeit, rutschfeste Oberfl\u00e4che und formstabil bei hoher Belastung<\/p>\n<p data-start=\"2568\" data-end=\"3039\">\n","protected":false},"featured_media":12033,"template":"","meta":[],"product_brand":[],"product_cat":[251,254,404,521,529,193],"product_tag":[],"class_list":{"0":"post-11123","1":"product","2":"type-product","3":"status-publish","4":"has-post-thumbnail","6":"product_cat-bt","7":"product_cat-yuruyus-tekeri-bt","8":"product_cat-yuruyus-tekeri-wicke","9":"product_cat-toyota","10":"product_cat-yuruyus-tekeri-toyota","11":"product_cat-yuruyus-tekeri","13":"first","14":"instock","15":"taxable","16":"shipping-taxable","17":"purchasable","18":"product-type-simple"},"_links":{"self":[{"href":"https:\/\/ceoparts.com\/de\/wp-json\/wp\/v2\/product\/11123","targetHints":{"allow":["GET"]}}],"collection":[{"href":"https:\/\/ceoparts.com\/de\/wp-json\/wp\/v2\/product"}],"about":[{"href":"https:\/\/ceoparts.com\/de\/wp-json\/wp\/v2\/types\/product"}],"wp:featuredmedia":[{"embeddable":true,"href":"https:\/\/ceoparts.com\/de\/wp-json\/wp\/v2\/media\/12033"}],"wp:attachment":[{"href":"https:\/\/ceoparts.com\/de\/wp-json\/wp\/v2\/media?parent=11123"}],"wp:term":[{"taxonomy":"product_brand","embeddable":true,"href":"https:\/\/ceoparts.com\/de\/wp-json\/wp\/v2\/product_brand?post=11123"},{"taxonomy":"product_cat","embeddable":true,"href":"https:\/\/ceoparts.com\/de\/wp-json\/wp\/v2\/product_cat?post=11123"},{"taxonomy":"product_tag","embeddable":true,"href":"https:\/\/ceoparts.com\/de\/wp-json\/wp\/v2\/product_tag?post=11123"}],"curies":[{"name":"wp","href":"https:\/\/api.w.org\/{rel}","templated":true}]}}