{"id":11133,"date":"2024-10-07T15:38:16","date_gmt":"2024-10-07T12:38:16","guid":{"rendered":"https:\/\/ceoparts.com\/?post_type=product&#038;p=11133"},"modified":"2026-05-16T07:18:27","modified_gmt":"2026-05-16T04:18:27","slug":"230x70-45-wicke-kaydirmaz-yuruyus-tekeri","status":"publish","type":"product","link":"https:\/\/ceoparts.com\/de\/urun\/230x70-45-wicke-kaydirmaz-yuruyus-tekeri\/","title":{"rendered":"230&#215;70-45 Wicke Non-slip Laufrolle -7535733 , 7535735"},"content":{"rendered":"<p>230&#215;70-45 Wicke Non-slip Laufrolle -7535733 , 7535735<\/p>\n<p>BT 7535733 7535734 7535735<\/p>\n<p>BT TOYOTA LPE 200\/220\/250<\/p>","protected":false},"excerpt":{"rendered":"<p data-start=\"0\" data-end=\"424\"><br data-start=\"1518\" data-end=\"1521\" \/>230\u00d770-45 Wicke Rutschfeste Laufrolle wurde f\u00fcr Gabelstapler und industrielle Transportfahrzeuge entwickelt, um sicheren und stabilen Betrieb zu gew\u00e4hrleisten. Mit einem Durchmesser von 230 mm, einer Breite von 70 mm und einer Lagergr\u00f6\u00dfe von 45 mm bietet dieses Modell dank rutschfester Oberfl\u00e4che hervorragenden Grip und verhindert ein Abrutschen. Die hochwertige Polyurethanbeschichtung von Wicke sorgt f\u00fcr hohe Abriebfestigkeit und Best\u00e4ndigkeit gegen Verformung unter schwerer Last.<\/p>\n<p data-start=\"2009\" data-end=\"2364\"><strong data-start=\"2009\" data-end=\"2027\">Eigenschaften:<\/strong><br data-start=\"2027\" data-end=\"2030\" \/><strong data-start=\"2030\" data-end=\"2046\">Produktname:<\/strong> 230\u00d770-45 Wicke Rutschfeste Laufrolle<br data-start=\"2084\" data-end=\"2087\" \/><strong data-start=\"2087\" data-end=\"2103\">Teilenummer:<\/strong> 7535733, 7535735<br data-start=\"2120\" data-end=\"2123\" \/><strong data-start=\"2123\" data-end=\"2136\">Material:<\/strong> Polyurethanbeschichtung, Stahlk\u00f6rper<br data-start=\"2173\" data-end=\"2176\" \/><strong data-start=\"2176\" data-end=\"2195\">Einsatzbereich:<\/strong> Laufrolle f\u00fcr Gabelstapler und industrielle Transportfahrzeuge<br data-start=\"2258\" data-end=\"2261\" \/><strong data-start=\"2261\" data-end=\"2273\">Vorteil:<\/strong> Rutschfeste Oberfl\u00e4che, hohe Abriebfestigkeit, schwere Lastbest\u00e4ndigkeit und leiser Lauf<\/p>\n<p data-start=\"2366\" data-end=\"2789\">\n","protected":false},"featured_media":11138,"template":"","meta":[],"product_brand":[],"product_cat":[251,254,404,521,529,193],"product_tag":[],"class_list":{"0":"post-11133","1":"product","2":"type-product","3":"status-publish","4":"has-post-thumbnail","6":"product_cat-bt","7":"product_cat-yuruyus-tekeri-bt","8":"product_cat-yuruyus-tekeri-wicke","9":"product_cat-toyota","10":"product_cat-yuruyus-tekeri-toyota","11":"product_cat-yuruyus-tekeri","13":"first","14":"instock","15":"taxable","16":"shipping-taxable","17":"purchasable","18":"product-type-simple"},"_links":{"self":[{"href":"https:\/\/ceoparts.com\/de\/wp-json\/wp\/v2\/product\/11133","targetHints":{"allow":["GET"]}}],"collection":[{"href":"https:\/\/ceoparts.com\/de\/wp-json\/wp\/v2\/product"}],"about":[{"href":"https:\/\/ceoparts.com\/de\/wp-json\/wp\/v2\/types\/product"}],"wp:featuredmedia":[{"embeddable":true,"href":"https:\/\/ceoparts.com\/de\/wp-json\/wp\/v2\/media\/11138"}],"wp:attachment":[{"href":"https:\/\/ceoparts.com\/de\/wp-json\/wp\/v2\/media?parent=11133"}],"wp:term":[{"taxonomy":"product_brand","embeddable":true,"href":"https:\/\/ceoparts.com\/de\/wp-json\/wp\/v2\/product_brand?post=11133"},{"taxonomy":"product_cat","embeddable":true,"href":"https:\/\/ceoparts.com\/de\/wp-json\/wp\/v2\/product_cat?post=11133"},{"taxonomy":"product_tag","embeddable":true,"href":"https:\/\/ceoparts.com\/de\/wp-json\/wp\/v2\/product_tag?post=11133"}],"curies":[{"name":"wp","href":"https:\/\/api.w.org\/{rel}","templated":true}]}}