{"id":11155,"date":"2024-10-08T15:50:17","date_gmt":"2024-10-08T12:50:17","guid":{"rendered":"https:\/\/ceoparts.com\/?post_type=product&#038;p=11155"},"modified":"2026-05-16T21:14:56","modified_gmt":"2026-05-16T18:14:56","slug":"125x50-54-20-wicke-denge-tekeri-156259","status":"publish","type":"product","link":"https:\/\/ceoparts.com\/de\/urun\/125x50-54-20-wicke-denge-tekeri-156259\/","title":{"rendered":"125&#215;50\/54-20 Wicke Ausgleichsrad -156259"},"content":{"rendered":"<p>125&#215;50\/54-20 Wicke Ausgleichsrad -156259<\/p>\n<p><\/p>\n<p>MO 15<\/p>\n<p>PPO 1500MX<\/p>\n<p>MPH 16<br \/>\nMPL 10<br \/>\nMPL 12<br \/>\nMPL 12 F<br \/>\nMPL 16D<\/p>\n<p>PPH 1600 MX<\/p>\n<p>PPS 1000 MX<br \/>\nPPS 1200 MX<br \/>\nPPS 1200MXF<br \/>\nPPS 1600 MXD<\/p>\n<p>S12 F<br \/>\nS16 D<\/p>\n<p>SWE 080 L<br \/>\nSWE100 STAXIO<br \/>\nSWE 120 IKEA<br \/>\nSWE 120 STAXIO<br \/>\nSWE 120 L<br \/>\nSWE 120 LIKEA<br \/>\nSWE 140 STAXIO<br \/>\nSWE 140 L STAXIO<br \/>\nSWE 160 D IKEA<br \/>\nSWE 160D<br \/>\nSWE 200 D IKEA<br \/>\nSWE 200 D<\/p>\n<p>LWE 140 LEVIO<br \/>\nLWE 160LEVIO<br \/>\nLWE 180<br \/>\nLWE 180 LEVIO<br \/>\nLWE 200<br \/>\nLWE 200 N<br \/>\nLWE 250LEVIO<\/p>\n<p>MP 14 C<br \/>\nMP 14<br \/>\nMP 16<br \/>\nMP 20<br \/>\nMP 20L<\/p>\n<p>PPL 2000 MX<\/p>\n<p>PPT 1400 C<br \/>\nPPT 1400 MX<br \/>\nPPT 1400MXC<br \/>\nPPT 1600 MX<br \/>\nPPT 1800 MMD<br \/>\nPPT 2000 MX<br \/>\nPPT 2000MMD<\/p>\n<p>W18 ORION<br \/>\nW20 ORION<br \/>\nW20 N<\/p>","protected":false},"excerpt":{"rendered":"<p data-start=\"0\" data-end=\"415\"><br data-start=\"1434\" data-end=\"1437\" \/>125\u00d750\/54-20 Wicke Lastrolle ist eine langlebige und hochwertige Lastrolle f\u00fcr Gabelstapler und Hubger\u00e4te. Mit einem Durchmesser von 125 mm, einer Breite von 50 mm und einem Lagerma\u00df von 54 mm verbessert dieses Modell die Man\u00f6vrierf\u00e4higkeit auf engem Raum und sorgt gleichzeitig f\u00fcr Stabilit\u00e4t und sicheren Betrieb. Die hochwertige Polyurethanbeschichtung von Wicke bietet eine lange Lebensdauer und hervorragende Abriebfestigkeit.<\/p>\n<p data-start=\"1870\" data-end=\"2182\"><strong data-start=\"1870\" data-end=\"1888\">Eigenschaften:<\/strong><br data-start=\"1888\" data-end=\"1891\" \/><strong data-start=\"1891\" data-end=\"1907\">Produktname:<\/strong> 125\u00d750\/54-20 Wicke Lastrolle<br data-start=\"1936\" data-end=\"1939\" \/><strong data-start=\"1939\" data-end=\"1955\">Teilenummer:<\/strong> 156259<br data-start=\"1962\" data-end=\"1965\" \/><strong data-start=\"1965\" data-end=\"1978\">Material:<\/strong> Polyurethanbeschichtung, Stahlk\u00f6rper<br data-start=\"2015\" data-end=\"2018\" \/><strong data-start=\"2018\" data-end=\"2037\">Einsatzbereich:<\/strong> Lastrolle f\u00fcr Gabelstapler und Hubger\u00e4te<br data-start=\"2078\" data-end=\"2081\" \/><strong data-start=\"2081\" data-end=\"2093\">Vorteil:<\/strong> Hohe Abriebfestigkeit, ger\u00e4uscharmer Betrieb, ausgezeichnete Wendigkeit auf engem Raum<\/p>\n<p data-start=\"2184\" data-end=\"2581\">\n","protected":false},"featured_media":12047,"template":"","meta":[],"product_brand":[],"product_cat":[403,185],"product_tag":[],"class_list":{"0":"post-11155","1":"product","2":"type-product","3":"status-publish","4":"has-post-thumbnail","6":"product_cat-denge-tekeri-wicke","7":"product_cat-denge-tekeri","9":"first","10":"instock","11":"taxable","12":"shipping-taxable","13":"purchasable","14":"product-type-simple"},"_links":{"self":[{"href":"https:\/\/ceoparts.com\/de\/wp-json\/wp\/v2\/product\/11155","targetHints":{"allow":["GET"]}}],"collection":[{"href":"https:\/\/ceoparts.com\/de\/wp-json\/wp\/v2\/product"}],"about":[{"href":"https:\/\/ceoparts.com\/de\/wp-json\/wp\/v2\/types\/product"}],"wp:featuredmedia":[{"embeddable":true,"href":"https:\/\/ceoparts.com\/de\/wp-json\/wp\/v2\/media\/12047"}],"wp:attachment":[{"href":"https:\/\/ceoparts.com\/de\/wp-json\/wp\/v2\/media?parent=11155"}],"wp:term":[{"taxonomy":"product_brand","embeddable":true,"href":"https:\/\/ceoparts.com\/de\/wp-json\/wp\/v2\/product_brand?post=11155"},{"taxonomy":"product_cat","embeddable":true,"href":"https:\/\/ceoparts.com\/de\/wp-json\/wp\/v2\/product_cat?post=11155"},{"taxonomy":"product_tag","embeddable":true,"href":"https:\/\/ceoparts.com\/de\/wp-json\/wp\/v2\/product_tag?post=11155"}],"curies":[{"name":"wp","href":"https:\/\/api.w.org\/{rel}","templated":true}]}}