{"id":11192,"date":"2024-10-09T14:18:50","date_gmt":"2024-10-09T11:18:50","guid":{"rendered":"https:\/\/ceoparts.com\/?post_type=product&#038;p=11192"},"modified":"2026-05-17T17:05:14","modified_gmt":"2026-05-17T14:05:14","slug":"230x70-45-wicke-gri-yuruyus-tekeri","status":"publish","type":"product","link":"https:\/\/ceoparts.com\/de\/urun\/230x70-45-wicke-gri-yuruyus-tekeri\/","title":{"rendered":"230&#215;75-45 Wicke Grau Laufrolle &#8211; 39902358"},"content":{"rendered":"<p>230&#215;75-45 Wicke Grau Laufrolle &#8211; 39902358<\/p>\n<p>50014505505, 50014505506, 0009903820, 0009930820, 0039902348, 0039902353, 0039902358<\/p>\n<p>&nbsp;<\/p>\n<table border=\"0\" frame=\"void\" rules=\"none\" cellspacing=\"0\">\n<colgroup>\n<col width=\"98\" \/>\n<col width=\"156\" \/><\/colgroup>\n<tbody>\n<tr>\n<td align=\"left\" width=\"98\" height=\"17\">1151<\/td>\n<td align=\"left\" width=\"156\">T16\/T16P\/T20\/T20P<\/td>\n<\/tr>\n<tr>\n<td align=\"left\" height=\"17\">1152<\/td>\n<td align=\"left\">T16\/T18\/T20\/T16L<\/td>\n<\/tr>\n<tr>\n<td align=\"left\" height=\"17\">1169<\/td>\n<td align=\"left\">L10\/L12<\/td>\n<\/tr>\n<tr>\n<td align=\"left\" height=\"17\">1172<\/td>\n<td align=\"left\">L10\/L12\/L12i<\/td>\n<\/tr>\n<\/tbody>\n<\/table>\n<p>1160\u00a0\u00a0\u00a0\u00a0\u00a0\u00a0\u00a0\u00a0\u00a0\u00a0\u00a0\u00a0\u00a0\u00a0\u00a0\u00a0\u00a0DO6\/D08<\/p>","protected":false},"excerpt":{"rendered":"<p data-start=\"0\" data-end=\"348\"><br data-start=\"1319\" data-end=\"1322\" \/>230\u00d775-45 Wicke graue Laufrolle ist eine langlebige und hochwertige Laufrolle, die f\u00fcr Gabelstapler und industrielle Transportfahrzeuge entwickelt wurde. Mit einem Durchmesser von 230 mm, einer Breite von 75 mm und einem Lagerma\u00df von 45 mm verf\u00fcgt dieses Produkt \u00fcber eine graue Gummibeschichtung von Wicke, die f\u00fcr eine stabile und sichere Fahrt sorgt. Es bietet eine hohe Abriebfestigkeit unter schwierigen Arbeitsbedingungen.<\/p>\n<p data-start=\"1752\" data-end=\"2083\"><strong data-start=\"1752\" data-end=\"1770\">Eigenschaften:<\/strong><br data-start=\"1770\" data-end=\"1773\" \/><strong data-start=\"1773\" data-end=\"1789\">Produktname:<\/strong> 230\u00d775-45 Wicke graue Laufrolle<br data-start=\"1821\" data-end=\"1824\" \/><strong data-start=\"1824\" data-end=\"1840\">Teilenummer:<\/strong> 39902358<br data-start=\"1849\" data-end=\"1852\" \/><strong data-start=\"1852\" data-end=\"1865\">Material:<\/strong> Graue Gummibeschichtung, stabiler Metallk\u00f6rper<br data-start=\"1912\" data-end=\"1915\" \/><strong data-start=\"1915\" data-end=\"1934\">Einsatzbereich:<\/strong> Laufrolle f\u00fcr Gabelstapler und industrielle Transportfahrzeuge<br data-start=\"1997\" data-end=\"2000\" \/><strong data-start=\"2000\" data-end=\"2012\">Vorteil:<\/strong> Hohe Abriebfestigkeit, langlebige Konstruktion und lange Lebensdauer<\/p>\n<p data-start=\"2085\" data-end=\"2454\">\n","protected":false},"featured_media":11193,"template":"","meta":[],"product_brand":[],"product_cat":[404,193],"product_tag":[],"class_list":{"0":"post-11192","1":"product","2":"type-product","3":"status-publish","4":"has-post-thumbnail","6":"product_cat-yuruyus-tekeri-wicke","7":"product_cat-yuruyus-tekeri","9":"first","10":"instock","11":"taxable","12":"shipping-taxable","13":"purchasable","14":"product-type-simple"},"_links":{"self":[{"href":"https:\/\/ceoparts.com\/de\/wp-json\/wp\/v2\/product\/11192","targetHints":{"allow":["GET"]}}],"collection":[{"href":"https:\/\/ceoparts.com\/de\/wp-json\/wp\/v2\/product"}],"about":[{"href":"https:\/\/ceoparts.com\/de\/wp-json\/wp\/v2\/types\/product"}],"wp:featuredmedia":[{"embeddable":true,"href":"https:\/\/ceoparts.com\/de\/wp-json\/wp\/v2\/media\/11193"}],"wp:attachment":[{"href":"https:\/\/ceoparts.com\/de\/wp-json\/wp\/v2\/media?parent=11192"}],"wp:term":[{"taxonomy":"product_brand","embeddable":true,"href":"https:\/\/ceoparts.com\/de\/wp-json\/wp\/v2\/product_brand?post=11192"},{"taxonomy":"product_cat","embeddable":true,"href":"https:\/\/ceoparts.com\/de\/wp-json\/wp\/v2\/product_cat?post=11192"},{"taxonomy":"product_tag","embeddable":true,"href":"https:\/\/ceoparts.com\/de\/wp-json\/wp\/v2\/product_tag?post=11192"}],"curies":[{"name":"wp","href":"https:\/\/api.w.org\/{rel}","templated":true}]}}