{"id":11222,"date":"2024-10-09T16:33:16","date_gmt":"2024-10-09T13:33:16","guid":{"rendered":"https:\/\/ceoparts.com\/?post_type=product&#038;p=11222"},"modified":"2026-05-16T15:26:28","modified_gmt":"2026-05-16T12:26:28","slug":"230x75-45-msl-kanalli-yuruyus-tekeri","status":"publish","type":"product","link":"https:\/\/ceoparts.com\/de\/urun\/230x75-45-msl-kanalli-yuruyus-tekeri\/","title":{"rendered":"230&#215;75-80  MSL Gekerbt Laufrolle &#8211; 4494268, 0009903807"},"content":{"rendered":"<p>230&#215;75-80  MSL Gekerbt Laufrolle &#8211; 4494268, 0009903807<\/p>\n<p><span class=\"short_text\" lang=\"en\"><span class=\"hps\" title=\"Kliknij, aby wy\u015bwietli\u0107 alternatywne t\u0142umaczenia\"><span style=\"font-family: tim;\">EGV-S 330221\/330222<br \/>\nEGV-S LB 330229\/330230<\/span><\/span><\/span><\/p>\n<p>YALE<\/p>\n<p>HYSTER<\/p>\n<p>OM PIMESPO, BR VESTERGAARD<\/p>\n<p>0009903807, 8494268, 4494268, 95309172, 50983508934, 129TA9068<\/p>","protected":false},"excerpt":{"rendered":"<p data-start=\"0\" data-end=\"395\"><br data-start=\"1436\" data-end=\"1439\" \/>230\u00d775-80 MSL gerillte Laufrolle ist eine hochwertige, langlebige und gerillte Laufrolle, die in Gabelstaplern und industriellen Transportfahrzeugen verwendet wird. Mit einem Durchmesser von 230 mm, einer Breite von 75 mm und einem Lagerma\u00df von 80 mm bietet dieses Produkt der Marke MSL unter schwierigen Arbeitsbedingungen hervorragenden Grip und lange Lebensdauer. Das gerillte Design verhindert das Rutschen und sorgt f\u00fcr stabile Fahreigenschaften.<\/p>\n<p data-start=\"1892\" data-end=\"2234\"><strong data-start=\"1892\" data-end=\"1910\">Eigenschaften:<\/strong><br data-start=\"1910\" data-end=\"1913\" \/><strong data-start=\"1913\" data-end=\"1929\">Produktname:<\/strong> 230\u00d775-80 MSL gerillte Laufrolle<br data-start=\"1962\" data-end=\"1965\" \/><strong data-start=\"1965\" data-end=\"1981\">Teilenummer:<\/strong> 4494268, 0009903807<br data-start=\"2001\" data-end=\"2004\" \/><strong data-start=\"2004\" data-end=\"2017\">Material:<\/strong> Gerillte Gummibeschichtung, stabiler Metallk\u00f6rper<br data-start=\"2067\" data-end=\"2070\" \/><strong data-start=\"2070\" data-end=\"2089\">Einsatzbereich:<\/strong> Laufrolle f\u00fcr Gabelstapler und industrielle Transportfahrzeuge<br data-start=\"2152\" data-end=\"2155\" \/><strong data-start=\"2155\" data-end=\"2167\">Vorteil:<\/strong> Gerillte Oberfl\u00e4che, hohe Abriebfestigkeit und lange Lebensdauer<\/p>\n<p data-start=\"2236\" data-end=\"2633\">\n","protected":false},"featured_media":11223,"template":"","meta":[],"product_brand":[],"product_cat":[251,254,256,260,395,397,193],"product_tag":[],"class_list":{"0":"post-11222","1":"product","2":"type-product","3":"status-publish","4":"has-post-thumbnail","6":"product_cat-bt","7":"product_cat-yuruyus-tekeri-bt","8":"product_cat-hyster","9":"product_cat-yuruyus-tekeri-hyster","10":"product_cat-ceoparts","11":"product_cat-yuruyus-tekeri-ceo","12":"product_cat-yuruyus-tekeri","14":"first","15":"instock","16":"taxable","17":"shipping-taxable","18":"purchasable","19":"product-type-simple"},"_links":{"self":[{"href":"https:\/\/ceoparts.com\/de\/wp-json\/wp\/v2\/product\/11222","targetHints":{"allow":["GET"]}}],"collection":[{"href":"https:\/\/ceoparts.com\/de\/wp-json\/wp\/v2\/product"}],"about":[{"href":"https:\/\/ceoparts.com\/de\/wp-json\/wp\/v2\/types\/product"}],"wp:featuredmedia":[{"embeddable":true,"href":"https:\/\/ceoparts.com\/de\/wp-json\/wp\/v2\/media\/11223"}],"wp:attachment":[{"href":"https:\/\/ceoparts.com\/de\/wp-json\/wp\/v2\/media?parent=11222"}],"wp:term":[{"taxonomy":"product_brand","embeddable":true,"href":"https:\/\/ceoparts.com\/de\/wp-json\/wp\/v2\/product_brand?post=11222"},{"taxonomy":"product_cat","embeddable":true,"href":"https:\/\/ceoparts.com\/de\/wp-json\/wp\/v2\/product_cat?post=11222"},{"taxonomy":"product_tag","embeddable":true,"href":"https:\/\/ceoparts.com\/de\/wp-json\/wp\/v2\/product_tag?post=11222"}],"curies":[{"name":"wp","href":"https:\/\/api.w.org\/{rel}","templated":true}]}}