{"id":11285,"date":"2024-10-10T14:59:04","date_gmt":"2024-10-10T11:59:04","guid":{"rendered":"https:\/\/ceoparts.com\/?post_type=product&#038;p=11285"},"modified":"2026-05-16T14:32:51","modified_gmt":"2026-05-16T11:32:51","slug":"250x100-80-stellana-vulkolan-yuruyus-tekeri","status":"publish","type":"product","link":"https:\/\/ceoparts.com\/de\/urun\/250x100-80-stellana-vulkolan-yuruyus-tekeri\/","title":{"rendered":"250&#215;100-80 Stellana Vulkollan Laufrolle &#8211; 0009903813, 4493241"},"content":{"rendered":"<p>250&#215;100-80 Stellana Vulkollan Laufrolle &#8211; 0009903813, 4493241<\/p>\n<p>CS 10M\/711041\/06-06<br \/>\nCS 16S\/711042\/06-06<br \/>\nCS 20\/711040\/06-06<br \/>\nCS 30Z\/711043\/06-06<br \/>\nCX-T\/711050\/01-08<br \/>\nCX20\/711044\/01-07<br \/>\nCXM 10\/711045\/01-07<br \/>\nCXS 16\/711046\/01-07<br \/>\nCXZ 30\/711047\/01-07<br \/>\nEXD S20\/710249\/01-07<br \/>\nEXU-S\/710148-710149\/01-07<\/p>","protected":false},"excerpt":{"rendered":"<p data-start=\"0\" data-end=\"419\"><br data-start=\"1506\" data-end=\"1509\" \/>250\u00d7100-80 Stellana Vulkollan Laufrolle ist eine langlebige und leistungsstarke Laufrolle, die speziell f\u00fcr Gabelstapler und industrielle Transportfahrzeuge entwickelt wurde. Mit einem Durchmesser von 250 mm, einer Breite von 100 mm und einem Lagerma\u00df von 80 mm bietet das Vulkollan-Material hohe Abriebfestigkeit, Sto\u00dfd\u00e4mpfung und lange Lebensdauer. Dies gew\u00e4hrleistet einen leisen und stabilen Betrieb unter harten Arbeitsbedingungen.<\/p>\n<p data-start=\"1947\" data-end=\"2301\"><strong data-start=\"1947\" data-end=\"1965\">Eigenschaften:<\/strong><br data-start=\"1965\" data-end=\"1968\" \/><strong data-start=\"1968\" data-end=\"1984\">Produktname:<\/strong> 250\u00d7100-80 Stellana Vulkollan Laufrolle<br data-start=\"2024\" data-end=\"2027\" \/><strong data-start=\"2027\" data-end=\"2043\">Teilenummer:<\/strong> 0009903813, 4493241<br data-start=\"2063\" data-end=\"2066\" \/><strong data-start=\"2066\" data-end=\"2079\">Material:<\/strong> Vulkollan-Beschichtung, stabiler Metallk\u00f6rper<br data-start=\"2125\" data-end=\"2128\" \/><strong data-start=\"2128\" data-end=\"2147\">Einsatzbereich:<\/strong> Laufrolle f\u00fcr Gabelstapler und industrielle Transportfahrzeuge<br data-start=\"2210\" data-end=\"2213\" \/><strong data-start=\"2213\" data-end=\"2225\">Vorteil:<\/strong> Hohe Abriebfestigkeit, Sto\u00dfd\u00e4mpfung, lange Lebensdauer und leiser Betrieb<\/p>\n<p data-start=\"2303\" data-end=\"2685\">\n","protected":false},"featured_media":11289,"template":"","meta":[],"product_brand":[],"product_cat":[416,418,193],"product_tag":[],"class_list":{"0":"post-11285","1":"product","2":"type-product","3":"status-publish","4":"has-post-thumbnail","6":"product_cat-stellana","7":"product_cat-yuruyus-tekeri-stellana","8":"product_cat-yuruyus-tekeri","10":"first","11":"instock","12":"taxable","13":"shipping-taxable","14":"purchasable","15":"product-type-simple"},"_links":{"self":[{"href":"https:\/\/ceoparts.com\/de\/wp-json\/wp\/v2\/product\/11285","targetHints":{"allow":["GET"]}}],"collection":[{"href":"https:\/\/ceoparts.com\/de\/wp-json\/wp\/v2\/product"}],"about":[{"href":"https:\/\/ceoparts.com\/de\/wp-json\/wp\/v2\/types\/product"}],"wp:featuredmedia":[{"embeddable":true,"href":"https:\/\/ceoparts.com\/de\/wp-json\/wp\/v2\/media\/11289"}],"wp:attachment":[{"href":"https:\/\/ceoparts.com\/de\/wp-json\/wp\/v2\/media?parent=11285"}],"wp:term":[{"taxonomy":"product_brand","embeddable":true,"href":"https:\/\/ceoparts.com\/de\/wp-json\/wp\/v2\/product_brand?post=11285"},{"taxonomy":"product_cat","embeddable":true,"href":"https:\/\/ceoparts.com\/de\/wp-json\/wp\/v2\/product_cat?post=11285"},{"taxonomy":"product_tag","embeddable":true,"href":"https:\/\/ceoparts.com\/de\/wp-json\/wp\/v2\/product_tag?post=11285"}],"curies":[{"name":"wp","href":"https:\/\/api.w.org\/{rel}","templated":true}]}}