{"id":11290,"date":"2024-10-10T15:06:14","date_gmt":"2024-10-10T12:06:14","guid":{"rendered":"https:\/\/ceoparts.com\/?post_type=product&#038;p=11290"},"modified":"2026-05-16T20:21:15","modified_gmt":"2026-05-16T17:21:15","slug":"250x100-80-wicke-kanalli-yuruyus-tekeri","status":"publish","type":"product","link":"https:\/\/ceoparts.com\/de\/urun\/250x100-80-wicke-kanalli-yuruyus-tekeri\/","title":{"rendered":"250&#215;100-80 Wicke Gekerbt Laufrolle &#8211; 0009903813, 4493241"},"content":{"rendered":"<p>250&#215;100-80 Wicke Gekerbt Laufrolle &#8211; 0009903813, 4493241<\/p>\n<p>CS 10M\/711041\/06-06<br \/>\nCS 16S\/711042\/06-06<br \/>\nCS 20\/711040\/06-06<br \/>\nCS 30Z\/711043\/06-06<br \/>\nCX-T\/711050\/01-08<br \/>\nCX20\/711044\/01-07<br \/>\nCXM 10\/711045\/01-07<br \/>\nCXS 16\/711046\/01-07<br \/>\nCXZ 30\/711047\/01-07<br \/>\nEXD S20\/710249\/01-07<br \/>\nEXU-S\/710148-710149\/01-07<\/p>","protected":false},"excerpt":{"rendered":"<p data-start=\"0\" data-end=\"425\"><br data-start=\"1615\" data-end=\"1618\" \/>250\u00d7100-80 Wicke gerillte Laufrolle ist eine langlebige und leistungsstarke Laufrolle, die in Gabelstaplern und industriellen Transportfahrzeugen eingesetzt wird. Mit einem Durchmesser von 250 mm, einer Breite von 100 mm und einem Lagerma\u00df von 80 mm bietet dieses Produkt aufgrund hochwertiger Materialien und gerillter Oberfl\u00e4che von Wicke \u00fcberlegenen Grip und Traktion. Hohe Abriebfestigkeit und robuste Bauweise sorgen f\u00fcr langlebigen und leisen Betrieb unter schwierigen Arbeitsbedingungen.<\/p>\n<p data-start=\"2114\" data-end=\"2505\"><strong data-start=\"2114\" data-end=\"2132\">Eigenschaften:<\/strong><br data-start=\"2132\" data-end=\"2135\" \/><strong data-start=\"2135\" data-end=\"2151\">Produktname:<\/strong> 250\u00d7100-80 Wicke gerillte Laufrolle<br data-start=\"2187\" data-end=\"2190\" \/><strong data-start=\"2190\" data-end=\"2206\">Teilenummer:<\/strong> 0009903813, 4493241<br data-start=\"2226\" data-end=\"2229\" \/><strong data-start=\"2229\" data-end=\"2242\">Material:<\/strong> Hochwertige Gummibeschichtung und stabiler Metallk\u00f6rper<br data-start=\"2298\" data-end=\"2301\" \/><strong data-start=\"2301\" data-end=\"2320\">Einsatzbereich:<\/strong> Laufrolle f\u00fcr Gabelstapler und industrielle Transportfahrzeuge<br data-start=\"2383\" data-end=\"2386\" \/><strong data-start=\"2386\" data-end=\"2398\">Vorteil:<\/strong> Verbesserter Grip durch gerillte Oberfl\u00e4che, hohe Abriebfestigkeit, lange Lebensdauer und leiser Betrieb<\/p>\n<p data-start=\"2507\" data-end=\"2941\">\n","protected":false},"featured_media":11295,"template":"","meta":[],"product_brand":[],"product_cat":[251,254,401,404,193],"product_tag":[],"class_list":{"0":"post-11290","1":"product","2":"type-product","3":"status-publish","4":"has-post-thumbnail","6":"product_cat-bt","7":"product_cat-yuruyus-tekeri-bt","8":"product_cat-wicke","9":"product_cat-yuruyus-tekeri-wicke","10":"product_cat-yuruyus-tekeri","12":"first","13":"instock","14":"taxable","15":"shipping-taxable","16":"purchasable","17":"product-type-simple"},"_links":{"self":[{"href":"https:\/\/ceoparts.com\/de\/wp-json\/wp\/v2\/product\/11290","targetHints":{"allow":["GET"]}}],"collection":[{"href":"https:\/\/ceoparts.com\/de\/wp-json\/wp\/v2\/product"}],"about":[{"href":"https:\/\/ceoparts.com\/de\/wp-json\/wp\/v2\/types\/product"}],"wp:featuredmedia":[{"embeddable":true,"href":"https:\/\/ceoparts.com\/de\/wp-json\/wp\/v2\/media\/11295"}],"wp:attachment":[{"href":"https:\/\/ceoparts.com\/de\/wp-json\/wp\/v2\/media?parent=11290"}],"wp:term":[{"taxonomy":"product_brand","embeddable":true,"href":"https:\/\/ceoparts.com\/de\/wp-json\/wp\/v2\/product_brand?post=11290"},{"taxonomy":"product_cat","embeddable":true,"href":"https:\/\/ceoparts.com\/de\/wp-json\/wp\/v2\/product_cat?post=11290"},{"taxonomy":"product_tag","embeddable":true,"href":"https:\/\/ceoparts.com\/de\/wp-json\/wp\/v2\/product_tag?post=11290"}],"curies":[{"name":"wp","href":"https:\/\/api.w.org\/{rel}","templated":true}]}}