{"id":11304,"date":"2024-10-10T17:27:53","date_gmt":"2024-10-10T14:27:53","guid":{"rendered":"https:\/\/ceoparts.com\/?post_type=product&#038;p=11304"},"modified":"2026-05-16T19:25:50","modified_gmt":"2026-05-16T16:25:50","slug":"254x90-40-msl-kanalli-yuruyus-tekeri-580052985","status":"publish","type":"product","link":"https:\/\/ceoparts.com\/de\/urun\/254x90-40-msl-kanalli-yuruyus-tekeri-580052985\/","title":{"rendered":"254&#215;90-40 MSL Grooved Antriebsr\u00e4der &#8211; 580052985"},"content":{"rendered":"<p>254&#215;90-40 MSL Grooved Antriebsr\u00e4der &#8211; 580052985<\/p>\n<p><\/p>\n<p>580052985<\/p>\n<p>Yale, Hyster 254&#215;90-40 5 SZPILEK<\/p>\n<p>Yale MP20X\/MP20XD<\/p>\n<p>Yale MP20X<\/p>\n<p>Yale MP20 XD<\/p>\n<div class=\"font12\">HYSTER P20S, Yale<\/div>\n<div class=\"font12\">HYSTER P20S NR C439X<\/div>\n<div class=\"font12\">HYSTER LO.2.0, L.O.2.0M\/L<\/div>","protected":false},"excerpt":{"rendered":"<p data-start=\"0\" data-end=\"384\"><br data-start=\"1433\" data-end=\"1436\" \/>254\u00d790-40 MSL gerillte Laufrolle ist eine langlebige, leistungsstarke Laufrolle, die in Gabelstaplern und industriellen Transportfahrzeugen verwendet wird. Sie hat einen Durchmesser von 254 mm, eine Breite von 90 mm und ein Lagerma\u00df von 40 mm. Die gerillte Oberfl\u00e4che sorgt f\u00fcr verbesserten Grip und Traktion. Mit hoher Abriebfestigkeit und robuster Konstruktion bietet sie eine lange Lebensdauer unter harten Arbeitsbedingungen.<\/p>\n<p data-start=\"1867\" data-end=\"2225\"><strong data-start=\"1867\" data-end=\"1885\">Eigenschaften:<\/strong><br data-start=\"1885\" data-end=\"1888\" \/><strong data-start=\"1888\" data-end=\"1904\">Produktname:<\/strong> 254\u00d790-40 MSL gerillte Laufrolle<br data-start=\"1937\" data-end=\"1940\" \/><strong data-start=\"1940\" data-end=\"1956\">Teilenummer:<\/strong> 580052985<br data-start=\"1966\" data-end=\"1969\" \/><strong data-start=\"1969\" data-end=\"1982\">Material:<\/strong> Langlebige Gummibeschichtung und stabiler Metallk\u00f6rper<br data-start=\"2037\" data-end=\"2040\" \/><strong data-start=\"2040\" data-end=\"2059\">Einsatzbereich:<\/strong> Laufrolle f\u00fcr Gabelstapler und industrielle Transportfahrzeuge<br data-start=\"2122\" data-end=\"2125\" \/><strong data-start=\"2125\" data-end=\"2137\">Vorteil:<\/strong> Verbesserter Grip durch gerillte Oberfl\u00e4che, hohe Abriebfestigkeit, lange Lebensdauer<\/p>\n<p data-start=\"2227\" data-end=\"2596\">\n","protected":false},"featured_media":11305,"template":"","meta":[],"product_brand":[],"product_cat":[256,260,395,397,193],"product_tag":[214],"class_list":{"0":"post-11304","1":"product","2":"type-product","3":"status-publish","4":"has-post-thumbnail","6":"product_cat-hyster","7":"product_cat-yuruyus-tekeri-hyster","8":"product_cat-ceoparts","9":"product_cat-yuruyus-tekeri-ceo","10":"product_cat-yuruyus-tekeri","11":"product_tag-yale","13":"first","14":"instock","15":"taxable","16":"shipping-taxable","17":"purchasable","18":"product-type-simple"},"_links":{"self":[{"href":"https:\/\/ceoparts.com\/de\/wp-json\/wp\/v2\/product\/11304","targetHints":{"allow":["GET"]}}],"collection":[{"href":"https:\/\/ceoparts.com\/de\/wp-json\/wp\/v2\/product"}],"about":[{"href":"https:\/\/ceoparts.com\/de\/wp-json\/wp\/v2\/types\/product"}],"wp:featuredmedia":[{"embeddable":true,"href":"https:\/\/ceoparts.com\/de\/wp-json\/wp\/v2\/media\/11305"}],"wp:attachment":[{"href":"https:\/\/ceoparts.com\/de\/wp-json\/wp\/v2\/media?parent=11304"}],"wp:term":[{"taxonomy":"product_brand","embeddable":true,"href":"https:\/\/ceoparts.com\/de\/wp-json\/wp\/v2\/product_brand?post=11304"},{"taxonomy":"product_cat","embeddable":true,"href":"https:\/\/ceoparts.com\/de\/wp-json\/wp\/v2\/product_cat?post=11304"},{"taxonomy":"product_tag","embeddable":true,"href":"https:\/\/ceoparts.com\/de\/wp-json\/wp\/v2\/product_tag?post=11304"}],"curies":[{"name":"wp","href":"https:\/\/api.w.org\/{rel}","templated":true}]}}