{"id":11309,"date":"2024-10-10T17:44:57","date_gmt":"2024-10-10T14:44:57","guid":{"rendered":"https:\/\/ceoparts.com\/?post_type=product&#038;p=11309"},"modified":"2026-05-16T11:55:15","modified_gmt":"2026-05-16T08:55:15","slug":"254x102-80-wicke-yuruyus-tekeri","status":"publish","type":"product","link":"https:\/\/ceoparts.com\/de\/urun\/254x102-80-wicke-yuruyus-tekeri\/","title":{"rendered":"254&#215;102-80 Wicke Antriebsr\u00e4der"},"content":{"rendered":"<p>254&#215;102-80 Wicke Antriebsr\u00e4der<\/p>\n<div class=\"font12\">Linde 0039902311<\/div>\n<div class=\"font12\"><\/div>\n<div class=\"font12\">1110\u00a0V08-01\/V08-02<br \/>\n1111\u00a0N20VI &#8211; N20VLI<br \/>\n1190\u00a0P30C\/P50C<br \/>\n131\u00a0T20AP\/T20SP<br \/>\n131\u00a0T30<br \/>\n131\u00a0L14\/16AS<br \/>\n131\u00a0P50<br \/>\n132\u00a0N20\/N24\/N20L\/N20LI<br \/>\n132\u00a0P30<br \/>\n133\u00a0L12\/L14-L12L\/L14L-L12LHP<br \/>\n139\u00a0L12\/16R<br \/>\n140\u00a0T20R<br \/>\n141\u00a0P30\/50<br \/>\n141\u00a0T20AP<br \/>\n141\u00a0T20\/30<br \/>\n141\u00a0L12L\/L12LP<br \/>\n141\u00a0L16AS<br \/>\n144\u00a0T20S\/T20SF<br \/>\n144\u00a0L12LS\/L20LS<br \/>\n149\u00a0N20\/N25\/N20L\/LI\/LX<br \/>\n149\u00a0N20V-N20VI<br \/>\n149\u00a0P20<br \/>\n365\u00a0L14\/16\/L14AP\/16AP<\/div>\n<div class=\"font12\"><\/div>","protected":false},"excerpt":{"rendered":"<div>\n<p data-start=\"0\" data-end=\"442\"><br data-start=\"1564\" data-end=\"1567\" \/>254\u00d7102-80 Wicke Laufrolle ist eine langlebige und zuverl\u00e4ssige Lastrolle f\u00fcr Gabelstapler und industrielle Transportger\u00e4te. Mit einem Durchmesser von 254 mm, einer Breite von 102 mm und einem Lagerma\u00df von 80 mm bietet dieses Produkt dank hochwertiger Materialien und Fertigungsstandards von Wicke hohe Abriebfestigkeit und lange Lebensdauer. Es sorgt f\u00fcr einen leisen und stabilen Lauf unter harten Arbeitsbedingungen und erh\u00f6ht die Effizienz des Gabelstaplerbetriebs.<\/p>\n<p data-start=\"2038\" data-end=\"2370\"><strong data-start=\"2038\" data-end=\"2056\">Eigenschaften:<\/strong><br data-start=\"2056\" data-end=\"2059\" \/><strong data-start=\"2059\" data-end=\"2075\">Produktname:<\/strong> 254\u00d7102-80 Wicke Laufrolle<br data-start=\"2102\" data-end=\"2105\" \/><strong data-start=\"2105\" data-end=\"2121\">Teilenummer:<\/strong> 0039902311<br data-start=\"2132\" data-end=\"2135\" \/><strong data-start=\"2135\" data-end=\"2148\">Material:<\/strong> Hochwertiger Gummi und robuster Metallk\u00f6rper<br data-start=\"2193\" data-end=\"2196\" \/><strong data-start=\"2196\" data-end=\"2215\">Einsatzbereich:<\/strong> Laufrolle f\u00fcr Gabelstapler und industrielle Transportger\u00e4te<br data-start=\"2275\" data-end=\"2278\" \/><strong data-start=\"2278\" data-end=\"2290\">Vorteil:<\/strong> Hohe Abriebfestigkeit, leiser Betrieb, lange Lebensdauer und stabile Leistung<\/p>\n<p data-start=\"2372\" data-end=\"2794\">\n","protected":false},"featured_media":11310,"template":"","meta":[],"product_brand":[],"product_cat":[404,246,249,401,193],"product_tag":[],"class_list":{"0":"post-11309","1":"product","2":"type-product","3":"status-publish","4":"has-post-thumbnail","6":"product_cat-yuruyus-tekeri-wicke","7":"product_cat-linde","8":"product_cat-yuruyus-tekeri-linde","9":"product_cat-wicke","10":"product_cat-yuruyus-tekeri","12":"first","13":"instock","14":"taxable","15":"shipping-taxable","16":"purchasable","17":"product-type-simple"},"_links":{"self":[{"href":"https:\/\/ceoparts.com\/de\/wp-json\/wp\/v2\/product\/11309","targetHints":{"allow":["GET"]}}],"collection":[{"href":"https:\/\/ceoparts.com\/de\/wp-json\/wp\/v2\/product"}],"about":[{"href":"https:\/\/ceoparts.com\/de\/wp-json\/wp\/v2\/types\/product"}],"wp:featuredmedia":[{"embeddable":true,"href":"https:\/\/ceoparts.com\/de\/wp-json\/wp\/v2\/media\/11310"}],"wp:attachment":[{"href":"https:\/\/ceoparts.com\/de\/wp-json\/wp\/v2\/media?parent=11309"}],"wp:term":[{"taxonomy":"product_brand","embeddable":true,"href":"https:\/\/ceoparts.com\/de\/wp-json\/wp\/v2\/product_brand?post=11309"},{"taxonomy":"product_cat","embeddable":true,"href":"https:\/\/ceoparts.com\/de\/wp-json\/wp\/v2\/product_cat?post=11309"},{"taxonomy":"product_tag","embeddable":true,"href":"https:\/\/ceoparts.com\/de\/wp-json\/wp\/v2\/product_tag?post=11309"}],"curies":[{"name":"wp","href":"https:\/\/api.w.org\/{rel}","templated":true}]}}