{"id":11338,"date":"2024-10-11T11:10:15","date_gmt":"2024-10-11T08:10:15","guid":{"rendered":"https:\/\/ceoparts.com\/?post_type=product&#038;p=11338"},"modified":"2026-05-16T14:56:02","modified_gmt":"2026-05-16T11:56:02","slug":"350x140-90-vulkoprin-vulkolan-havsali-yuruyus-tekeri-7594123","status":"publish","type":"product","link":"https:\/\/ceoparts.com\/de\/urun\/350x140-90-vulkoprin-vulkolan-havsali-yuruyus-tekeri-7594123\/","title":{"rendered":"350&#215;140-90 Vulkoprin Vulkollan Senkkopf Antriebsr\u00e4der &#8211; 7594123"},"content":{"rendered":"<p>350&#215;140-90 Vulkoprin Vulkollan Senkkopf Antriebsr\u00e4der &#8211; 7594123<\/p>\n<p>BT Toyota OME, 8FBRE, RRE, FRE, VCE<\/p>","protected":false},"excerpt":{"rendered":"<p data-start=\"0\" data-end=\"477\"><br data-start=\"1719\" data-end=\"1722\" \/>350\u00d7140-90 Vulkoprin Vulkollan versenkte Laufrolle ist eine langlebige Lastrolle f\u00fcr Gabelstapler und industrielle Transportfahrzeuge. Mit einem Durchmesser von 350 mm, einer Breite von 140 mm und einem Lagerma\u00df von 90 mm verf\u00fcgt sie \u00fcber eine hochwertige Vulkollan-Beschichtung von Vulkoprin, die hervorragenden Abrieb-, Chemikalien- und Sto\u00dfschutz bietet. Das versenkte Design erm\u00f6glicht eine bessere Lastverteilung und Stabilit\u00e4t und sorgt f\u00fcr eine langlebige und ger\u00e4uscharme Leistung unter harten Arbeitsbedingungen.<\/p>\n<p data-start=\"2245\" data-end=\"2643\"><strong data-start=\"2245\" data-end=\"2263\">Eigenschaften:<\/strong><br data-start=\"2263\" data-end=\"2266\" \/><strong data-start=\"2266\" data-end=\"2282\">Produktname:<\/strong> 350\u00d7140-90 Vulkoprin Vulkollan versenkte Laufrolle<br data-start=\"2333\" data-end=\"2336\" \/><strong data-start=\"2336\" data-end=\"2352\">Teilenummer:<\/strong> 7594123<br data-start=\"2360\" data-end=\"2363\" \/><strong data-start=\"2363\" data-end=\"2376\">Material:<\/strong> Langlebige Vulkollan-Beschichtung und stabiler Metallk\u00f6rper<br data-start=\"2436\" data-end=\"2439\" \/><strong data-start=\"2439\" data-end=\"2458\">Einsatzbereich:<\/strong> Laufrolle f\u00fcr Gabelstapler und industrielle Transportfahrzeuge<br data-start=\"2521\" data-end=\"2524\" \/><strong data-start=\"2524\" data-end=\"2536\">Vorteil:<\/strong> Hohe Abrieb- und Sto\u00dffestigkeit, chemische Best\u00e4ndigkeit, verbesserte Stabilit\u00e4t durch versenktes Design<\/p>\n<p data-start=\"2645\" data-end=\"3117\">\n","protected":false},"featured_media":11339,"template":"","meta":[],"product_brand":[],"product_cat":[429,521,529,251,254,427,193],"product_tag":[],"class_list":{"0":"post-11338","1":"product","2":"type-product","3":"status-publish","4":"has-post-thumbnail","6":"product_cat-yuruyus-tekeri-vulkoprin","7":"product_cat-toyota","8":"product_cat-yuruyus-tekeri-toyota","9":"product_cat-bt","10":"product_cat-yuruyus-tekeri-bt","11":"product_cat-vulkoprin","12":"product_cat-yuruyus-tekeri","14":"first","15":"instock","16":"taxable","17":"shipping-taxable","18":"purchasable","19":"product-type-simple"},"_links":{"self":[{"href":"https:\/\/ceoparts.com\/de\/wp-json\/wp\/v2\/product\/11338","targetHints":{"allow":["GET"]}}],"collection":[{"href":"https:\/\/ceoparts.com\/de\/wp-json\/wp\/v2\/product"}],"about":[{"href":"https:\/\/ceoparts.com\/de\/wp-json\/wp\/v2\/types\/product"}],"wp:featuredmedia":[{"embeddable":true,"href":"https:\/\/ceoparts.com\/de\/wp-json\/wp\/v2\/media\/11339"}],"wp:attachment":[{"href":"https:\/\/ceoparts.com\/de\/wp-json\/wp\/v2\/media?parent=11338"}],"wp:term":[{"taxonomy":"product_brand","embeddable":true,"href":"https:\/\/ceoparts.com\/de\/wp-json\/wp\/v2\/product_brand?post=11338"},{"taxonomy":"product_cat","embeddable":true,"href":"https:\/\/ceoparts.com\/de\/wp-json\/wp\/v2\/product_cat?post=11338"},{"taxonomy":"product_tag","embeddable":true,"href":"https:\/\/ceoparts.com\/de\/wp-json\/wp\/v2\/product_tag?post=11338"}],"curies":[{"name":"wp","href":"https:\/\/api.w.org\/{rel}","templated":true}]}}