{"id":11388,"date":"2024-10-14T14:30:27","date_gmt":"2024-10-14T11:30:27","guid":{"rendered":"https:\/\/ceoparts.com\/?post_type=product&#038;p=11388"},"modified":"2026-05-16T17:06:22","modified_gmt":"2026-05-16T14:06:22","slug":"80x60-20-demir-ustu-poliuretan-yuk-tekeri","status":"publish","type":"product","link":"https:\/\/ceoparts.com\/de\/urun\/80x60-20-demir-ustu-poliuretan-yuk-tekeri\/","title":{"rendered":"80&#215;60-20 Polyurethane Pallet Truck Wheel"},"content":{"rendered":"<p>80&#215;60-20 Polyurethane Pallet Truck Wheel<\/p>\n<p>80&#215;60-20 Polyurethane Pallet Truck Wheel<\/p>\n<p><\/p>","protected":false},"excerpt":{"rendered":"<p data-start=\"93\" data-end=\"563\"><br data-start=\"1726\" data-end=\"1729\" \/>80\u00d760-20 Eisen-Polyurethan-Lastrolle ist ein robustes, hochbelastbares Rad f\u00fcr Gabelstapler und Lagertechnik zum Transport schwerer Lasten. Mit einem Durchmesser von 80 mm, einer Breite von 60 mm und einem Lagerma\u00df von 20 mm bietet sie dank des stabilen Eisenk\u00f6rpers eine hohe Sto\u00df- und Verformungsfestigkeit. Die abriebfeste Polyurethanbeschichtung sorgt f\u00fcr einen bodenschonenden, leisen Lauf und eine lange, problemlose Nutzung in Lager- und Logistikbereichen.<\/p>\n<p data-start=\"2194\" data-end=\"2515\"><strong data-start=\"2194\" data-end=\"2212\">Eigenschaften:<\/strong><br data-start=\"2212\" data-end=\"2215\" \/><strong data-start=\"2215\" data-end=\"2231\">Produktname:<\/strong> 80\u00d760-20 Eisen-Polyurethan-Lastrolle<br data-start=\"2268\" data-end=\"2271\" \/><strong data-start=\"2271\" data-end=\"2287\">Teilenummer:<\/strong> Nicht angegeben<br data-start=\"2303\" data-end=\"2306\" \/><strong data-start=\"2306\" data-end=\"2319\">Material:<\/strong> Abriebfester Polyurethanbelag und Eisenk\u00f6rper<br data-start=\"2365\" data-end=\"2368\" \/><strong data-start=\"2368\" data-end=\"2387\">Einsatzbereich:<\/strong> Lastrolle f\u00fcr Gabelstapler und Lagertechnik<br data-start=\"2431\" data-end=\"2434\" \/><strong data-start=\"2434\" data-end=\"2446\">Vorteil:<\/strong> Hohe Tragf\u00e4higkeit, sto\u00df- und abriebfest, leiser und stabiler Lauf<\/p>\n<p data-start=\"2517\" data-end=\"2925\">\n","protected":false},"featured_media":11391,"template":"","meta":[],"product_brand":[],"product_cat":[398,539,540],"product_tag":[],"class_list":{"0":"post-11388","1":"product","2":"type-product","3":"status-publish","4":"has-post-thumbnail","6":"product_cat-catal-tekeri-ceo","7":"product_cat-transpalet-tekeri","8":"product_cat-poliuretan-transpalet-tekeri","10":"first","11":"instock","12":"taxable","13":"shipping-taxable","14":"purchasable","15":"product-type-simple"},"_links":{"self":[{"href":"https:\/\/ceoparts.com\/de\/wp-json\/wp\/v2\/product\/11388","targetHints":{"allow":["GET"]}}],"collection":[{"href":"https:\/\/ceoparts.com\/de\/wp-json\/wp\/v2\/product"}],"about":[{"href":"https:\/\/ceoparts.com\/de\/wp-json\/wp\/v2\/types\/product"}],"wp:featuredmedia":[{"embeddable":true,"href":"https:\/\/ceoparts.com\/de\/wp-json\/wp\/v2\/media\/11391"}],"wp:attachment":[{"href":"https:\/\/ceoparts.com\/de\/wp-json\/wp\/v2\/media?parent=11388"}],"wp:term":[{"taxonomy":"product_brand","embeddable":true,"href":"https:\/\/ceoparts.com\/de\/wp-json\/wp\/v2\/product_brand?post=11388"},{"taxonomy":"product_cat","embeddable":true,"href":"https:\/\/ceoparts.com\/de\/wp-json\/wp\/v2\/product_cat?post=11388"},{"taxonomy":"product_tag","embeddable":true,"href":"https:\/\/ceoparts.com\/de\/wp-json\/wp\/v2\/product_tag?post=11388"}],"curies":[{"name":"wp","href":"https:\/\/api.w.org\/{rel}","templated":true}]}}