{"id":11396,"date":"2024-10-14T15:17:00","date_gmt":"2024-10-14T12:17:00","guid":{"rendered":"https:\/\/ceoparts.com\/?post_type=product&#038;p=11396"},"modified":"2026-05-16T15:14:46","modified_gmt":"2026-05-16T12:14:46","slug":"80x70-20-beyaz-balik-sirti-transpalet-tekerlegi","status":"publish","type":"product","link":"https:\/\/ceoparts.com\/de\/urun\/80x70-20-beyaz-balik-sirti-transpalet-tekerlegi\/","title":{"rendered":"80&#215;70-20 Wei\u00dfes Fischgr\u00e4t-Palettenwagenrad &#8211; 268714"},"content":{"rendered":"<p>80&#215;70-20 Wei\u00dfes Fischgr\u00e4t-Palettenwagenrad &#8211; 268714<\/p>\n<p>80&#215;70-20 Wei\u00dfes Fischgr\u00e4t-Palettenwagenrad &#8211; 268714<\/p>\n<p><\/p>","protected":false},"excerpt":{"rendered":"<p data-start=\"92\" data-end=\"548\"><br data-start=\"1623\" data-end=\"1626\" \/>80\u00d770-20 Wei\u00dfes Fischgr\u00e4ten-Transpalettenrad ist ein robustes Lastenrad f\u00fcr Hubwagen und Lagertechnik. Dank seines Fischgr\u00e4tenprofils wird das Rutschrisiko reduziert und zus\u00e4tzlicher Halt auf glatten und unebenen B\u00f6den geboten. Mit einem Durchmesser von 80 mm, einer Breite von 70 mm und einem Lagerma\u00df von 20 mm erm\u00f6glicht es gleichm\u00e4\u00dfige und sichere Bewegung. Das wei\u00dfe Polyurethanmaterial hinterl\u00e4sst keine Spuren und sorgt f\u00fcr leisen Lauf.<\/p>\n<p data-start=\"2071\" data-end=\"2394\"><strong data-start=\"2071\" data-end=\"2089\">Eigenschaften:<\/strong><br data-start=\"2089\" data-end=\"2092\" \/><strong data-start=\"2092\" data-end=\"2108\">Produktname:<\/strong> 80\u00d770-20 Wei\u00dfes Fischgr\u00e4ten-Transpalettenrad<br data-start=\"2153\" data-end=\"2156\" \/><strong data-start=\"2156\" data-end=\"2172\">Teilenummer:<\/strong> 268714<br data-start=\"2179\" data-end=\"2182\" \/><strong data-start=\"2182\" data-end=\"2195\">Material:<\/strong> Abriebfester wei\u00dfer Polyurethan und Stahlk\u00f6rper<br data-start=\"2243\" data-end=\"2246\" \/><strong data-start=\"2246\" data-end=\"2265\">Einsatzbereich:<\/strong> Lastenrad f\u00fcr Hubwagen und Lagertechnik<br data-start=\"2305\" data-end=\"2308\" \/><strong data-start=\"2308\" data-end=\"2320\">Vorteil:<\/strong> Rutschfeste Oberfl\u00e4che, spurenfreies Material, leiser und stabiler Lauf<\/p>\n<p data-start=\"2396\" data-end=\"2795\">\n","protected":false},"featured_media":11400,"template":"","meta":[],"product_brand":[],"product_cat":[541,539],"product_tag":[],"class_list":{"0":"post-11396","1":"product","2":"type-product","3":"status-publish","4":"has-post-thumbnail","6":"product_cat-poliamid-transpalet-tekeri","7":"product_cat-transpalet-tekeri","9":"first","10":"instock","11":"taxable","12":"shipping-taxable","13":"purchasable","14":"product-type-simple"},"_links":{"self":[{"href":"https:\/\/ceoparts.com\/de\/wp-json\/wp\/v2\/product\/11396","targetHints":{"allow":["GET"]}}],"collection":[{"href":"https:\/\/ceoparts.com\/de\/wp-json\/wp\/v2\/product"}],"about":[{"href":"https:\/\/ceoparts.com\/de\/wp-json\/wp\/v2\/types\/product"}],"wp:featuredmedia":[{"embeddable":true,"href":"https:\/\/ceoparts.com\/de\/wp-json\/wp\/v2\/media\/11400"}],"wp:attachment":[{"href":"https:\/\/ceoparts.com\/de\/wp-json\/wp\/v2\/media?parent=11396"}],"wp:term":[{"taxonomy":"product_brand","embeddable":true,"href":"https:\/\/ceoparts.com\/de\/wp-json\/wp\/v2\/product_brand?post=11396"},{"taxonomy":"product_cat","embeddable":true,"href":"https:\/\/ceoparts.com\/de\/wp-json\/wp\/v2\/product_cat?post=11396"},{"taxonomy":"product_tag","embeddable":true,"href":"https:\/\/ceoparts.com\/de\/wp-json\/wp\/v2\/product_tag?post=11396"}],"curies":[{"name":"wp","href":"https:\/\/api.w.org\/{rel}","templated":true}]}}