{"id":11417,"date":"2024-10-15T16:58:40","date_gmt":"2024-10-15T13:58:40","guid":{"rendered":"https:\/\/ceoparts.com\/?post_type=product&#038;p=11417"},"modified":"2026-05-02T18:32:19","modified_gmt":"2026-05-02T15:32:19","slug":"80x30-30-17-ceoparts-denge-tekeri","status":"publish","type":"product","link":"https:\/\/ceoparts.com\/de\/urun\/80x30-30-17-ceoparts-denge-tekeri\/","title":{"rendered":"80&#215;30\/30-17 Ceoparts Ausgleichsrad &#8211; 11334505501 BT656113"},"content":{"rendered":"<p>80&#215;30\/30-17 Ceoparts Ausgleichsrad &#8211; 11334505501 BT656113<\/p>\n<p>80&#215;30\/30-17 Still Linde 11334505501<\/p>\n<p>Still ECU M15 5138<\/p>\n<p>Linde MT15 CT1133<\/p>\n<p>EPT12-EZ<\/p>\n<p>BT LHE130 Tyro<br \/>\nNoblelift Edge<br \/>\nNexen APET12LI-APET20LI<br \/>\nNexen APET20N<br \/>\nLogitrans Mover<\/p>","protected":false},"excerpt":{"rendered":"<p data-start=\"93\" data-end=\"510\"><br data-start=\"1591\" data-end=\"1594\" \/>80\u00d730\/30-17 Ceoparts St\u00fctzrad ist ein hochwertiges und langlebiges Rad f\u00fcr Gabelstapler und Hubwagen, das die Stabilit\u00e4t und Man\u00f6vrierf\u00e4higkeit verbessert. Mit einem Durchmesser von 80 mm, einer Breite von 30 mm und einem Lagerma\u00df von 17 mm sorgt es f\u00fcr gleichm\u00e4\u00dfige Bewegung, besonders in engen und stark frequentierten Lagerbereichen. Hergestellt aus hochwertigem Ceoparts-Polyurethan, bietet es hohe Abriebfestigkeit und leisen Lauf.<\/p>\n<p data-start=\"2032\" data-end=\"2352\"><strong data-start=\"2032\" data-end=\"2050\">Eigenschaften:<\/strong><br data-start=\"2050\" data-end=\"2053\" \/><strong data-start=\"2053\" data-end=\"2069\">Produktname:<\/strong> 80\u00d730\/30-17 Ceoparts St\u00fctzrad<br data-start=\"2099\" data-end=\"2102\" \/><strong data-start=\"2102\" data-end=\"2118\">Teilenummer:<\/strong> 11334505501, BT656113<br data-start=\"2140\" data-end=\"2143\" \/><strong data-start=\"2143\" data-end=\"2156\">Material:<\/strong> Abriebfester Polyurethan und Stahlk\u00f6rper<br data-start=\"2197\" data-end=\"2200\" \/><strong data-start=\"2200\" data-end=\"2219\">Einsatzbereich:<\/strong> St\u00fctzrad f\u00fcr Gabelstapler und Hubwagen<br data-start=\"2258\" data-end=\"2261\" \/><strong data-start=\"2261\" data-end=\"2273\">Vorteil:<\/strong> Leiser Lauf, hohe Abriebfestigkeit, lange Lebensdauer, gleichm\u00e4\u00dfige Bewegung<\/p>\n<p data-start=\"2354\" data-end=\"2786\">\n","protected":false},"featured_media":16469,"template":"","meta":[],"product_brand":[],"product_cat":[396,241,242,246,247,251,252,395,185],"product_tag":[],"class_list":{"0":"post-11417","1":"product","2":"type-product","3":"status-publish","4":"has-post-thumbnail","6":"product_cat-denge-tekeri-ceo","7":"product_cat-still","8":"product_cat-denge-tekeri-still","9":"product_cat-linde","10":"product_cat-denge-tekeri-linde","11":"product_cat-bt","12":"product_cat-denge-tekeri-bt","13":"product_cat-ceoparts","14":"product_cat-denge-tekeri","16":"first","17":"instock","18":"taxable","19":"shipping-taxable","20":"purchasable","21":"product-type-simple"},"_links":{"self":[{"href":"https:\/\/ceoparts.com\/de\/wp-json\/wp\/v2\/product\/11417","targetHints":{"allow":["GET"]}}],"collection":[{"href":"https:\/\/ceoparts.com\/de\/wp-json\/wp\/v2\/product"}],"about":[{"href":"https:\/\/ceoparts.com\/de\/wp-json\/wp\/v2\/types\/product"}],"wp:featuredmedia":[{"embeddable":true,"href":"https:\/\/ceoparts.com\/de\/wp-json\/wp\/v2\/media\/16469"}],"wp:attachment":[{"href":"https:\/\/ceoparts.com\/de\/wp-json\/wp\/v2\/media?parent=11417"}],"wp:term":[{"taxonomy":"product_brand","embeddable":true,"href":"https:\/\/ceoparts.com\/de\/wp-json\/wp\/v2\/product_brand?post=11417"},{"taxonomy":"product_cat","embeddable":true,"href":"https:\/\/ceoparts.com\/de\/wp-json\/wp\/v2\/product_cat?post=11417"},{"taxonomy":"product_tag","embeddable":true,"href":"https:\/\/ceoparts.com\/de\/wp-json\/wp\/v2\/product_tag?post=11417"}],"curies":[{"name":"wp","href":"https:\/\/api.w.org\/{rel}","templated":true}]}}