{"id":11460,"date":"2024-10-16T11:52:20","date_gmt":"2024-10-16T08:52:20","guid":{"rendered":"https:\/\/ceoparts.com\/?post_type=product&#038;p=11460"},"modified":"2026-05-17T18:38:06","modified_gmt":"2026-05-17T15:38:06","slug":"285x100-stellana-yuk-tekeri-0029903807-0009903910","status":"publish","type":"product","link":"https:\/\/ceoparts.com\/de\/urun\/285x100-stellana-yuk-tekeri-0029903807-0009903910\/","title":{"rendered":"285&#215;100 Stellana Lastrad &#8211; 0029903807 \/ 0009903910"},"content":{"rendered":"<p>285&#215;100 Stellana Lastrad &#8211; 0029903807 \/ 0009903910<\/p>\n<p>Linde 285&#215;100\u00a0 0029902329, 0029903807<\/p>\n<p>Linde R10\/12\/14 Seria 115 C,<\/p>\n<p>Linde R14\/16\/20 Seria 115-02,<\/p>\n<p>Linde R14\/16\/20 Seria 113<\/p>","protected":false},"excerpt":{"rendered":"<p data-start=\"0\" data-end=\"404\"><br data-start=\"1406\" data-end=\"1409\" \/>285\u00d7100 Stellana Lastrolle ist eine hochwertige Lastrolle f\u00fcr Gabelstapler und Hubwagen mit hoher Tragf\u00e4higkeit. Mit einem Durchmesser von 285 mm und einer Breite von 100 mm wird diese Rolle aus einer speziellen Stellana-Gummimischung hergestellt und bietet maximale Sto\u00df- und Abriebfestigkeit. Die ausgewogene, gerade Konstruktion erm\u00f6glicht einen sicheren Einsatz bei hoher Geschwindigkeit und schweren Lasten.<\/p>\n<p data-start=\"1823\" data-end=\"2104\"><strong data-start=\"1823\" data-end=\"1841\">Eigenschaften:<\/strong><br data-start=\"1841\" data-end=\"1844\" \/><strong data-start=\"1844\" data-end=\"1860\">Produktname:<\/strong> 285\u00d7100 Stellana Lastrolle<br data-start=\"1887\" data-end=\"1890\" \/><strong data-start=\"1890\" data-end=\"1906\">Teilenummer:<\/strong> 0029903807, 0009903910<br data-start=\"1929\" data-end=\"1932\" \/><strong data-start=\"1932\" data-end=\"1945\">Material:<\/strong> Stellana Spezialgummi und Stahlk\u00f6rper<br data-start=\"1983\" data-end=\"1986\" \/><strong data-start=\"1986\" data-end=\"2005\">Einsatzbereich:<\/strong> Lastrolle f\u00fcr Gabelstapler und Hubwagen<br data-start=\"2045\" data-end=\"2048\" \/><strong data-start=\"2048\" data-end=\"2060\">Vorteil:<\/strong> Abriebfest, hohe Tragf\u00e4higkeit, langlebig<\/p>\n<p data-start=\"2106\" data-end=\"2511\">\n","protected":false},"featured_media":11462,"template":"","meta":[],"product_brand":[],"product_cat":[246,250,416,419,194],"product_tag":[],"class_list":{"0":"post-11460","1":"product","2":"type-product","3":"status-publish","4":"has-post-thumbnail","6":"product_cat-linde","7":"product_cat-yuk-tekeri-linde","8":"product_cat-stellana","9":"product_cat-yuk-tekeri-stellana","10":"product_cat-yuk-tekeri","12":"first","13":"instock","14":"taxable","15":"shipping-taxable","16":"purchasable","17":"product-type-simple"},"_links":{"self":[{"href":"https:\/\/ceoparts.com\/de\/wp-json\/wp\/v2\/product\/11460","targetHints":{"allow":["GET"]}}],"collection":[{"href":"https:\/\/ceoparts.com\/de\/wp-json\/wp\/v2\/product"}],"about":[{"href":"https:\/\/ceoparts.com\/de\/wp-json\/wp\/v2\/types\/product"}],"wp:featuredmedia":[{"embeddable":true,"href":"https:\/\/ceoparts.com\/de\/wp-json\/wp\/v2\/media\/11462"}],"wp:attachment":[{"href":"https:\/\/ceoparts.com\/de\/wp-json\/wp\/v2\/media?parent=11460"}],"wp:term":[{"taxonomy":"product_brand","embeddable":true,"href":"https:\/\/ceoparts.com\/de\/wp-json\/wp\/v2\/product_brand?post=11460"},{"taxonomy":"product_cat","embeddable":true,"href":"https:\/\/ceoparts.com\/de\/wp-json\/wp\/v2\/product_cat?post=11460"},{"taxonomy":"product_tag","embeddable":true,"href":"https:\/\/ceoparts.com\/de\/wp-json\/wp\/v2\/product_tag?post=11460"}],"curies":[{"name":"wp","href":"https:\/\/api.w.org\/{rel}","templated":true}]}}