{"id":11500,"date":"2024-10-17T13:23:21","date_gmt":"2024-10-17T10:23:21","guid":{"rendered":"https:\/\/ceoparts.com\/?post_type=product&#038;p=11500"},"modified":"2026-05-16T14:17:32","modified_gmt":"2026-05-16T11:17:32","slug":"254x102-45-wicke-yuruyus-tekeri","status":"publish","type":"product","link":"https:\/\/ceoparts.com\/de\/urun\/254x102-45-wicke-yuruyus-tekeri\/","title":{"rendered":"254&#215;102-45 Wicke Antriebsr\u00e4der &#8211; 0009934121"},"content":{"rendered":"<p>254&#215;102-45 Wicke Antriebsr\u00e4der &#8211; 0009934121<\/p>\n<p>Linde Still\u00a00009934121<\/p>\n<p>FXV 14N\/FXV 16N\u00a0 FXD20\u00a0FXV14 \/ FXV16 SXH 20\u00a0SXD 20\u00a0SXD 20 FXD20N\u00a0FXV14N \/ FXV16N\u00a0FXH20 \/ FXH25\u00a0FXV14 \/ FXV16<\/p>","protected":false},"excerpt":{"rendered":"<p data-start=\"0\" data-end=\"309\"><br data-start=\"1187\" data-end=\"1190\" \/>254\u00d7102-45 Wicke Laufrolle ist eine langlebige und zuverl\u00e4ssige Laufrolle f\u00fcr Gabelstapler und Industriemaschinen. Mit einem Durchmesser von 254 mm und einer Breite von 102 mm bietet diese Rolle hohe Leistung und lange Lebensdauer unter harten Arbeitsbedingungen. Das hochwertige Gummimaterial sorgt f\u00fcr eine rutschfeste Oberfl\u00e4che.<\/p>\n<p data-start=\"1524\" data-end=\"1809\"><strong data-start=\"1524\" data-end=\"1542\">Eigenschaften:<\/strong><br data-start=\"1542\" data-end=\"1545\" \/><strong data-start=\"1545\" data-end=\"1561\">Produktname:<\/strong> 254\u00d7102-45 Wicke Laufrolle<br data-start=\"1588\" data-end=\"1591\" \/><strong data-start=\"1591\" data-end=\"1607\">Teilenummer:<\/strong> 0009934121<br data-start=\"1618\" data-end=\"1621\" \/><strong data-start=\"1621\" data-end=\"1634\">Material:<\/strong> Robustes Gummi und Metall<br data-start=\"1660\" data-end=\"1663\" \/><strong data-start=\"1663\" data-end=\"1682\">Einsatzbereich:<\/strong> Laufrolle f\u00fcr Gabelstapler und Industriemaschinen<br data-start=\"1732\" data-end=\"1735\" \/><strong data-start=\"1735\" data-end=\"1747\">Vorteil:<\/strong> Rutschfeste Oberfl\u00e4che, lange Lebensdauer, hohe Haltbarkeit<\/p>\n<p data-start=\"1811\" data-end=\"2122\">\n","protected":false},"featured_media":11501,"template":"","meta":[],"product_brand":[],"product_cat":[401,404,241,244,246,249,193],"product_tag":[],"class_list":{"0":"post-11500","1":"product","2":"type-product","3":"status-publish","4":"has-post-thumbnail","6":"product_cat-wicke","7":"product_cat-yuruyus-tekeri-wicke","8":"product_cat-still","9":"product_cat-yuruyus-tekeri-still","10":"product_cat-linde","11":"product_cat-yuruyus-tekeri-linde","12":"product_cat-yuruyus-tekeri","14":"first","15":"instock","16":"taxable","17":"shipping-taxable","18":"purchasable","19":"product-type-simple"},"_links":{"self":[{"href":"https:\/\/ceoparts.com\/de\/wp-json\/wp\/v2\/product\/11500","targetHints":{"allow":["GET"]}}],"collection":[{"href":"https:\/\/ceoparts.com\/de\/wp-json\/wp\/v2\/product"}],"about":[{"href":"https:\/\/ceoparts.com\/de\/wp-json\/wp\/v2\/types\/product"}],"wp:featuredmedia":[{"embeddable":true,"href":"https:\/\/ceoparts.com\/de\/wp-json\/wp\/v2\/media\/11501"}],"wp:attachment":[{"href":"https:\/\/ceoparts.com\/de\/wp-json\/wp\/v2\/media?parent=11500"}],"wp:term":[{"taxonomy":"product_brand","embeddable":true,"href":"https:\/\/ceoparts.com\/de\/wp-json\/wp\/v2\/product_brand?post=11500"},{"taxonomy":"product_cat","embeddable":true,"href":"https:\/\/ceoparts.com\/de\/wp-json\/wp\/v2\/product_cat?post=11500"},{"taxonomy":"product_tag","embeddable":true,"href":"https:\/\/ceoparts.com\/de\/wp-json\/wp\/v2\/product_tag?post=11500"}],"curies":[{"name":"wp","href":"https:\/\/api.w.org\/{rel}","templated":true}]}}