{"id":11542,"date":"2024-10-18T15:16:52","date_gmt":"2024-10-18T12:16:52","guid":{"rendered":"https:\/\/ceoparts.com\/?post_type=product&#038;p=11542"},"modified":"2026-05-16T19:55:42","modified_gmt":"2026-05-16T16:55:42","slug":"125x54-60-30-ceoparts-denge-tekeri","status":"publish","type":"product","link":"https:\/\/ceoparts.com\/de\/urun\/125x54-60-30-ceoparts-denge-tekeri\/","title":{"rendered":"125\u00d754\/60-30 Ceoparts Ausgleichsrad &#8211; 811802 , 820263"},"content":{"rendered":"<p>125\u00d754\/60-30 Ceoparts Ausgleichsrad &#8211; 811802 , 820263<\/p>\n<p>Crown ES4000<br \/>\nCrown WP2335S<br \/>\nCrown WP2300S<\/p>\n<p>Crown WP2000S<\/p>\n<p>Cown 3020 M<\/p>","protected":false},"excerpt":{"rendered":"<p data-start=\"0\" data-end=\"310\"><br data-start=\"1227\" data-end=\"1230\" \/>125\u00d754\/60-30 Ceoparts St\u00fctzrad ist ein langlebiges und hochwertiges St\u00fctzrad, das in Gabelstaplern und Industriemaschinen verwendet wird. Mit 125 mm Durchmesser, 54\/60 mm Breite und 30 mm Dicke sorgt es f\u00fcr Balance und Stabilit\u00e4t des Gabelstaplers. Hergestellt aus robusten Materialien f\u00fcr lange Lebensdauer und geeignet f\u00fcr raue Arbeitsbedingungen.<\/p>\n<p data-start=\"1581\" data-end=\"1871\"><strong data-start=\"1581\" data-end=\"1599\">Eigenschaften:<\/strong><br data-start=\"1599\" data-end=\"1602\" \/><strong data-start=\"1602\" data-end=\"1618\">Produktname:<\/strong> 125\u00d754\/60-30 Ceoparts St\u00fctzrad<br data-start=\"1649\" data-end=\"1652\" \/><strong data-start=\"1652\" data-end=\"1668\">Teilenummer:<\/strong> 811802, 820263<br data-start=\"1683\" data-end=\"1686\" \/><strong data-start=\"1686\" data-end=\"1699\">Material:<\/strong> Robuster Gummi und Metall<br data-start=\"1725\" data-end=\"1728\" \/><strong data-start=\"1728\" data-end=\"1747\">Einsatzbereich:<\/strong> St\u00fctzrad f\u00fcr Gabelstapler und Industriemaschinen<br data-start=\"1796\" data-end=\"1799\" \/><strong data-start=\"1799\" data-end=\"1811\">Vorteil:<\/strong> Hohe Haltbarkeit, sorgt f\u00fcr Stabilit\u00e4t, lange Lebensdauer<\/p>\n<p data-start=\"1873\" data-end=\"2236\">\n","protected":false},"featured_media":11539,"template":"","meta":[],"product_brand":[],"product_cat":[396,272,273,395,185],"product_tag":[],"class_list":{"0":"post-11542","1":"product","2":"type-product","3":"status-publish","4":"has-post-thumbnail","6":"product_cat-denge-tekeri-ceo","7":"product_cat-crown","8":"product_cat-denge-tekeri-crown","9":"product_cat-ceoparts","10":"product_cat-denge-tekeri","12":"first","13":"instock","14":"taxable","15":"shipping-taxable","16":"purchasable","17":"product-type-simple"},"_links":{"self":[{"href":"https:\/\/ceoparts.com\/de\/wp-json\/wp\/v2\/product\/11542","targetHints":{"allow":["GET"]}}],"collection":[{"href":"https:\/\/ceoparts.com\/de\/wp-json\/wp\/v2\/product"}],"about":[{"href":"https:\/\/ceoparts.com\/de\/wp-json\/wp\/v2\/types\/product"}],"wp:featuredmedia":[{"embeddable":true,"href":"https:\/\/ceoparts.com\/de\/wp-json\/wp\/v2\/media\/11539"}],"wp:attachment":[{"href":"https:\/\/ceoparts.com\/de\/wp-json\/wp\/v2\/media?parent=11542"}],"wp:term":[{"taxonomy":"product_brand","embeddable":true,"href":"https:\/\/ceoparts.com\/de\/wp-json\/wp\/v2\/product_brand?post=11542"},{"taxonomy":"product_cat","embeddable":true,"href":"https:\/\/ceoparts.com\/de\/wp-json\/wp\/v2\/product_cat?post=11542"},{"taxonomy":"product_tag","embeddable":true,"href":"https:\/\/ceoparts.com\/de\/wp-json\/wp\/v2\/product_tag?post=11542"}],"curies":[{"name":"wp","href":"https:\/\/api.w.org\/{rel}","templated":true}]}}