{"id":11576,"date":"2024-10-19T11:54:36","date_gmt":"2024-10-19T08:54:36","guid":{"rendered":"https:\/\/ceoparts.com\/?post_type=product&#038;p=11576"},"modified":"2026-05-16T10:56:21","modified_gmt":"2026-05-16T07:56:21","slug":"360x130-90-7b-stellana-vulkolan-yuruyus-tekeri-8428189","status":"publish","type":"product","link":"https:\/\/ceoparts.com\/de\/urun\/360x130-90-7b-stellana-vulkolan-yuruyus-tekeri-8428189\/","title":{"rendered":"360&#215;130-90 7B Stellana Vulkollan Antriebsr\u00e4der &#8211; 8428189"},"content":{"rendered":"<p>360&#215;130-90 7B Stellana Vulkollan Antriebsr\u00e4der &#8211; 8428189<\/p>\n<p>Still FM-X,<\/p>\n<p>STILL FM-XN,<\/p>\n<p>STILL FS-X33<\/p>","protected":false},"excerpt":{"rendered":"<p data-start=\"0\" data-end=\"397\"><br data-start=\"1335\" data-end=\"1338\" \/>360\u00d7130-90 7B Stellana Vulkollan Laufrolle ist eine langlebige und leistungsstarke Laufrolle, die in Gabelstaplern und Industriemaschinen verwendet wird. Hergestellt aus Vulkollan-Material, widersteht sie Verschlei\u00df und St\u00f6\u00dfen. Mit einem Durchmesser von 360 mm, einer Breite von 130 mm und einem 90 mm breiten 7B-Profil bietet sie eine stabile und sichere Bewegung. Sie ist langlebig und f\u00fcr harte Arbeitsbedingungen geeignet.<\/p>\n<p data-start=\"1766\" data-end=\"2047\"><strong data-start=\"1766\" data-end=\"1784\">Eigenschaften:<\/strong><br data-start=\"1784\" data-end=\"1787\" \/><strong data-start=\"1787\" data-end=\"1803\">Produktname:<\/strong> 360\u00d7130-90 7B Stellana Vulkollan Laufrolle<br data-start=\"1846\" data-end=\"1849\" \/><strong data-start=\"1849\" data-end=\"1865\">Teilenummer:<\/strong> 8428189<br data-start=\"1873\" data-end=\"1876\" \/><strong data-start=\"1876\" data-end=\"1889\">Material:<\/strong> Vulkollan<br data-start=\"1899\" data-end=\"1902\" \/><strong data-start=\"1902\" data-end=\"1921\">Einsatzbereich:<\/strong> Laufrolle f\u00fcr Gabelstapler und Industriemaschinen<br data-start=\"1971\" data-end=\"1974\" \/><strong data-start=\"1974\" data-end=\"1986\">Vorteil:<\/strong> Hohe Verschlei\u00dffestigkeit, sto\u00dfd\u00e4mpfend, lange Lebensdauer<\/p>\n<p data-start=\"2049\" data-end=\"2445\">\n","protected":false},"featured_media":11577,"template":"","meta":[],"product_brand":[],"product_cat":[241,244,416,418,193],"product_tag":[],"class_list":{"0":"post-11576","1":"product","2":"type-product","3":"status-publish","4":"has-post-thumbnail","6":"product_cat-still","7":"product_cat-yuruyus-tekeri-still","8":"product_cat-stellana","9":"product_cat-yuruyus-tekeri-stellana","10":"product_cat-yuruyus-tekeri","12":"first","13":"instock","14":"taxable","15":"shipping-taxable","16":"purchasable","17":"product-type-simple"},"_links":{"self":[{"href":"https:\/\/ceoparts.com\/de\/wp-json\/wp\/v2\/product\/11576","targetHints":{"allow":["GET"]}}],"collection":[{"href":"https:\/\/ceoparts.com\/de\/wp-json\/wp\/v2\/product"}],"about":[{"href":"https:\/\/ceoparts.com\/de\/wp-json\/wp\/v2\/types\/product"}],"wp:featuredmedia":[{"embeddable":true,"href":"https:\/\/ceoparts.com\/de\/wp-json\/wp\/v2\/media\/11577"}],"wp:attachment":[{"href":"https:\/\/ceoparts.com\/de\/wp-json\/wp\/v2\/media?parent=11576"}],"wp:term":[{"taxonomy":"product_brand","embeddable":true,"href":"https:\/\/ceoparts.com\/de\/wp-json\/wp\/v2\/product_brand?post=11576"},{"taxonomy":"product_cat","embeddable":true,"href":"https:\/\/ceoparts.com\/de\/wp-json\/wp\/v2\/product_cat?post=11576"},{"taxonomy":"product_tag","embeddable":true,"href":"https:\/\/ceoparts.com\/de\/wp-json\/wp\/v2\/product_tag?post=11576"}],"curies":[{"name":"wp","href":"https:\/\/api.w.org\/{rel}","templated":true}]}}