{"id":11584,"date":"2024-10-24T11:54:11","date_gmt":"2024-10-24T08:54:11","guid":{"rendered":"https:\/\/ceoparts.com\/?post_type=product&#038;p=11584"},"modified":"2026-05-16T18:33:46","modified_gmt":"2026-05-16T15:33:46","slug":"still-sac-rx-konvartor-48v-400a-51523604129","status":"publish","type":"product","link":"https:\/\/ceoparts.com\/de\/urun\/still-sac-rx-konvartor-48v-400a-51523604129\/","title":{"rendered":"STILL RX Konverter 48V 400A &#8211; 51523604129"},"content":{"rendered":"<p>STILL RX Konverter 48V 400A &#8211; 51523604129<\/p>\n<p>STILL RX Konverter 48V 400A &#8211; 51523604129<\/p>","protected":false},"excerpt":{"rendered":"<p data-start=\"0\" data-end=\"333\"><br data-start=\"1334\" data-end=\"1337\" \/>STILL Sac RX Konverter 48V 400A ist ein originaler Leistungskonverter f\u00fcr Gabelstapler und Industriemaschinen. Er sorgt f\u00fcr sicheren und effizienten Betrieb des Elektromotors mit 48V Spannung und 400A Stromst\u00e4rke. Hergestellt aus langlebigen elektronischen Bauteilen f\u00fcr lange Lebensdauer. Getestet und voll funktionsf\u00e4hig als Gebrauchtprodukt.<\/p>\n<p data-start=\"1683\" data-end=\"2033\"><strong data-start=\"1683\" data-end=\"1701\">Eigenschaften:<\/strong><br data-start=\"1701\" data-end=\"1704\" \/><strong data-start=\"1704\" data-end=\"1720\">Produktname:<\/strong> STILL Sac RX Konverter 48V 400A<br data-start=\"1752\" data-end=\"1755\" \/><strong data-start=\"1755\" data-end=\"1771\">Teilenummer:<\/strong> 51523604129<br data-start=\"1783\" data-end=\"1786\" \/><strong data-start=\"1786\" data-end=\"1799\">Material:<\/strong> Hochwertige elektronische Schaltung und robustes Kunststoffgeh\u00e4use<br data-start=\"1866\" data-end=\"1869\" \/><strong data-start=\"1869\" data-end=\"1888\">Einsatzbereich:<\/strong> Leistungskonverter f\u00fcr Gabelstapler und Industriemaschinen<br data-start=\"1947\" data-end=\"1950\" \/><strong data-start=\"1950\" data-end=\"1962\">Vorteil:<\/strong> Hohe Stromkapazit\u00e4t, langlebige Bauweise, gepr\u00fcftes Gebrauchtprodukt<\/p>\n<p data-start=\"2035\" data-end=\"2372\">\n","protected":false},"featured_media":11585,"template":"","meta":[],"product_brand":[],"product_cat":[241,431,524],"product_tag":[],"class_list":{"0":"post-11584","1":"product","2":"type-product","3":"status-publish","4":"has-post-thumbnail","6":"product_cat-still","7":"product_cat-ekranlar-ve-kartlar","8":"product_cat-yedek-parca-still","10":"first","11":"instock","12":"taxable","13":"shipping-taxable","14":"purchasable","15":"product-type-simple"},"_links":{"self":[{"href":"https:\/\/ceoparts.com\/de\/wp-json\/wp\/v2\/product\/11584","targetHints":{"allow":["GET"]}}],"collection":[{"href":"https:\/\/ceoparts.com\/de\/wp-json\/wp\/v2\/product"}],"about":[{"href":"https:\/\/ceoparts.com\/de\/wp-json\/wp\/v2\/types\/product"}],"wp:featuredmedia":[{"embeddable":true,"href":"https:\/\/ceoparts.com\/de\/wp-json\/wp\/v2\/media\/11585"}],"wp:attachment":[{"href":"https:\/\/ceoparts.com\/de\/wp-json\/wp\/v2\/media?parent=11584"}],"wp:term":[{"taxonomy":"product_brand","embeddable":true,"href":"https:\/\/ceoparts.com\/de\/wp-json\/wp\/v2\/product_brand?post=11584"},{"taxonomy":"product_cat","embeddable":true,"href":"https:\/\/ceoparts.com\/de\/wp-json\/wp\/v2\/product_cat?post=11584"},{"taxonomy":"product_tag","embeddable":true,"href":"https:\/\/ceoparts.com\/de\/wp-json\/wp\/v2\/product_tag?post=11584"}],"curies":[{"name":"wp","href":"https:\/\/api.w.org\/{rel}","templated":true}]}}