{"id":11593,"date":"2024-10-24T13:03:29","date_gmt":"2024-10-24T10:03:29","guid":{"rendered":"https:\/\/ceoparts.com\/?post_type=product&#038;p=11593"},"modified":"2026-05-16T05:31:36","modified_gmt":"2026-05-16T02:31:36","slug":"still-sac-ii-umrichter-karti-80v-600a-51523654201","status":"publish","type":"product","link":"https:\/\/ceoparts.com\/de\/urun\/still-sac-ii-umrichter-karti-80v-600a-51523654201\/","title":{"rendered":"STILL Sac II Umrichter Kart\u0131 80V 600A &#8211; 51523654201"},"content":{"rendered":"<p>STILL Sac II Umrichter Kart\u0131 80V 600A &#8211; 51523654201<\/p>\n","protected":false},"excerpt":{"rendered":"<p data-start=\"0\" data-end=\"339\"><br data-start=\"1367\" data-end=\"1370\" \/>STILL Sac II Umrichter Karte 80V 600A ist eine originale Leistungssteuerplatine f\u00fcr Gabelstapler und Industriemaschinen. Sie unterst\u00fctzt den effizienten und sicheren Betrieb des Elektromotors mit 80V Spannung und 600A Stromst\u00e4rke. Hergestellt aus langlebigen elektronischen Bauteilen f\u00fcr lange Lebensdauer. Getestet und voll funktionsf\u00e4hig als Gebrauchtprodukt.<\/p>\n<p data-start=\"1733\" data-end=\"2093\"><strong data-start=\"1733\" data-end=\"1751\">Eigenschaften:<\/strong><br data-start=\"1751\" data-end=\"1754\" \/><strong data-start=\"1754\" data-end=\"1770\">Produktname:<\/strong> STILL Sac II Umrichter Karte 80V 600A<br data-start=\"1808\" data-end=\"1811\" \/><strong data-start=\"1811\" data-end=\"1827\">Teilenummer:<\/strong> 51523654201<br data-start=\"1839\" data-end=\"1842\" \/><strong data-start=\"1842\" data-end=\"1855\">Material:<\/strong> Hochwertige elektronische Schaltung und robustes Kunststoffgeh\u00e4use<br data-start=\"1922\" data-end=\"1925\" \/><strong data-start=\"1925\" data-end=\"1944\">Einsatzbereich:<\/strong> Leistungssteuerplatine f\u00fcr Gabelstapler und Industriemaschinen<br data-start=\"2007\" data-end=\"2010\" \/><strong data-start=\"2010\" data-end=\"2022\">Vorteil:<\/strong> Hohe Stromkapazit\u00e4t, langlebige Bauweise, gepr\u00fcftes Gebrauchtprodukt<\/p>\n<p data-start=\"2095\" data-end=\"2442\">\n","protected":false},"featured_media":11596,"template":"","meta":[],"product_brand":[],"product_cat":[241,431,524],"product_tag":[],"class_list":{"0":"post-11593","1":"product","2":"type-product","3":"status-publish","4":"has-post-thumbnail","6":"product_cat-still","7":"product_cat-ekranlar-ve-kartlar","8":"product_cat-yedek-parca-still","10":"first","11":"instock","12":"taxable","13":"shipping-taxable","14":"purchasable","15":"product-type-simple"},"_links":{"self":[{"href":"https:\/\/ceoparts.com\/de\/wp-json\/wp\/v2\/product\/11593","targetHints":{"allow":["GET"]}}],"collection":[{"href":"https:\/\/ceoparts.com\/de\/wp-json\/wp\/v2\/product"}],"about":[{"href":"https:\/\/ceoparts.com\/de\/wp-json\/wp\/v2\/types\/product"}],"wp:featuredmedia":[{"embeddable":true,"href":"https:\/\/ceoparts.com\/de\/wp-json\/wp\/v2\/media\/11596"}],"wp:attachment":[{"href":"https:\/\/ceoparts.com\/de\/wp-json\/wp\/v2\/media?parent=11593"}],"wp:term":[{"taxonomy":"product_brand","embeddable":true,"href":"https:\/\/ceoparts.com\/de\/wp-json\/wp\/v2\/product_brand?post=11593"},{"taxonomy":"product_cat","embeddable":true,"href":"https:\/\/ceoparts.com\/de\/wp-json\/wp\/v2\/product_cat?post=11593"},{"taxonomy":"product_tag","embeddable":true,"href":"https:\/\/ceoparts.com\/de\/wp-json\/wp\/v2\/product_tag?post=11593"}],"curies":[{"name":"wp","href":"https:\/\/api.w.org\/{rel}","templated":true}]}}