{"id":11660,"date":"2024-10-30T09:32:10","date_gmt":"2024-10-30T06:32:10","guid":{"rendered":"https:\/\/ceoparts.com\/?post_type=product&#038;p=11660"},"modified":"2026-05-16T18:40:53","modified_gmt":"2026-05-16T15:40:53","slug":"still-rcu1-kontrol-unitesi-51903602600","status":"publish","type":"product","link":"https:\/\/ceoparts.com\/de\/urun\/still-rcu1-kontrol-unitesi-51903602600\/","title":{"rendered":"Still RCU1 Steuereinheit &#8211; 51903602600"},"content":{"rendered":"<p>Still RCU1 Steuereinheit &#8211; 51903602600<\/p>\n<p>Still RCU1 Steuereinheit &#8211; 51903602600<\/p>","protected":false},"excerpt":{"rendered":"<p data-start=\"0\" data-end=\"321\"><br data-start=\"1274\" data-end=\"1277\" \/>Still RCU1 Steuereinheit Gebraucht ist eine originale elektronische Steuereinheit f\u00fcr Gabelstapler und Industriemaschinen. Sie steuert elektronisch verschiedene Funktionen im Fahrzeug. Ausgestattet mit langlebigen elektronischen Bauteilen f\u00fcr lange Lebensdauer. Gepr\u00fcft und voll funktionsf\u00e4hig als Gebrauchtprodukt.<\/p>\n<p data-start=\"1594\" data-end=\"1948\"><strong data-start=\"1594\" data-end=\"1612\">Eigenschaften:<\/strong><br data-start=\"1612\" data-end=\"1615\" \/><strong data-start=\"1615\" data-end=\"1631\">Produktname:<\/strong> Still RCU1 Steuereinheit Gebraucht<br data-start=\"1666\" data-end=\"1669\" \/><strong data-start=\"1669\" data-end=\"1685\">Teilenummer:<\/strong> 51903602600<br data-start=\"1697\" data-end=\"1700\" \/><strong data-start=\"1700\" data-end=\"1713\">Material:<\/strong> Industrielle elektronische Schaltung und robustes Kunststoffgeh\u00e4use<br data-start=\"1781\" data-end=\"1784\" \/><strong data-start=\"1784\" data-end=\"1803\">Einsatzbereich:<\/strong> Elektronische Steuereinheit f\u00fcr Gabelstapler und Industriemaschinen<br data-start=\"1871\" data-end=\"1874\" \/><strong data-start=\"1874\" data-end=\"1886\">Vorteil:<\/strong> Robuste Bauweise, hohe Leistung, gepr\u00fcftes Gebrauchtprodukt<\/p>\n<p data-start=\"1950\" data-end=\"2249\">\n","protected":false},"featured_media":11661,"template":"","meta":[],"product_brand":[],"product_cat":[241,431,524],"product_tag":[],"class_list":{"0":"post-11660","1":"product","2":"type-product","3":"status-publish","4":"has-post-thumbnail","6":"product_cat-still","7":"product_cat-ekranlar-ve-kartlar","8":"product_cat-yedek-parca-still","10":"first","11":"instock","12":"taxable","13":"shipping-taxable","14":"purchasable","15":"product-type-simple"},"_links":{"self":[{"href":"https:\/\/ceoparts.com\/de\/wp-json\/wp\/v2\/product\/11660","targetHints":{"allow":["GET"]}}],"collection":[{"href":"https:\/\/ceoparts.com\/de\/wp-json\/wp\/v2\/product"}],"about":[{"href":"https:\/\/ceoparts.com\/de\/wp-json\/wp\/v2\/types\/product"}],"wp:featuredmedia":[{"embeddable":true,"href":"https:\/\/ceoparts.com\/de\/wp-json\/wp\/v2\/media\/11661"}],"wp:attachment":[{"href":"https:\/\/ceoparts.com\/de\/wp-json\/wp\/v2\/media?parent=11660"}],"wp:term":[{"taxonomy":"product_brand","embeddable":true,"href":"https:\/\/ceoparts.com\/de\/wp-json\/wp\/v2\/product_brand?post=11660"},{"taxonomy":"product_cat","embeddable":true,"href":"https:\/\/ceoparts.com\/de\/wp-json\/wp\/v2\/product_cat?post=11660"},{"taxonomy":"product_tag","embeddable":true,"href":"https:\/\/ceoparts.com\/de\/wp-json\/wp\/v2\/product_tag?post=11660"}],"curies":[{"name":"wp","href":"https:\/\/api.w.org\/{rel}","templated":true}]}}