{"id":11683,"date":"2024-10-30T12:06:50","date_gmt":"2024-10-30T09:06:50","guid":{"rendered":"https:\/\/ceoparts.com\/?post_type=product&#038;p=11683"},"modified":"2026-05-16T19:48:34","modified_gmt":"2026-05-16T16:48:34","slug":"still-fmx-dc-transformer-input-28-110v-output-24v-13a-153-24","status":"publish","type":"product","link":"https:\/\/ceoparts.com\/de\/urun\/still-fmx-dc-transformer-input-28-110v-output-24v-13a-153-24\/","title":{"rendered":"Still FMX DC Transformator Eingang 28-110V Ausgang 24V-13A &#8211; 153-24"},"content":{"rendered":"<p>Still FMX DC Transformator Eingang 28-110V Ausgang 24V-13A &#8211; 153-24<\/p>\n<p>Still FMX DC Transformator Eingang 28-110V Ausgang 24V-13A &#8211; 153-24<\/p>","protected":false},"excerpt":{"rendered":"<p data-start=\"0\" data-end=\"406\"><br data-start=\"1435\" data-end=\"1438\" \/>Still FMX DC-Wandler Gebraucht ist ein original Spannungswandler f\u00fcr Gabelstapler und Industriemaschinen. Eingangs-Spannungsbereich 28-110V, Ausgang stabil 24V bei 13A. Elektronische Schaltungen gew\u00e4hrleisten einen stabilen und sicheren Betrieb der Bordelektronik. Robuste Bauweise f\u00fcr lange Lebensdauer. Getestet und voll funktionsf\u00e4hig als Gebrauchtprodukt.<\/p>\n<p data-start=\"1799\" data-end=\"2147\"><strong data-start=\"1799\" data-end=\"1817\">Eigenschaften:<\/strong><br data-start=\"1817\" data-end=\"1820\" \/><strong data-start=\"1820\" data-end=\"1836\">Produktname:<\/strong> Still FMX DC-Wandler Gebraucht<br data-start=\"1867\" data-end=\"1870\" \/><strong data-start=\"1870\" data-end=\"1886\">Teilenummer:<\/strong> 153-24<br data-start=\"1893\" data-end=\"1896\" \/><strong data-start=\"1896\" data-end=\"1909\">Material:<\/strong> Industrielle elektronische Schaltung und robustes Kunststoffgeh\u00e4use<br data-start=\"1977\" data-end=\"1980\" \/><strong data-start=\"1980\" data-end=\"1999\">Einsatzbereich:<\/strong> Spannungswandler f\u00fcr Gabelstapler und Industriemaschinen<br data-start=\"2056\" data-end=\"2059\" \/><strong data-start=\"2059\" data-end=\"2071\">Vorteil:<\/strong> Stabile Ausgangsspannung, langlebige Bauweise, gepr\u00fcftes Gebrauchtprodukt<\/p>\n<p data-start=\"2149\" data-end=\"2503\">\n","protected":false},"featured_media":11685,"template":"","meta":[],"product_brand":[],"product_cat":[241,431,524],"product_tag":[],"class_list":{"0":"post-11683","1":"product","2":"type-product","3":"status-publish","4":"has-post-thumbnail","6":"product_cat-still","7":"product_cat-ekranlar-ve-kartlar","8":"product_cat-yedek-parca-still","10":"first","11":"instock","12":"taxable","13":"shipping-taxable","14":"purchasable","15":"product-type-simple"},"_links":{"self":[{"href":"https:\/\/ceoparts.com\/de\/wp-json\/wp\/v2\/product\/11683","targetHints":{"allow":["GET"]}}],"collection":[{"href":"https:\/\/ceoparts.com\/de\/wp-json\/wp\/v2\/product"}],"about":[{"href":"https:\/\/ceoparts.com\/de\/wp-json\/wp\/v2\/types\/product"}],"wp:featuredmedia":[{"embeddable":true,"href":"https:\/\/ceoparts.com\/de\/wp-json\/wp\/v2\/media\/11685"}],"wp:attachment":[{"href":"https:\/\/ceoparts.com\/de\/wp-json\/wp\/v2\/media?parent=11683"}],"wp:term":[{"taxonomy":"product_brand","embeddable":true,"href":"https:\/\/ceoparts.com\/de\/wp-json\/wp\/v2\/product_brand?post=11683"},{"taxonomy":"product_cat","embeddable":true,"href":"https:\/\/ceoparts.com\/de\/wp-json\/wp\/v2\/product_cat?post=11683"},{"taxonomy":"product_tag","embeddable":true,"href":"https:\/\/ceoparts.com\/de\/wp-json\/wp\/v2\/product_tag?post=11683"}],"curies":[{"name":"wp","href":"https:\/\/api.w.org\/{rel}","templated":true}]}}