{"id":11699,"date":"2024-11-01T14:14:52","date_gmt":"2024-11-01T11:14:52","guid":{"rendered":"https:\/\/ceoparts.com\/?post_type=product&#038;p=11699"},"modified":"2026-05-16T17:04:43","modified_gmt":"2026-05-16T14:04:43","slug":"stw-ek-mxx-kart-52313703000","status":"publish","type":"product","link":"https:\/\/ceoparts.com\/de\/urun\/stw-ek-mxx-kart-52313703000\/","title":{"rendered":"STW EK MXX KARTEN- 52313703000"},"content":{"rendered":"<p>STW EK MXX KARTEN- 52313703000<\/p>","protected":false},"excerpt":{"rendered":"<p data-start=\"0\" data-end=\"329\"><br data-start=\"1292\" data-end=\"1295\" \/>STW EK MXX Karte Gebraucht ist eine originale elektronische Steuerplatine f\u00fcr Gabelstapler und Industriemaschinen. Sie verwaltet und koordiniert verschiedene elektronische Systeme im Fahrzeug. Robuste Bauweise und hochwertige elektronische Komponenten sorgen f\u00fcr lange Lebensdauer. Gepr\u00fcft und voll funktionsf\u00e4hig als Gebrauchtprodukt.<\/p>\n<p data-start=\"1632\" data-end=\"1982\"><strong data-start=\"1632\" data-end=\"1650\">Eigenschaften:<\/strong><br data-start=\"1650\" data-end=\"1653\" \/><strong data-start=\"1653\" data-end=\"1669\">Produktname:<\/strong> STW EK MXX Karte Gebraucht<br data-start=\"1696\" data-end=\"1699\" \/><strong data-start=\"1699\" data-end=\"1715\">Teilenummer:<\/strong> 52313703000<br data-start=\"1727\" data-end=\"1730\" \/><strong data-start=\"1730\" data-end=\"1743\">Material:<\/strong> Industrielle elektronische Schaltung und robustes Kunststoffgeh\u00e4use<br data-start=\"1811\" data-end=\"1814\" \/><strong data-start=\"1814\" data-end=\"1833\">Einsatzbereich:<\/strong> Elektronisches Steuerungssystem f\u00fcr Gabelstapler und Industriemaschinen<br data-start=\"1905\" data-end=\"1908\" \/><strong data-start=\"1908\" data-end=\"1920\">Vorteil:<\/strong> Robuste Bauweise, hohe Leistung, gepr\u00fcftes Gebrauchtprodukt<\/p>\n<p data-start=\"1984\" data-end=\"2321\">\n","protected":false},"featured_media":11700,"template":"","meta":[],"product_brand":[],"product_cat":[431],"product_tag":[],"class_list":{"0":"post-11699","1":"product","2":"type-product","3":"status-publish","4":"has-post-thumbnail","6":"product_cat-ekranlar-ve-kartlar","8":"first","9":"instock","10":"taxable","11":"shipping-taxable","12":"purchasable","13":"product-type-simple"},"_links":{"self":[{"href":"https:\/\/ceoparts.com\/de\/wp-json\/wp\/v2\/product\/11699","targetHints":{"allow":["GET"]}}],"collection":[{"href":"https:\/\/ceoparts.com\/de\/wp-json\/wp\/v2\/product"}],"about":[{"href":"https:\/\/ceoparts.com\/de\/wp-json\/wp\/v2\/types\/product"}],"wp:featuredmedia":[{"embeddable":true,"href":"https:\/\/ceoparts.com\/de\/wp-json\/wp\/v2\/media\/11700"}],"wp:attachment":[{"href":"https:\/\/ceoparts.com\/de\/wp-json\/wp\/v2\/media?parent=11699"}],"wp:term":[{"taxonomy":"product_brand","embeddable":true,"href":"https:\/\/ceoparts.com\/de\/wp-json\/wp\/v2\/product_brand?post=11699"},{"taxonomy":"product_cat","embeddable":true,"href":"https:\/\/ceoparts.com\/de\/wp-json\/wp\/v2\/product_cat?post=11699"},{"taxonomy":"product_tag","embeddable":true,"href":"https:\/\/ceoparts.com\/de\/wp-json\/wp\/v2\/product_tag?post=11699"}],"curies":[{"name":"wp","href":"https:\/\/api.w.org\/{rel}","templated":true}]}}