{"id":11705,"date":"2024-11-01T14:32:44","date_gmt":"2024-11-01T11:32:44","guid":{"rendered":"https:\/\/ceoparts.com\/?post_type=product&#038;p=11705"},"modified":"2026-05-16T17:17:20","modified_gmt":"2026-05-16T14:17:20","slug":"linde-mxx-ekran-devre-karti-8434921","status":"publish","type":"product","link":"https:\/\/ceoparts.com\/de\/urun\/linde-mxx-ekran-devre-karti-8434921\/","title":{"rendered":"Linde MXX Anzeige-Schaltkreisplatte &#8211; 8434921"},"content":{"rendered":"<p>Linde MXX Anzeige-Schaltkreisplatte &#8211; 8434921<\/p>","protected":false},"excerpt":{"rendered":"<p data-start=\"0\" data-end=\"350\"><br data-start=\"1374\" data-end=\"1377\" \/>Linde MXX Display-Leiterplatte Gebraucht ist eine originale Anzeigesteuerplatine f\u00fcr Gabelstapler und Industriemaschinen. Sie erm\u00f6glicht dem Bediener die Anzeige von Fahrzeugleistung und Statusinformationen. Robuste industrielle Elektronik f\u00fcr langlebigen und zuverl\u00e4ssigen Einsatz. Gepr\u00fcft und voll funktionsf\u00e4hig.<\/p>\n<p data-start=\"1694\" data-end=\"2053\"><strong data-start=\"1694\" data-end=\"1712\">Eigenschaften:<\/strong><br data-start=\"1712\" data-end=\"1715\" \/><strong data-start=\"1715\" data-end=\"1731\">Produktname:<\/strong> Linde MXX Display-Leiterplatte Gebraucht<br data-start=\"1772\" data-end=\"1775\" \/><strong data-start=\"1775\" data-end=\"1791\">Teilenummer:<\/strong> 8434921<br data-start=\"1799\" data-end=\"1802\" \/><strong data-start=\"1802\" data-end=\"1815\">Material:<\/strong> Industrielle elektronische Schaltung und robustes Kunststoffgeh\u00e4use<br data-start=\"1883\" data-end=\"1886\" \/><strong data-start=\"1886\" data-end=\"1905\">Einsatzbereich:<\/strong> Anzeige-Steuerungssystem f\u00fcr Gabelstapler und Industriemaschinen<br data-start=\"1970\" data-end=\"1973\" \/><strong data-start=\"1973\" data-end=\"1985\">Vorteil:<\/strong> Robuste Bauweise, hohe Kompatibilit\u00e4t, gepr\u00fcftes Gebrauchtprodukt<\/p>\n<p data-start=\"2055\" data-end=\"2379\">\n","protected":false},"featured_media":11709,"template":"","meta":[],"product_brand":[],"product_cat":[246,431,523],"product_tag":[],"class_list":{"0":"post-11705","1":"product","2":"type-product","3":"status-publish","4":"has-post-thumbnail","6":"product_cat-linde","7":"product_cat-ekranlar-ve-kartlar","8":"product_cat-yedek-parca-linde","10":"first","11":"instock","12":"taxable","13":"shipping-taxable","14":"purchasable","15":"product-type-simple"},"_links":{"self":[{"href":"https:\/\/ceoparts.com\/de\/wp-json\/wp\/v2\/product\/11705","targetHints":{"allow":["GET"]}}],"collection":[{"href":"https:\/\/ceoparts.com\/de\/wp-json\/wp\/v2\/product"}],"about":[{"href":"https:\/\/ceoparts.com\/de\/wp-json\/wp\/v2\/types\/product"}],"wp:featuredmedia":[{"embeddable":true,"href":"https:\/\/ceoparts.com\/de\/wp-json\/wp\/v2\/media\/11709"}],"wp:attachment":[{"href":"https:\/\/ceoparts.com\/de\/wp-json\/wp\/v2\/media?parent=11705"}],"wp:term":[{"taxonomy":"product_brand","embeddable":true,"href":"https:\/\/ceoparts.com\/de\/wp-json\/wp\/v2\/product_brand?post=11705"},{"taxonomy":"product_cat","embeddable":true,"href":"https:\/\/ceoparts.com\/de\/wp-json\/wp\/v2\/product_cat?post=11705"},{"taxonomy":"product_tag","embeddable":true,"href":"https:\/\/ceoparts.com\/de\/wp-json\/wp\/v2\/product_tag?post=11705"}],"curies":[{"name":"wp","href":"https:\/\/api.w.org\/{rel}","templated":true}]}}