{"id":11720,"date":"2024-11-04T16:56:43","date_gmt":"2024-11-04T13:56:43","guid":{"rendered":"https:\/\/ceoparts.com\/?post_type=product&#038;p=11720"},"modified":"2026-05-16T21:10:21","modified_gmt":"2026-05-16T18:10:21","slug":"still-direksiyon-karti-3903608866","status":"publish","type":"product","link":"https:\/\/ceoparts.com\/de\/urun\/still-direksiyon-karti-3903608866\/","title":{"rendered":"Still Lenkkarten Gebraucht &#8211; 3903608866"},"content":{"rendered":"<p>Still Lenkkarten Gebraucht &#8211; 3903608866<\/p>","protected":false},"excerpt":{"rendered":"<p data-start=\"0\" data-end=\"439\"><br data-start=\"1489\" data-end=\"1492\" \/>Still Lenkplatine Gebraucht ist eine originale elektronische Steuerplatine f\u00fcr Gabelstapler und Industriemaschinen. Sie steuert elektronisch die Lenkungsrichtung, Pr\u00e4zision und Reaktionszeit. Optimiert Fahrtrichtung und Man\u00f6vrierf\u00e4higkeit basierend auf Sensordaten. Robuste Bauweise und industrielle Elektronik sorgen f\u00fcr lange Lebensdauer. Gepr\u00fcft und voll funktionsf\u00e4hig als Gebrauchtprodukt.<\/p>\n<p data-start=\"1888\" data-end=\"2228\"><strong data-start=\"1888\" data-end=\"1906\">Eigenschaften:<\/strong><br data-start=\"1906\" data-end=\"1909\" \/><strong data-start=\"1909\" data-end=\"1925\">Produktname:<\/strong> Still Lenkplatine Gebraucht<br data-start=\"1953\" data-end=\"1956\" \/><strong data-start=\"1956\" data-end=\"1972\">Teilenummer:<\/strong> 3903608866<br data-start=\"1983\" data-end=\"1986\" \/><strong data-start=\"1986\" data-end=\"1999\">Material:<\/strong> Industrielle elektronische Schaltung und robustes Kunststoffgeh\u00e4use<br data-start=\"2067\" data-end=\"2070\" \/><strong data-start=\"2070\" data-end=\"2089\">Einsatzbereich:<\/strong> Lenksteuerungssystem f\u00fcr Gabelstapler und Industriemaschinen<br data-start=\"2150\" data-end=\"2153\" \/><strong data-start=\"2153\" data-end=\"2165\">Vorteil:<\/strong> Hohe Pr\u00e4zision, stabile Bauweise, gepr\u00fcftes Gebrauchtprodukt<\/p>\n<p data-start=\"2230\" data-end=\"2639\">\n","protected":false},"featured_media":11722,"template":"","meta":[],"product_brand":[],"product_cat":[241,433,524],"product_tag":[],"class_list":{"0":"post-11720","1":"product","2":"type-product","3":"status-publish","4":"has-post-thumbnail","6":"product_cat-still","7":"product_cat-ikinci-el-urunler","8":"product_cat-yedek-parca-still","10":"first","11":"instock","12":"taxable","13":"shipping-taxable","14":"purchasable","15":"product-type-simple"},"_links":{"self":[{"href":"https:\/\/ceoparts.com\/de\/wp-json\/wp\/v2\/product\/11720","targetHints":{"allow":["GET"]}}],"collection":[{"href":"https:\/\/ceoparts.com\/de\/wp-json\/wp\/v2\/product"}],"about":[{"href":"https:\/\/ceoparts.com\/de\/wp-json\/wp\/v2\/types\/product"}],"wp:featuredmedia":[{"embeddable":true,"href":"https:\/\/ceoparts.com\/de\/wp-json\/wp\/v2\/media\/11722"}],"wp:attachment":[{"href":"https:\/\/ceoparts.com\/de\/wp-json\/wp\/v2\/media?parent=11720"}],"wp:term":[{"taxonomy":"product_brand","embeddable":true,"href":"https:\/\/ceoparts.com\/de\/wp-json\/wp\/v2\/product_brand?post=11720"},{"taxonomy":"product_cat","embeddable":true,"href":"https:\/\/ceoparts.com\/de\/wp-json\/wp\/v2\/product_cat?post=11720"},{"taxonomy":"product_tag","embeddable":true,"href":"https:\/\/ceoparts.com\/de\/wp-json\/wp\/v2\/product_tag?post=11720"}],"curies":[{"name":"wp","href":"https:\/\/api.w.org\/{rel}","templated":true}]}}