{"id":11730,"date":"2024-11-04T17:19:18","date_gmt":"2024-11-04T14:19:18","guid":{"rendered":"https:\/\/ceoparts.com\/?post_type=product&#038;p=11730"},"modified":"2026-05-16T18:10:25","modified_gmt":"2026-05-16T15:10:25","slug":"still-fmx-konvartor-51523654203","status":"publish","type":"product","link":"https:\/\/ceoparts.com\/de\/urun\/still-fmx-konvartor-51523654203\/","title":{"rendered":"Still FMX Konverter Gebraucht &#8211; 51523654203"},"content":{"rendered":"<p>Still FMX Konverter Gebraucht &#8211; 51523654203<\/p>","protected":false},"excerpt":{"rendered":"<p data-start=\"73\" data-end=\"635\"><br data-start=\"1808\" data-end=\"1811\" \/>Still FMX Konverter Gebraucht ist ein originales Spannungswandler-Modul f\u00fcr Gabelstapler und Industriemaschinen. Kompatibel mit 48V- und 80V-DC-Systemen, senkt es die Ausgangsspannung sicher auf das erforderliche Niveau ab und erm\u00f6glicht so einen stabilen und kontinuierlichen Betrieb von Motorsteuerkarten, Beleuchtungssystemen und anderen elektronischen Ger\u00e4ten. Robustes Geh\u00e4use und industrielle Elektronik sorgen f\u00fcr eine lange Lebensdauer und zuverl\u00e4ssige Leistung unter rauen Einsatzbedingungen. Gepr\u00fcft und voll funktionsf\u00e4hig.<\/p>\n<p data-start=\"2347\" data-end=\"2689\"><strong data-start=\"2347\" data-end=\"2365\">Eigenschaften:<\/strong><br data-start=\"2365\" data-end=\"2368\" \/><strong data-start=\"2368\" data-end=\"2384\">Produktname:<\/strong> Still FMX Konverter Gebraucht<br data-start=\"2414\" data-end=\"2417\" \/><strong data-start=\"2417\" data-end=\"2433\">Teilenummer:<\/strong> 51523654203<br data-start=\"2445\" data-end=\"2448\" \/><strong data-start=\"2448\" data-end=\"2461\">Material:<\/strong> Industrielle elektronische Schaltung und robustes Kunststoffgeh\u00e4use<br data-start=\"2529\" data-end=\"2532\" \/><strong data-start=\"2532\" data-end=\"2551\">Einsatzbereich:<\/strong> Spannungswandler-Modul f\u00fcr Gabelstapler und Industriemaschinen<br data-start=\"2614\" data-end=\"2617\" \/><strong data-start=\"2617\" data-end=\"2629\">Vorteil:<\/strong> Hochleistungsf\u00e4hig, langlebig, gepr\u00fcftes Gebrauchtprodukt<\/p>\n<p data-start=\"2691\" data-end=\"3180\">\n","protected":false},"featured_media":11731,"template":"","meta":[],"product_brand":[],"product_cat":[241,433,524],"product_tag":[],"class_list":{"0":"post-11730","1":"product","2":"type-product","3":"status-publish","4":"has-post-thumbnail","6":"product_cat-still","7":"product_cat-ikinci-el-urunler","8":"product_cat-yedek-parca-still","10":"first","11":"instock","12":"taxable","13":"shipping-taxable","14":"purchasable","15":"product-type-simple"},"_links":{"self":[{"href":"https:\/\/ceoparts.com\/de\/wp-json\/wp\/v2\/product\/11730","targetHints":{"allow":["GET"]}}],"collection":[{"href":"https:\/\/ceoparts.com\/de\/wp-json\/wp\/v2\/product"}],"about":[{"href":"https:\/\/ceoparts.com\/de\/wp-json\/wp\/v2\/types\/product"}],"wp:featuredmedia":[{"embeddable":true,"href":"https:\/\/ceoparts.com\/de\/wp-json\/wp\/v2\/media\/11731"}],"wp:attachment":[{"href":"https:\/\/ceoparts.com\/de\/wp-json\/wp\/v2\/media?parent=11730"}],"wp:term":[{"taxonomy":"product_brand","embeddable":true,"href":"https:\/\/ceoparts.com\/de\/wp-json\/wp\/v2\/product_brand?post=11730"},{"taxonomy":"product_cat","embeddable":true,"href":"https:\/\/ceoparts.com\/de\/wp-json\/wp\/v2\/product_cat?post=11730"},{"taxonomy":"product_tag","embeddable":true,"href":"https:\/\/ceoparts.com\/de\/wp-json\/wp\/v2\/product_tag?post=11730"}],"curies":[{"name":"wp","href":"https:\/\/api.w.org\/{rel}","templated":true}]}}