{"id":11753,"date":"2024-11-05T09:44:06","date_gmt":"2024-11-05T06:44:06","guid":{"rendered":"https:\/\/ceoparts.com\/?post_type=product&#038;p=11753"},"modified":"2026-05-16T15:54:43","modified_gmt":"2026-05-16T12:54:43","slug":"still-sac-ii-umrichter-karti-ikinci-el-80v-600a-51523654201","status":"publish","type":"product","link":"https:\/\/ceoparts.com\/de\/urun\/still-sac-ii-umrichter-karti-ikinci-el-80v-600a-51523654201\/","title":{"rendered":"STILL Sac II Umrichter Kart\u0131 Gebraucht 80V 600A &#8211; 51523654201"},"content":{"rendered":"<p>STILL Sac II Umrichter Kart\u0131 Gebraucht 80V 600A &#8211; 51523654201<\/p>\n<p>STILL Sac II Umrichter Kart\u0131 Gebraucht 80V 600A &#8211; 51523654201<\/p>","protected":false},"excerpt":{"rendered":"<p data-start=\"0\" data-end=\"418\"><br data-start=\"1510\" data-end=\"1513\" \/>STILL Sac II Umrichterkarte Gebraucht ist eine Hochstrom-Spannungs- und Stromsteuerungskarte, die in Gabelstaplern und Industriemaschinen verwendet wird. Sie erm\u00f6glicht eine Leistungsverwaltung bis zu 600A in 80V-Systemen und sorgt f\u00fcr einen stabilen Betrieb von Motorsteuerungs- und Antriebssystemen. Trotz Gebrauchtzustand getestet und voll funktionsf\u00e4hig. Besonders langlebig und zuverl\u00e4ssig in industriellen Anwendungen.<\/p>\n<p data-start=\"1939\" data-end=\"2295\"><strong data-start=\"1939\" data-end=\"1957\">Eigenschaften:<\/strong><br data-start=\"1957\" data-end=\"1960\" \/><strong data-start=\"1960\" data-end=\"1976\">Produktname:<\/strong> STILL Sac II Umrichterkarte Gebraucht<br data-start=\"2014\" data-end=\"2017\" \/><strong data-start=\"2017\" data-end=\"2033\">Teilenummer:<\/strong> 51523654201<br data-start=\"2045\" data-end=\"2048\" \/><strong data-start=\"2048\" data-end=\"2061\">Material:<\/strong> Elektronische Schaltung und robuste Platine<br data-start=\"2105\" data-end=\"2108\" \/><strong data-start=\"2108\" data-end=\"2127\">Einsatzbereich:<\/strong> Motorsteuerungs- und Energiemanagementsysteme f\u00fcr Gabelstapler und Industriemaschinen<br data-start=\"2213\" data-end=\"2216\" \/><strong data-start=\"2216\" data-end=\"2228\">Vorteil:<\/strong> Hohe Stromtragf\u00e4higkeit, zuverl\u00e4ssig, gepr\u00fcftes Gebrauchtprodukt<\/p>\n<p data-start=\"2297\" data-end=\"2686\">\n","protected":false},"featured_media":11596,"template":"","meta":[],"product_brand":[],"product_cat":[241,433,524],"product_tag":[],"class_list":{"0":"post-11753","1":"product","2":"type-product","3":"status-publish","4":"has-post-thumbnail","6":"product_cat-still","7":"product_cat-ikinci-el-urunler","8":"product_cat-yedek-parca-still","10":"first","11":"instock","12":"taxable","13":"shipping-taxable","14":"purchasable","15":"product-type-simple"},"_links":{"self":[{"href":"https:\/\/ceoparts.com\/de\/wp-json\/wp\/v2\/product\/11753","targetHints":{"allow":["GET"]}}],"collection":[{"href":"https:\/\/ceoparts.com\/de\/wp-json\/wp\/v2\/product"}],"about":[{"href":"https:\/\/ceoparts.com\/de\/wp-json\/wp\/v2\/types\/product"}],"wp:featuredmedia":[{"embeddable":true,"href":"https:\/\/ceoparts.com\/de\/wp-json\/wp\/v2\/media\/11596"}],"wp:attachment":[{"href":"https:\/\/ceoparts.com\/de\/wp-json\/wp\/v2\/media?parent=11753"}],"wp:term":[{"taxonomy":"product_brand","embeddable":true,"href":"https:\/\/ceoparts.com\/de\/wp-json\/wp\/v2\/product_brand?post=11753"},{"taxonomy":"product_cat","embeddable":true,"href":"https:\/\/ceoparts.com\/de\/wp-json\/wp\/v2\/product_cat?post=11753"},{"taxonomy":"product_tag","embeddable":true,"href":"https:\/\/ceoparts.com\/de\/wp-json\/wp\/v2\/product_tag?post=11753"}],"curies":[{"name":"wp","href":"https:\/\/api.w.org\/{rel}","templated":true}]}}