{"id":11846,"date":"2024-11-06T13:51:47","date_gmt":"2024-11-06T10:51:47","guid":{"rendered":"https:\/\/ceoparts.com\/?post_type=product&#038;p=11846"},"modified":"2026-05-16T15:15:16","modified_gmt":"2026-05-16T12:15:16","slug":"still-konvartor-2-el-80v-600a-721921","status":"publish","type":"product","link":"https:\/\/ceoparts.com\/de\/urun\/still-konvartor-2-el-80v-600a-721921\/","title":{"rendered":"Gebraucht Still Konverter 80V 600A &#8211; 721921"},"content":{"rendered":"<p>Gebraucht Still Konverter 80V 600A &#8211; 721921<\/p>","protected":false},"excerpt":{"rendered":"<p data-start=\"0\" data-end=\"289\"><br data-start=\"1149\" data-end=\"1152\" \/>Still Wandler gebraucht 80V 600A ist ein langlebiger und originaler gebrauchter Spannungswandler, der in Gabelstaplern und Industriemaschinen verwendet wird. Verwaltet eine Eingangsspannung von 80V mit einer Stromkapazit\u00e4t von 600A und sorgt f\u00fcr einen stabilen Betrieb des elektrischen Systems des Ger\u00e4ts. Getestet und zuverl\u00e4ssig.<\/p>\n<p data-start=\"1485\" data-end=\"1782\"><strong data-start=\"1485\" data-end=\"1503\">Eigenschaften:<\/strong><br data-start=\"1503\" data-end=\"1506\" \/><strong data-start=\"1506\" data-end=\"1522\">Produktname:<\/strong> Still Wandler gebraucht 80V 600A<br data-start=\"1555\" data-end=\"1558\" \/><strong data-start=\"1558\" data-end=\"1574\">Teilenummer:<\/strong> 721921<br data-start=\"1581\" data-end=\"1584\" \/><strong data-start=\"1584\" data-end=\"1597\">Material:<\/strong> Elektronische und elektrische Komponenten<br data-start=\"1639\" data-end=\"1642\" \/><strong data-start=\"1642\" data-end=\"1661\">Einsatzbereich:<\/strong> Spannungswandler f\u00fcr Gabelstapler und Industriemaschinen<br data-start=\"1718\" data-end=\"1721\" \/><strong data-start=\"1721\" data-end=\"1733\">Vorteil:<\/strong> Langlebig, zuverl\u00e4ssig, gepr\u00fcfte Gebrauchtware<\/p>\n<p data-start=\"1784\" data-end=\"2094\">\n","protected":false},"featured_media":11847,"template":"","meta":[],"product_brand":[],"product_cat":[241,433,524],"product_tag":[],"class_list":{"0":"post-11846","1":"product","2":"type-product","3":"status-publish","4":"has-post-thumbnail","6":"product_cat-still","7":"product_cat-ikinci-el-urunler","8":"product_cat-yedek-parca-still","10":"first","11":"instock","12":"taxable","13":"shipping-taxable","14":"purchasable","15":"product-type-simple"},"_links":{"self":[{"href":"https:\/\/ceoparts.com\/de\/wp-json\/wp\/v2\/product\/11846","targetHints":{"allow":["GET"]}}],"collection":[{"href":"https:\/\/ceoparts.com\/de\/wp-json\/wp\/v2\/product"}],"about":[{"href":"https:\/\/ceoparts.com\/de\/wp-json\/wp\/v2\/types\/product"}],"wp:featuredmedia":[{"embeddable":true,"href":"https:\/\/ceoparts.com\/de\/wp-json\/wp\/v2\/media\/11847"}],"wp:attachment":[{"href":"https:\/\/ceoparts.com\/de\/wp-json\/wp\/v2\/media?parent=11846"}],"wp:term":[{"taxonomy":"product_brand","embeddable":true,"href":"https:\/\/ceoparts.com\/de\/wp-json\/wp\/v2\/product_brand?post=11846"},{"taxonomy":"product_cat","embeddable":true,"href":"https:\/\/ceoparts.com\/de\/wp-json\/wp\/v2\/product_cat?post=11846"},{"taxonomy":"product_tag","embeddable":true,"href":"https:\/\/ceoparts.com\/de\/wp-json\/wp\/v2\/product_tag?post=11846"}],"curies":[{"name":"wp","href":"https:\/\/api.w.org\/{rel}","templated":true}]}}