{"id":11858,"date":"2024-11-06T15:14:48","date_gmt":"2024-11-06T12:14:48","guid":{"rendered":"https:\/\/ceoparts.com\/?post_type=product&#038;p=11858"},"modified":"2026-05-16T21:15:35","modified_gmt":"2026-05-16T18:15:35","slug":"exu-grup-kart-24v-2-el-3903702068","status":"publish","type":"product","link":"https:\/\/ceoparts.com\/de\/urun\/exu-grup-kart-24v-2-el-3903702068\/","title":{"rendered":"EXU Gruppenkarte 24V Gebraucht &#8211; 3903702068"},"content":{"rendered":"<p>EXU Gruppenkarte 24V Gebraucht &#8211; 3903702068<\/p>","protected":false},"excerpt":{"rendered":"<p data-start=\"0\" data-end=\"279\"><br data-start=\"1083\" data-end=\"1086\" \/>EXU Gruppenkarte 24V gebraucht ist eine langlebige und originale gebrauchte Gruppenkarte, die in Gabelstaplern und Industriemaschinen verwendet wird. Sie arbeitet mit 24V und steuert den Stromkreis, um einen sicheren und effizienten Betrieb der Ger\u00e4te zu gew\u00e4hrleisten. Getestet und zuverl\u00e4ssig.<\/p>\n<p data-start=\"1383\" data-end=\"1674\"><strong data-start=\"1383\" data-end=\"1401\">Eigenschaften:<\/strong><br data-start=\"1401\" data-end=\"1404\" \/><strong data-start=\"1404\" data-end=\"1420\">Produktname:<\/strong> EXU Gruppenkarte 24V gebraucht<br data-start=\"1451\" data-end=\"1454\" \/><strong data-start=\"1454\" data-end=\"1470\">Teilenummer:<\/strong> 3903702068<br data-start=\"1481\" data-end=\"1484\" \/><strong data-start=\"1484\" data-end=\"1497\">Material:<\/strong> Elektronische Komponenten<br data-start=\"1523\" data-end=\"1526\" \/><strong data-start=\"1526\" data-end=\"1545\">Einsatzbereich:<\/strong> Elektrische Gruppenkarte f\u00fcr Gabelstapler und Industriemaschinen<br data-start=\"1610\" data-end=\"1613\" \/><strong data-start=\"1613\" data-end=\"1625\">Vorteil:<\/strong> Langlebig, zuverl\u00e4ssig, gepr\u00fcfte Gebrauchtware<\/p>\n<p data-start=\"1676\" data-end=\"1953\">\n","protected":false},"featured_media":11859,"template":"","meta":[],"product_brand":[],"product_cat":[433],"product_tag":[],"class_list":{"0":"post-11858","1":"product","2":"type-product","3":"status-publish","4":"has-post-thumbnail","6":"product_cat-ikinci-el-urunler","8":"first","9":"instock","10":"taxable","11":"shipping-taxable","12":"purchasable","13":"product-type-simple"},"_links":{"self":[{"href":"https:\/\/ceoparts.com\/de\/wp-json\/wp\/v2\/product\/11858","targetHints":{"allow":["GET"]}}],"collection":[{"href":"https:\/\/ceoparts.com\/de\/wp-json\/wp\/v2\/product"}],"about":[{"href":"https:\/\/ceoparts.com\/de\/wp-json\/wp\/v2\/types\/product"}],"wp:featuredmedia":[{"embeddable":true,"href":"https:\/\/ceoparts.com\/de\/wp-json\/wp\/v2\/media\/11859"}],"wp:attachment":[{"href":"https:\/\/ceoparts.com\/de\/wp-json\/wp\/v2\/media?parent=11858"}],"wp:term":[{"taxonomy":"product_brand","embeddable":true,"href":"https:\/\/ceoparts.com\/de\/wp-json\/wp\/v2\/product_brand?post=11858"},{"taxonomy":"product_cat","embeddable":true,"href":"https:\/\/ceoparts.com\/de\/wp-json\/wp\/v2\/product_cat?post=11858"},{"taxonomy":"product_tag","embeddable":true,"href":"https:\/\/ceoparts.com\/de\/wp-json\/wp\/v2\/product_tag?post=11858"}],"curies":[{"name":"wp","href":"https:\/\/api.w.org\/{rel}","templated":true}]}}