{"id":11864,"date":"2024-11-06T15:26:40","date_gmt":"2024-11-06T12:26:40","guid":{"rendered":"https:\/\/ceoparts.com\/?post_type=product&#038;p=11864"},"modified":"2026-05-16T15:36:26","modified_gmt":"2026-05-16T12:36:26","slug":"exu-grup-kart-48v-2-el-3903702010","status":"publish","type":"product","link":"https:\/\/ceoparts.com\/de\/urun\/exu-grup-kart-48v-2-el-3903702010\/","title":{"rendered":"EXU Gruppenkarte 48V Gebraucht &#8211; 3903702010"},"content":{"rendered":"<p>EXU Gruppenkarte 48V Gebraucht &#8211; 3903702010<\/p>","protected":false},"excerpt":{"rendered":"<article class=\"text-token-text-primary w-full\" dir=\"auto\" data-testid=\"conversation-turn-194\" data-scroll-anchor=\"true\">\n<div class=\"text-base my-auto mx-auto py-5 [--thread-content-margin:--spacing(4)] @[37rem]:[--thread-content-margin:--spacing(6)] @[72rem]:[--thread-content-margin:--spacing(16)] px-(--thread-content-margin)\">\n<div class=\"[--thread-content-max-width:32rem] @[34rem]:[--thread-content-max-width:40rem] @[64rem]:[--thread-content-max-width:48rem] mx-auto flex max-w-(--thread-content-max-width) flex-1 text-base gap-4 md:gap-5 lg:gap-6 group\/turn-messages focus-visible:outline-hidden\" tabindex=\"-1\">\n<div class=\"group\/conversation-turn relative flex w-full min-w-0 flex-col agent-turn\">\n<div class=\"relative flex-col gap-1 md:gap-3\">\n<div class=\"flex min-h-[46px] justify-start\">\n<div class=\"touch:-me-2 touch:-ms-3.5 -ms-2.5 -me-1 flex flex-wrap items-center gap-y-4 p-1 select-none touch:w-[calc(100%+--spacing(3.5))] -mt-1 w-[calc(100%+--spacing(2.5))] duration-[1.5s] focus-within:transition-none hover:transition-none pointer-events-none [mask-image:linear-gradient(to_right,black_33%,transparent_66%)] [mask-size:300%_100%] [mask-position:100%_0%] motion-safe:transition-[mask-position] group-hover\/turn-messages:pointer-events-auto group-hover\/turn-messages:[mask-position:0_0] group-focus-within\/turn-messages:pointer-events-auto group-focus-within\/turn-messages:[mask-position:0_0] has-data-[state=open]:pointer-events-auto has-data-[state=open]:[mask-position:0_0]\">\n<p data-start=\"0\" data-end=\"279\"><br data-start=\"1083\" data-end=\"1086\" \/>EXU Gruppenkarte 48V gebraucht ist eine langlebige und originale gebrauchte Gruppenkarte, die in Gabelstaplern und Industriemaschinen verwendet wird. Sie arbeitet mit 48V und steuert den Stromkreis, um einen sicheren und effizienten Betrieb der Ger\u00e4te zu gew\u00e4hrleisten. Getestet und zuverl\u00e4ssig.<\/p>\n<p data-start=\"1383\" data-end=\"1674\"><strong data-start=\"1383\" data-end=\"1401\">Eigenschaften:<\/strong><br data-start=\"1401\" data-end=\"1404\" \/><strong data-start=\"1404\" data-end=\"1420\">Produktname:<\/strong> EXU Gruppenkarte 48V gebraucht<br data-start=\"1451\" data-end=\"1454\" \/><strong data-start=\"1454\" data-end=\"1470\">Teilenummer:<\/strong> 3903702010<br data-start=\"1481\" data-end=\"1484\" \/><strong data-start=\"1484\" data-end=\"1497\">Material:<\/strong> Elektronische Komponenten<br data-start=\"1523\" data-end=\"1526\" \/><strong data-start=\"1526\" data-end=\"1545\">Einsatzbereich:<\/strong> Elektrische Gruppenkarte f\u00fcr Gabelstapler und Industriemaschinen<br data-start=\"1610\" data-end=\"1613\" \/><strong data-start=\"1613\" data-end=\"1625\">Vorteil:<\/strong> Langlebig, zuverl\u00e4ssig, gepr\u00fcfte Gebrauchtware<\/p>\n<p data-start=\"1676\" data-end=\"1953\">\n","protected":false},"featured_media":11865,"template":"","meta":[],"product_brand":[],"product_cat":[433],"product_tag":[],"class_list":{"0":"post-11864","1":"product","2":"type-product","3":"status-publish","4":"has-post-thumbnail","6":"product_cat-ikinci-el-urunler","8":"first","9":"instock","10":"taxable","11":"shipping-taxable","12":"purchasable","13":"product-type-simple"},"_links":{"self":[{"href":"https:\/\/ceoparts.com\/de\/wp-json\/wp\/v2\/product\/11864","targetHints":{"allow":["GET"]}}],"collection":[{"href":"https:\/\/ceoparts.com\/de\/wp-json\/wp\/v2\/product"}],"about":[{"href":"https:\/\/ceoparts.com\/de\/wp-json\/wp\/v2\/types\/product"}],"wp:featuredmedia":[{"embeddable":true,"href":"https:\/\/ceoparts.com\/de\/wp-json\/wp\/v2\/media\/11865"}],"wp:attachment":[{"href":"https:\/\/ceoparts.com\/de\/wp-json\/wp\/v2\/media?parent=11864"}],"wp:term":[{"taxonomy":"product_brand","embeddable":true,"href":"https:\/\/ceoparts.com\/de\/wp-json\/wp\/v2\/product_brand?post=11864"},{"taxonomy":"product_cat","embeddable":true,"href":"https:\/\/ceoparts.com\/de\/wp-json\/wp\/v2\/product_cat?post=11864"},{"taxonomy":"product_tag","embeddable":true,"href":"https:\/\/ceoparts.com\/de\/wp-json\/wp\/v2\/product_tag?post=11864"}],"curies":[{"name":"wp","href":"https:\/\/api.w.org\/{rel}","templated":true}]}}