{"id":11877,"date":"2024-11-06T15:47:58","date_gmt":"2024-11-06T12:47:58","guid":{"rendered":"https:\/\/ceoparts.com\/?post_type=product&#038;p=11877"},"modified":"2026-05-16T17:57:45","modified_gmt":"2026-05-16T14:57:45","slug":"exu-oval-kart-2-el-50013605307","status":"publish","type":"product","link":"https:\/\/ceoparts.com\/de\/urun\/exu-oval-kart-2-el-50013605307\/","title":{"rendered":"EXU Ovale Karte Gebraucht &#8211; 50013605307"},"content":{"rendered":"<p>EXU Ovale Karte Gebraucht &#8211; 50013605307<\/p>","protected":false},"excerpt":{"rendered":"<p data-start=\"0\" data-end=\"225\"><br data-start=\"974\" data-end=\"977\" \/>Exu Oval Karte gebraucht ist eine langlebige und originale gebrauchte ovale Karte, die in Gabelstaplern und Industriemaschinen verwendet wird. Sie sorgt f\u00fcr die \u00dcbertragung elektrischer Signale und unterst\u00fctzt die Ger\u00e4teleistung. Getestet und funktionsf\u00e4hig.<\/p>\n<p data-start=\"1237\" data-end=\"1519\"><strong data-start=\"1237\" data-end=\"1255\">Eigenschaften:<\/strong><br data-start=\"1255\" data-end=\"1258\" \/><strong data-start=\"1258\" data-end=\"1274\">Produktname:<\/strong> Exu Oval Karte gebraucht<br data-start=\"1299\" data-end=\"1302\" \/><strong data-start=\"1302\" data-end=\"1318\">Teilenummer:<\/strong> 50013605307<br data-start=\"1330\" data-end=\"1333\" \/><strong data-start=\"1333\" data-end=\"1346\">Material:<\/strong> Elektronische Komponenten<br data-start=\"1372\" data-end=\"1375\" \/><strong data-start=\"1375\" data-end=\"1394\">Einsatzbereich:<\/strong> Elektronische Karte f\u00fcr Gabelstapler und Industriemaschinen<br data-start=\"1454\" data-end=\"1457\" \/><strong data-start=\"1457\" data-end=\"1469\">Vorteil:<\/strong> Langlebig, zuverl\u00e4ssig, getestete Gebrauchtware<\/p>\n<p data-start=\"1521\" data-end=\"1771\">\n","protected":false},"featured_media":17484,"template":"","meta":[],"product_brand":[],"product_cat":[433],"product_tag":[],"class_list":{"0":"post-11877","1":"product","2":"type-product","3":"status-publish","4":"has-post-thumbnail","6":"product_cat-ikinci-el-urunler","8":"first","9":"instock","10":"taxable","11":"shipping-taxable","12":"purchasable","13":"product-type-simple"},"_links":{"self":[{"href":"https:\/\/ceoparts.com\/de\/wp-json\/wp\/v2\/product\/11877","targetHints":{"allow":["GET"]}}],"collection":[{"href":"https:\/\/ceoparts.com\/de\/wp-json\/wp\/v2\/product"}],"about":[{"href":"https:\/\/ceoparts.com\/de\/wp-json\/wp\/v2\/types\/product"}],"wp:featuredmedia":[{"embeddable":true,"href":"https:\/\/ceoparts.com\/de\/wp-json\/wp\/v2\/media\/17484"}],"wp:attachment":[{"href":"https:\/\/ceoparts.com\/de\/wp-json\/wp\/v2\/media?parent=11877"}],"wp:term":[{"taxonomy":"product_brand","embeddable":true,"href":"https:\/\/ceoparts.com\/de\/wp-json\/wp\/v2\/product_brand?post=11877"},{"taxonomy":"product_cat","embeddable":true,"href":"https:\/\/ceoparts.com\/de\/wp-json\/wp\/v2\/product_cat?post=11877"},{"taxonomy":"product_tag","embeddable":true,"href":"https:\/\/ceoparts.com\/de\/wp-json\/wp\/v2\/product_tag?post=11877"}],"curies":[{"name":"wp","href":"https:\/\/api.w.org\/{rel}","templated":true}]}}