{"id":11936,"date":"2024-11-08T11:24:45","date_gmt":"2024-11-08T08:24:45","guid":{"rendered":"https:\/\/ceoparts.com\/?post_type=product&#038;p=11936"},"modified":"2026-05-16T15:14:52","modified_gmt":"2026-05-16T12:14:52","slug":"exu-grup-kart-2-el-24v-150a-150a-3903502119-3903608571","status":"publish","type":"product","link":"https:\/\/ceoparts.com\/de\/urun\/exu-grup-kart-2-el-24v-150a-150a-3903502119-3903608571\/","title":{"rendered":"Gebrauchte EXU Gruppenkarte &#8211; 3903502119 \/ 3903608571"},"content":{"rendered":"<p>Gebrauchte EXU Gruppenkarte &#8211; 3903502119 \/ 3903608571<\/p>","protected":false},"excerpt":{"rendered":"<p data-start=\"0\" data-end=\"260\"><br data-start=\"1100\" data-end=\"1103\" \/>EXU Gruppenkarte gebraucht 24V \u2013 150A ist eine langlebige und originale Ersatzkarte, die in Gabelstaplern und Industriemaschinen verwendet wird. Sie arbeitet mit 24 Volt und 150 Ampere. Obwohl gebraucht, ist sie funktionst\u00fcchtig und gepr\u00fcft und bietet zuverl\u00e4ssige Leistung.<\/p>\n<p data-start=\"1379\" data-end=\"1683\"><strong data-start=\"1379\" data-end=\"1397\">Eigenschaften:<\/strong><br data-start=\"1397\" data-end=\"1400\" \/><strong data-start=\"1400\" data-end=\"1416\">Produktname:<\/strong> EXU Gruppenkarte gebraucht 24V \u2013 150A<br data-start=\"1454\" data-end=\"1457\" \/><strong data-start=\"1457\" data-end=\"1473\">Teilenummer:<\/strong> 3903502119 \/ 3903608571<br data-start=\"1497\" data-end=\"1500\" \/><strong data-start=\"1500\" data-end=\"1513\">Material:<\/strong> Elektronische Kartenkomponenten<br data-start=\"1545\" data-end=\"1548\" \/><strong data-start=\"1548\" data-end=\"1567\">Einsatzbereich:<\/strong> Steuerkarte f\u00fcr Gabelstapler und Industriemaschinen<br data-start=\"1619\" data-end=\"1622\" \/><strong data-start=\"1622\" data-end=\"1634\">Vorteil:<\/strong> Langlebig, zuverl\u00e4ssig, gepr\u00fcfte Gebrauchtware<\/p>\n<p data-start=\"1685\" data-end=\"1952\">\n","protected":false},"featured_media":11937,"template":"","meta":[],"product_brand":[],"product_cat":[433],"product_tag":[],"class_list":{"0":"post-11936","1":"product","2":"type-product","3":"status-publish","4":"has-post-thumbnail","6":"product_cat-ikinci-el-urunler","8":"first","9":"instock","10":"taxable","11":"shipping-taxable","12":"purchasable","13":"product-type-simple"},"_links":{"self":[{"href":"https:\/\/ceoparts.com\/de\/wp-json\/wp\/v2\/product\/11936","targetHints":{"allow":["GET"]}}],"collection":[{"href":"https:\/\/ceoparts.com\/de\/wp-json\/wp\/v2\/product"}],"about":[{"href":"https:\/\/ceoparts.com\/de\/wp-json\/wp\/v2\/types\/product"}],"wp:featuredmedia":[{"embeddable":true,"href":"https:\/\/ceoparts.com\/de\/wp-json\/wp\/v2\/media\/11937"}],"wp:attachment":[{"href":"https:\/\/ceoparts.com\/de\/wp-json\/wp\/v2\/media?parent=11936"}],"wp:term":[{"taxonomy":"product_brand","embeddable":true,"href":"https:\/\/ceoparts.com\/de\/wp-json\/wp\/v2\/product_brand?post=11936"},{"taxonomy":"product_cat","embeddable":true,"href":"https:\/\/ceoparts.com\/de\/wp-json\/wp\/v2\/product_cat?post=11936"},{"taxonomy":"product_tag","embeddable":true,"href":"https:\/\/ceoparts.com\/de\/wp-json\/wp\/v2\/product_tag?post=11936"}],"curies":[{"name":"wp","href":"https:\/\/api.w.org\/{rel}","templated":true}]}}