{"id":11944,"date":"2024-11-09T11:44:40","date_gmt":"2024-11-09T08:44:40","guid":{"rendered":"https:\/\/ceoparts.com\/?post_type=product&#038;p=11944"},"modified":"2026-05-16T17:12:28","modified_gmt":"2026-05-16T14:12:28","slug":"linde-mxx-ek-ikinci-el-52313653000","status":"publish","type":"product","link":"https:\/\/ceoparts.com\/de\/urun\/linde-mxx-ek-ikinci-el-52313653000\/","title":{"rendered":"LINDE MXX-EK Gebraucht &#8211; 52313653000"},"content":{"rendered":"<p>LINDE MXX-EK Gebraucht &#8211; 52313653000<\/p>","protected":false},"excerpt":{"rendered":"<p data-start=\"0\" data-end=\"261\"><br data-start=\"1090\" data-end=\"1093\" \/>LINDE MXX-EK Karte gebraucht ist eine langlebige und originale Ersatzkarte f\u00fcr Gabelstapler und Hubwagen. Speziell f\u00fcr das Modell MXX-EK entwickelt, bietet sie langanhaltende Leistung und zuverl\u00e4ssigen Betrieb. Obwohl gebraucht, ist sie funktionst\u00fcchtig und gepr\u00fcft.<\/p>\n<p data-start=\"1361\" data-end=\"1644\"><strong data-start=\"1361\" data-end=\"1379\">Eigenschaften:<\/strong><br data-start=\"1379\" data-end=\"1382\" \/><strong data-start=\"1382\" data-end=\"1398\">Produktname:<\/strong> LINDE MXX-EK Karte gebraucht<br data-start=\"1427\" data-end=\"1430\" \/><strong data-start=\"1430\" data-end=\"1446\">Teilenummer:<\/strong> 52313653000<br data-start=\"1458\" data-end=\"1461\" \/><strong data-start=\"1461\" data-end=\"1474\">Material:<\/strong> Elektronische Kartenkomponenten<br data-start=\"1506\" data-end=\"1509\" \/><strong data-start=\"1509\" data-end=\"1528\">Einsatzbereich:<\/strong> Steuerkarte f\u00fcr Gabelstapler und Hubwagen<br data-start=\"1570\" data-end=\"1573\" \/><strong data-start=\"1573\" data-end=\"1585\">Vorteil:<\/strong> Langlebig, zuverl\u00e4ssige Leistung, gepr\u00fcfte Gebrauchtware<\/p>\n<p data-start=\"1646\" data-end=\"1920\">\n","protected":false},"featured_media":11634,"template":"","meta":[],"product_brand":[],"product_cat":[246,433,523],"product_tag":[],"class_list":{"0":"post-11944","1":"product","2":"type-product","3":"status-publish","4":"has-post-thumbnail","6":"product_cat-linde","7":"product_cat-ikinci-el-urunler","8":"product_cat-yedek-parca-linde","10":"first","11":"instock","12":"taxable","13":"shipping-taxable","14":"purchasable","15":"product-type-simple"},"_links":{"self":[{"href":"https:\/\/ceoparts.com\/de\/wp-json\/wp\/v2\/product\/11944","targetHints":{"allow":["GET"]}}],"collection":[{"href":"https:\/\/ceoparts.com\/de\/wp-json\/wp\/v2\/product"}],"about":[{"href":"https:\/\/ceoparts.com\/de\/wp-json\/wp\/v2\/types\/product"}],"wp:featuredmedia":[{"embeddable":true,"href":"https:\/\/ceoparts.com\/de\/wp-json\/wp\/v2\/media\/11634"}],"wp:attachment":[{"href":"https:\/\/ceoparts.com\/de\/wp-json\/wp\/v2\/media?parent=11944"}],"wp:term":[{"taxonomy":"product_brand","embeddable":true,"href":"https:\/\/ceoparts.com\/de\/wp-json\/wp\/v2\/product_brand?post=11944"},{"taxonomy":"product_cat","embeddable":true,"href":"https:\/\/ceoparts.com\/de\/wp-json\/wp\/v2\/product_cat?post=11944"},{"taxonomy":"product_tag","embeddable":true,"href":"https:\/\/ceoparts.com\/de\/wp-json\/wp\/v2\/product_tag?post=11944"}],"curies":[{"name":"wp","href":"https:\/\/api.w.org\/{rel}","templated":true}]}}