{"id":11961,"date":"2024-11-11T14:30:05","date_gmt":"2024-11-11T11:30:05","guid":{"rendered":"https:\/\/ceoparts.com\/?post_type=product&#038;p=11961"},"modified":"2026-05-16T17:06:23","modified_gmt":"2026-05-16T14:06:23","slug":"140x54-60-20-msl-denge-tekeri-50432647","status":"publish","type":"product","link":"https:\/\/ceoparts.com\/de\/urun\/140x54-60-20-msl-denge-tekeri-50432647\/","title":{"rendered":"140&#215;54\/60-20 MSL Ausgleichsrad &#8211; 50432647, 50019777"},"content":{"rendered":"<p>140&#215;54\/60-20 MSL Ausgleichsrad &#8211; 50432647, 50019777<\/p>\n<p>140\u00d754\/60-20 Jungheinrich 50432647, 50019777, 51065641, 27885180,939503, 50056035 EJC,ERE,ERC,ERD,ESD,ESE,ESC<\/p>\n<p>Ko\u0142o podporowe Jungheinrich \/\u00a0Suporting wheel 140\u00d754 used on Jungheinrich<\/p>\n<p>140\u00d754\/60-20\u00a0 Alternative<\/p>\n<p>&nbsp;<\/p>\n<p>27885180, 50056035 50019777, 51065641, 50432647, 50312941<\/p>\n<p>&nbsp;<\/p>\n<p>EJC 12-16 \/ 7.96 \u2013 4.98<br \/>\nEJC 10\/12 \/ 10.97 \u2013<br \/>\nEJC 14\/16 \/ 6.98 \u2013 2.06<br \/>\nEJC-Z 14\/16 \/ 1.99 \u2013 4.05<br \/>\nEJC 12 C \/ 7.03 \u2013 1<br \/>\nEJC-20\/25 \/ 4.05 \u2013 12.06<br \/>\nEJC Z14\/Z16 \/ 5.05 \u2013 1<br \/>\nEJC 212-216 \/ 1.06 \u2013 5.08<br \/>\nEJC 220 \/ 8.06 \u2013<br \/>\nEJC 110\/112 \/ 8.07 \u2013 10.07<br \/>\nEJC 110\/112 \/ 9.07 \u2013<br \/>\nEJC 212 \/ 214 \/ 216 \/ 6.08 \u2013<br \/>\nEJC M10 \/ 6.09 \u2013 6.09 1<br \/>\nEJC 110n\/112n \/ 10.09 \u2013<\/p>\n<p>EJD 16-4 \/ 8.96 \u2013 12.99<\/p>\n<p>EJE 16-4 \/ 1.00 \u2013<\/p>\n<p>ERE 20 \/ 5.94 \u2013 6.97<br \/>\nERE 20 \/ 7.97 \u2013 9.98<br \/>\nERE 20 \/ 11.98 \u2013 1.01<br \/>\nERE 220 \/ 10.03 \u2013 9.05<br \/>\nERE 224 \/ 10.05 \u2013 9.07<br \/>\nERE 225 \/ 9.07 \u2013<br \/>\nERE 225 KP \/ 7.08 \u2013<\/p>\n<p>ERC 12-16 \/ 10.94 \u2013 3.01<br \/>\nERC-Z 12\/14 \/ 11.94 \u2013 3.01<br \/>\nERC 12-16 \/ 10.94 \u2013 3.01<br \/>\nERC 212\/214\/216 \/ 4.04 \u2013<br \/>\nERC Z12\/Z14\/Z16 \/ 4.04 \u2013<\/p>\n<p>ERD 16-20 \/ 4.95 \u2013 12.99<br \/>\nERD 16-20 \/ 7.94 \u2013 3.95<br \/>\nERD 16-20 \/ 1.00 \u2013 6.00<br \/>\nERD 16-20 \/ 3.03 \u2013 10.03<br \/>\nERD 220 \/ 10.03 \u2013<\/p>\n<p>ESE 20 \/ 3.99 \u2013 3.04<br \/>\nESE 20 \/ 4.04 \u2013 12.04<br \/>\nESE 120 \/ 1.05 \u2013<br \/>\nESE 220 \/ 1.05 \u2013 1.10<br \/>\nESE 220\/320 \/ 2.10 \u2013<\/p>\n<p>ESD 20 \/ 11.99 \u2013 7.03<br \/>\nESD 20 \/ 8.03 \u2013 12.04<br \/>\nESD 120 \/ 1.05 \u2013<\/p>\n<p>ESC 214\/216Z \/ 8.09 \u2013<\/p>","protected":false},"excerpt":{"rendered":"<p data-start=\"0\" data-end=\"287\"><br data-start=\"1185\" data-end=\"1188\" \/>140\u00d754\/60-20 MSL St\u00fctzrad ist ein robustes Rad, das in Gabelstaplern und Hubwagen f\u00fcr stabile Balance sorgt. Hergestellt mit MSL-Technologie bietet es hohe Verschlei\u00dffestigkeit und lange Lebensdauer. Gew\u00e4hrleistet eine stabile und sichere Bewegung der Maschine w\u00e4hrend des Betriebs.<\/p>\n<p data-start=\"1472\" data-end=\"1785\"><strong data-start=\"1472\" data-end=\"1490\">Eigenschaften:<\/strong><br data-start=\"1490\" data-end=\"1493\" \/><strong data-start=\"1493\" data-end=\"1509\">Produktname:<\/strong> 140\u00d754\/60-20 MSL St\u00fctzrad<br data-start=\"1535\" data-end=\"1538\" \/><strong data-start=\"1538\" data-end=\"1554\">Teilenummer:<\/strong> 50432647, 50019777<br data-start=\"1573\" data-end=\"1576\" \/><strong data-start=\"1576\" data-end=\"1589\">Material:<\/strong> Hochfestes Gummi und Metalllegierung<br data-start=\"1626\" data-end=\"1629\" \/><strong data-start=\"1629\" data-end=\"1648\">Einsatzbereich:<\/strong> St\u00fctzrad f\u00fcr Gabelstapler und Hubwagen<br data-start=\"1687\" data-end=\"1690\" \/><strong data-start=\"1690\" data-end=\"1702\">Vorteil:<\/strong> Hohe Haltbarkeit, lange Lebensdauer, hohe Verschlei\u00dffestigkeit, stabile Bewegung<\/p>\n<p data-start=\"1787\" data-end=\"2098\">\n","protected":false},"featured_media":15107,"template":"","meta":[],"product_brand":[],"product_cat":[236,237,395,396,185],"product_tag":[],"class_list":{"0":"post-11961","1":"product","2":"type-product","3":"status-publish","4":"has-post-thumbnail","6":"product_cat-jungheinrich","7":"product_cat-denge-tekeri-jungheinrich","8":"product_cat-ceoparts","9":"product_cat-denge-tekeri-ceo","10":"product_cat-denge-tekeri","12":"first","13":"instock","14":"taxable","15":"shipping-taxable","16":"purchasable","17":"product-type-simple"},"_links":{"self":[{"href":"https:\/\/ceoparts.com\/de\/wp-json\/wp\/v2\/product\/11961","targetHints":{"allow":["GET"]}}],"collection":[{"href":"https:\/\/ceoparts.com\/de\/wp-json\/wp\/v2\/product"}],"about":[{"href":"https:\/\/ceoparts.com\/de\/wp-json\/wp\/v2\/types\/product"}],"wp:featuredmedia":[{"embeddable":true,"href":"https:\/\/ceoparts.com\/de\/wp-json\/wp\/v2\/media\/15107"}],"wp:attachment":[{"href":"https:\/\/ceoparts.com\/de\/wp-json\/wp\/v2\/media?parent=11961"}],"wp:term":[{"taxonomy":"product_brand","embeddable":true,"href":"https:\/\/ceoparts.com\/de\/wp-json\/wp\/v2\/product_brand?post=11961"},{"taxonomy":"product_cat","embeddable":true,"href":"https:\/\/ceoparts.com\/de\/wp-json\/wp\/v2\/product_cat?post=11961"},{"taxonomy":"product_tag","embeddable":true,"href":"https:\/\/ceoparts.com\/de\/wp-json\/wp\/v2\/product_tag?post=11961"}],"curies":[{"name":"wp","href":"https:\/\/api.w.org\/{rel}","templated":true}]}}