{"id":11972,"date":"2024-11-12T09:05:29","date_gmt":"2024-11-12T06:05:29","guid":{"rendered":"https:\/\/ceoparts.com\/?post_type=product&#038;p=11972"},"modified":"2026-05-16T16:39:53","modified_gmt":"2026-05-16T13:39:53","slug":"215x79-89-60-msl-denge-tekeri-129920","status":"publish","type":"product","link":"https:\/\/ceoparts.com\/de\/urun\/215x79-89-60-msl-denge-tekeri-129920\/","title":{"rendered":"215&#215;79\/89-60 MSL Laufrolle  -129920"},"content":{"rendered":"<p>215&#215;79\/89-60 MSL Laufrolle  -129920<\/p>\n<p>215&#215;79\/89-60 MSL Laufrolle -129920<\/p>","protected":false},"excerpt":{"rendered":"<p data-start=\"0\" data-end=\"267\"><br data-start=\"1112\" data-end=\"1115\" \/>215\u00d779\/89-60 MSL Laufrolle ist eine langlebige Laufrolle, die in Gabelstaplern und Hubwagen verwendet wird. Hergestellt mit MSL-Technologie bietet sie hohe Verschlei\u00dffestigkeit und lange Lebensdauer. Gew\u00e4hrleistet eine stabile und sichere Bewegung der Maschine w\u00e4hrend des Betriebs.<\/p>\n<p data-start=\"1399\" data-end=\"1702\"><strong data-start=\"1399\" data-end=\"1417\">Eigenschaften:<\/strong><br data-start=\"1417\" data-end=\"1420\" \/><strong data-start=\"1420\" data-end=\"1436\">Produktname:<\/strong> 215\u00d779\/89-60 MSL Laufrolle<br data-start=\"1463\" data-end=\"1466\" \/><strong data-start=\"1466\" data-end=\"1482\">Teilenummer:<\/strong> 129920<br data-start=\"1489\" data-end=\"1492\" \/><strong data-start=\"1492\" data-end=\"1505\">Material:<\/strong> Hochfestes Gummi und Metalllegierung<br data-start=\"1542\" data-end=\"1545\" \/><strong data-start=\"1545\" data-end=\"1564\">Einsatzbereich:<\/strong> Laufrolle f\u00fcr Gabelstapler und Hubwagen<br data-start=\"1604\" data-end=\"1607\" \/><strong data-start=\"1607\" data-end=\"1619\">Vorteil:<\/strong> Hohe Haltbarkeit, lange Lebensdauer, hohe Verschlei\u00dffestigkeit, stabile Bewegung<\/p>\n<p data-start=\"1704\" data-end=\"1996\">\n","protected":false},"featured_media":12021,"template":"","meta":[],"product_brand":[],"product_cat":[395,397,193],"product_tag":[],"class_list":{"0":"post-11972","1":"product","2":"type-product","3":"status-publish","4":"has-post-thumbnail","6":"product_cat-ceoparts","7":"product_cat-yuruyus-tekeri-ceo","8":"product_cat-yuruyus-tekeri","10":"first","11":"instock","12":"taxable","13":"shipping-taxable","14":"purchasable","15":"product-type-simple"},"_links":{"self":[{"href":"https:\/\/ceoparts.com\/de\/wp-json\/wp\/v2\/product\/11972","targetHints":{"allow":["GET"]}}],"collection":[{"href":"https:\/\/ceoparts.com\/de\/wp-json\/wp\/v2\/product"}],"about":[{"href":"https:\/\/ceoparts.com\/de\/wp-json\/wp\/v2\/types\/product"}],"wp:featuredmedia":[{"embeddable":true,"href":"https:\/\/ceoparts.com\/de\/wp-json\/wp\/v2\/media\/12021"}],"wp:attachment":[{"href":"https:\/\/ceoparts.com\/de\/wp-json\/wp\/v2\/media?parent=11972"}],"wp:term":[{"taxonomy":"product_brand","embeddable":true,"href":"https:\/\/ceoparts.com\/de\/wp-json\/wp\/v2\/product_brand?post=11972"},{"taxonomy":"product_cat","embeddable":true,"href":"https:\/\/ceoparts.com\/de\/wp-json\/wp\/v2\/product_cat?post=11972"},{"taxonomy":"product_tag","embeddable":true,"href":"https:\/\/ceoparts.com\/de\/wp-json\/wp\/v2\/product_tag?post=11972"}],"curies":[{"name":"wp","href":"https:\/\/api.w.org\/{rel}","templated":true}]}}