{"id":11978,"date":"2024-11-12T09:50:39","date_gmt":"2024-11-12T06:50:39","guid":{"rendered":"https:\/\/ceoparts.com\/?post_type=product&#038;p=11978"},"modified":"2026-05-16T06:20:37","modified_gmt":"2026-05-16T03:20:37","slug":"230x70-82-65-msl-yuruyus-tekeri-108987","status":"publish","type":"product","link":"https:\/\/ceoparts.com\/de\/urun\/230x70-82-65-msl-yuruyus-tekeri-108987\/","title":{"rendered":"230&#215;70\/82-65 MSL Laufrolle &#8211; 108987"},"content":{"rendered":"<p>230&#215;70\/82-65 MSL Laufrolle &#8211; 108987<\/p>\n<p>NISSAN, ATLET, LAFIS: 108987<\/p>\n<p><strong>PLL, PSD, PSL, PLE,\u00a0<span style=\"font-family: Arial+1;\">PS, PSH<\/span><\/strong><\/p>","protected":false},"excerpt":{"rendered":"<p data-start=\"0\" data-end=\"335\"><br data-start=\"1293\" data-end=\"1296\" \/>230\u00d770\/82-65 MSL Atlet Laufrolle ist eine langlebige und leistungsstarke Laufrolle, die in Gabelstaplern und Hubwagen verwendet wird. Hergestellt mit MSL-Technologie bietet sie hohe Verschlei\u00dffestigkeit und lange Lebensdauer. Das Atlet-Design bietet hervorragende Man\u00f6vrierf\u00e4higkeit und Stabilit\u00e4t und sorgt f\u00fcr sichere Bewegung w\u00e4hrend des Betriebs.<\/p>\n<p data-start=\"1648\" data-end=\"1973\"><strong data-start=\"1648\" data-end=\"1666\">Eigenschaften:<\/strong><br data-start=\"1666\" data-end=\"1669\" \/><strong data-start=\"1669\" data-end=\"1685\">Produktname:<\/strong> 230\u00d770\/82-65 MSL Atlet Laufrolle<br data-start=\"1718\" data-end=\"1721\" \/><strong data-start=\"1721\" data-end=\"1737\">Teilenummer:<\/strong> 108987<br data-start=\"1744\" data-end=\"1747\" \/><strong data-start=\"1747\" data-end=\"1760\">Material:<\/strong> Hochfestes Gummi und Metalllegierung<br data-start=\"1797\" data-end=\"1800\" \/><strong data-start=\"1800\" data-end=\"1819\">Einsatzbereich:<\/strong> Laufrolle f\u00fcr Gabelstapler und Hubwagen<br data-start=\"1859\" data-end=\"1862\" \/><strong data-start=\"1862\" data-end=\"1874\">Vorteil:<\/strong> Hohe Haltbarkeit, lange Lebensdauer, hohe Verschlei\u00dffestigkeit, hervorragende Man\u00f6vrierf\u00e4higkeit<\/p>\n<p data-start=\"1975\" data-end=\"2345\">\n","protected":false},"featured_media":11979,"template":"","meta":[],"product_brand":[],"product_cat":[397,262,265,395,193],"product_tag":[],"class_list":{"0":"post-11978","1":"product","2":"type-product","3":"status-publish","4":"has-post-thumbnail","6":"product_cat-yuruyus-tekeri-ceo","7":"product_cat-atlet","8":"product_cat-yuruyus-tekeri-atlet","9":"product_cat-ceoparts","10":"product_cat-yuruyus-tekeri","12":"first","13":"instock","14":"taxable","15":"shipping-taxable","16":"purchasable","17":"product-type-simple"},"_links":{"self":[{"href":"https:\/\/ceoparts.com\/de\/wp-json\/wp\/v2\/product\/11978","targetHints":{"allow":["GET"]}}],"collection":[{"href":"https:\/\/ceoparts.com\/de\/wp-json\/wp\/v2\/product"}],"about":[{"href":"https:\/\/ceoparts.com\/de\/wp-json\/wp\/v2\/types\/product"}],"wp:featuredmedia":[{"embeddable":true,"href":"https:\/\/ceoparts.com\/de\/wp-json\/wp\/v2\/media\/11979"}],"wp:attachment":[{"href":"https:\/\/ceoparts.com\/de\/wp-json\/wp\/v2\/media?parent=11978"}],"wp:term":[{"taxonomy":"product_brand","embeddable":true,"href":"https:\/\/ceoparts.com\/de\/wp-json\/wp\/v2\/product_brand?post=11978"},{"taxonomy":"product_cat","embeddable":true,"href":"https:\/\/ceoparts.com\/de\/wp-json\/wp\/v2\/product_cat?post=11978"},{"taxonomy":"product_tag","embeddable":true,"href":"https:\/\/ceoparts.com\/de\/wp-json\/wp\/v2\/product_tag?post=11978"}],"curies":[{"name":"wp","href":"https:\/\/api.w.org\/{rel}","templated":true}]}}