{"id":11988,"date":"2024-11-12T10:34:05","date_gmt":"2024-11-12T07:34:05","guid":{"rendered":"https:\/\/ceoparts.com\/?post_type=product&#038;p=11988"},"modified":"2026-05-16T04:57:20","modified_gmt":"2026-05-16T01:57:20","slug":"250x100-80-msl-yuruyus-tekeri-4493241","status":"publish","type":"product","link":"https:\/\/ceoparts.com\/de\/urun\/250x100-80-msl-yuruyus-tekeri-4493241\/","title":{"rendered":"250&#215;100-80 MSL Laufrolle &#8211; 4493241, 0009903813"},"content":{"rendered":"<p>250&#215;100-80 MSL Laufrolle &#8211; 4493241, 0009903813<\/p>\n<p><\/p>\n<p>CS 10M\/711041\/06-06<br \/>\nCS 16S\/711042\/06-06<br \/>\nCS 20\/711040\/06-06<br \/>\nCS 30Z\/711043\/06-06<br \/>\nCX-T\/711050\/01-08<br \/>\nCX20\/711044\/01-07<br \/>\nCXM 10\/711045\/01-07<br \/>\nCXS 16\/711046\/01-07<br \/>\nCXZ 30\/711047\/01-07<br \/>\nEXD S20\/710249\/01-07<br \/>\nEXU-S\/710148-710149\/01-07<\/p>","protected":false},"excerpt":{"rendered":"<p data-start=\"0\" data-end=\"265\"><br data-start=\"1136\" data-end=\"1139\" \/>250\u00d7100-80 MSL Laufrolle ist eine langlebige Laufrolle, die in Gabelstaplern und Hubwagen verwendet wird. Hergestellt mit MSL-Technologie bietet sie hohe Verschlei\u00dffestigkeit und lange Lebensdauer. Gew\u00e4hrleistet stabile und sichere Bewegung der Maschine w\u00e4hrend des Betriebs.<\/p>\n<p data-start=\"1416\" data-end=\"1730\"><strong data-start=\"1416\" data-end=\"1434\">Eigenschaften:<\/strong><br data-start=\"1434\" data-end=\"1437\" \/><strong data-start=\"1437\" data-end=\"1453\">Produktname:<\/strong> 250\u00d7100-80 MSL Laufrolle<br data-start=\"1478\" data-end=\"1481\" \/><strong data-start=\"1481\" data-end=\"1497\">Teilenummer:<\/strong> 4493241, 0009903813<br data-start=\"1517\" data-end=\"1520\" \/><strong data-start=\"1520\" data-end=\"1533\">Material:<\/strong> Hochfestes Gummi und Metalllegierung<br data-start=\"1570\" data-end=\"1573\" \/><strong data-start=\"1573\" data-end=\"1592\">Einsatzbereich:<\/strong> Laufrolle f\u00fcr Gabelstapler und Hubwagen<br data-start=\"1632\" data-end=\"1635\" \/><strong data-start=\"1635\" data-end=\"1647\">Vorteil:<\/strong> Hohe Haltbarkeit, lange Lebensdauer, hohe Verschlei\u00dffestigkeit, stabile Bewegung<\/p>\n<p data-start=\"1732\" data-end=\"2022\">\n","protected":false},"featured_media":11989,"template":"","meta":[],"product_brand":[],"product_cat":[395,397,193],"product_tag":[],"class_list":{"0":"post-11988","1":"product","2":"type-product","3":"status-publish","4":"has-post-thumbnail","6":"product_cat-ceoparts","7":"product_cat-yuruyus-tekeri-ceo","8":"product_cat-yuruyus-tekeri","10":"first","11":"instock","12":"taxable","13":"shipping-taxable","14":"purchasable","15":"product-type-simple"},"_links":{"self":[{"href":"https:\/\/ceoparts.com\/de\/wp-json\/wp\/v2\/product\/11988","targetHints":{"allow":["GET"]}}],"collection":[{"href":"https:\/\/ceoparts.com\/de\/wp-json\/wp\/v2\/product"}],"about":[{"href":"https:\/\/ceoparts.com\/de\/wp-json\/wp\/v2\/types\/product"}],"wp:featuredmedia":[{"embeddable":true,"href":"https:\/\/ceoparts.com\/de\/wp-json\/wp\/v2\/media\/11989"}],"wp:attachment":[{"href":"https:\/\/ceoparts.com\/de\/wp-json\/wp\/v2\/media?parent=11988"}],"wp:term":[{"taxonomy":"product_brand","embeddable":true,"href":"https:\/\/ceoparts.com\/de\/wp-json\/wp\/v2\/product_brand?post=11988"},{"taxonomy":"product_cat","embeddable":true,"href":"https:\/\/ceoparts.com\/de\/wp-json\/wp\/v2\/product_cat?post=11988"},{"taxonomy":"product_tag","embeddable":true,"href":"https:\/\/ceoparts.com\/de\/wp-json\/wp\/v2\/product_tag?post=11988"}],"curies":[{"name":"wp","href":"https:\/\/api.w.org\/{rel}","templated":true}]}}