{"id":11993,"date":"2024-11-12T10:38:24","date_gmt":"2024-11-12T07:38:24","guid":{"rendered":"https:\/\/ceoparts.com\/?post_type=product&#038;p=11993"},"modified":"2026-05-16T03:49:00","modified_gmt":"2026-05-16T00:49:00","slug":"285x100-msl-yuk-tekeri-0029903807-0009903910","status":"publish","type":"product","link":"https:\/\/ceoparts.com\/de\/urun\/285x100-msl-yuk-tekeri-0029903807-0009903910\/","title":{"rendered":"285&#215;100 MSL Lastrad &#8211; 0029903807 \/ 0009903910"},"content":{"rendered":"<p>285&#215;100 MSL Lastrad &#8211; 0029903807 \/ 0009903910<\/p>\n<p><\/p>\n<p>Linde 285&#215;100\u00a0 0029902329, 0029903807<\/p>\n<p>Linde R10\/12\/14 Seria 115 C,<\/p>\n<p>Linde R14\/16\/20 Seria 115-02,<\/p>\n<p>Linde R14\/16\/20 Seria 113<\/p>","protected":false},"excerpt":{"rendered":"<p data-start=\"0\" data-end=\"284\"><br data-start=\"1127\" data-end=\"1130\" \/>Das <strong data-start=\"1134\" data-end=\"1182\">285&#215;100 MSL Last-Rad 0029903807 \/ 0009903910<\/strong> ist ein hochwertiges Ersatzrad f\u00fcr Gabelstapler, das f\u00fcr hohe Haltbarkeit entwickelt wurde und die Tragf\u00e4higkeit des Gabelstaplers verbessert. Die robuste Konstruktion gew\u00e4hrleistet eine lange Lebensdauer und unterst\u00fctzt die Stabilit\u00e4t des Gabelstaplers.<\/p>\n<p data-start=\"1439\" data-end=\"1727\"><strong data-start=\"1439\" data-end=\"1457\">Eigenschaften:<\/strong><br data-start=\"1457\" data-end=\"1460\" \/><strong data-start=\"1460\" data-end=\"1476\">Produktname:<\/strong> 285&#215;100 MSL Last-Rad<br data-start=\"1497\" data-end=\"1500\" \/><strong data-start=\"1500\" data-end=\"1516\">Teilenummer:<\/strong> 0029903807 \/ 0009903910<br data-start=\"1540\" data-end=\"1543\" \/><strong data-start=\"1543\" data-end=\"1556\">Material:<\/strong> Robuster Gummi und Metallkomponenten<br data-start=\"1593\" data-end=\"1596\" \/><strong data-start=\"1596\" data-end=\"1618\">Anwendungsbereich:<\/strong> Lastentragende Systeme von Gabelstaplern<br data-start=\"1659\" data-end=\"1662\" \/><strong data-start=\"1662\" data-end=\"1674\">Vorteil:<\/strong> Hohe Haltbarkeit, stabile Fahrt, lange Lebensdauer<\/p>\n<p data-start=\"1729\" data-end=\"2017\">\n","protected":false},"featured_media":12012,"template":"","meta":[],"product_brand":[],"product_cat":[246,250,395,399,194],"product_tag":[],"class_list":{"0":"post-11993","1":"product","2":"type-product","3":"status-publish","4":"has-post-thumbnail","6":"product_cat-linde","7":"product_cat-yuk-tekeri-linde","8":"product_cat-ceoparts","9":"product_cat-yuk-tekeri-ceo","10":"product_cat-yuk-tekeri","12":"first","13":"instock","14":"taxable","15":"shipping-taxable","16":"purchasable","17":"product-type-simple"},"_links":{"self":[{"href":"https:\/\/ceoparts.com\/de\/wp-json\/wp\/v2\/product\/11993","targetHints":{"allow":["GET"]}}],"collection":[{"href":"https:\/\/ceoparts.com\/de\/wp-json\/wp\/v2\/product"}],"about":[{"href":"https:\/\/ceoparts.com\/de\/wp-json\/wp\/v2\/types\/product"}],"wp:featuredmedia":[{"embeddable":true,"href":"https:\/\/ceoparts.com\/de\/wp-json\/wp\/v2\/media\/12012"}],"wp:attachment":[{"href":"https:\/\/ceoparts.com\/de\/wp-json\/wp\/v2\/media?parent=11993"}],"wp:term":[{"taxonomy":"product_brand","embeddable":true,"href":"https:\/\/ceoparts.com\/de\/wp-json\/wp\/v2\/product_brand?post=11993"},{"taxonomy":"product_cat","embeddable":true,"href":"https:\/\/ceoparts.com\/de\/wp-json\/wp\/v2\/product_cat?post=11993"},{"taxonomy":"product_tag","embeddable":true,"href":"https:\/\/ceoparts.com\/de\/wp-json\/wp\/v2\/product_tag?post=11993"}],"curies":[{"name":"wp","href":"https:\/\/api.w.org\/{rel}","templated":true}]}}