{"id":11998,"date":"2024-11-12T10:42:29","date_gmt":"2024-11-12T07:42:29","guid":{"rendered":"https:\/\/ceoparts.com\/?post_type=product&#038;p=11998"},"modified":"2026-05-16T05:01:07","modified_gmt":"2026-05-16T02:01:07","slug":"285x100-msl-yuk-tekeri-4021574","status":"publish","type":"product","link":"https:\/\/ceoparts.com\/de\/urun\/285x100-msl-yuk-tekeri-4021574\/","title":{"rendered":"285&#215;100 MSL Lastrad &#8211; 4021574, 550044345"},"content":{"rendered":"<div class=\"wpb-content-wrapper\"><p>285&#215;100 MSL Lastrad &#8211; 4021574, 550044345<\/p>\n<p>[vc_row][vc_column][vc_column_text css=&#8221;&#8221; woodmart_inline=&#8221;no&#8221; text_larger=&#8221;no&#8221;][\/vc_column_text][\/vc_column][\/vc_row]<\/p>\n<\/div>","protected":false},"excerpt":{"rendered":"<p data-start=\"0\" data-end=\"320\"><br data-start=\"1232\" data-end=\"1235\" \/>285\u00d7100 MSL Lastrolle Stern ist eine hochwertige Lastrolle, die in Gabelstaplern und Hubwagen verwendet wird. Hergestellt mit MSL-Technologie bietet ihre langlebige Struktur und hohe Verschlei\u00dffestigkeit hohe Tragf\u00e4higkeit. Das Stern-Design erh\u00f6ht die Stabilit\u00e4t und sorgt f\u00fcr sichere Bewegung w\u00e4hrend des Betriebs.<\/p>\n<p data-start=\"1552\" data-end=\"1870\"><strong data-start=\"1552\" data-end=\"1570\">Eigenschaften:<\/strong><br data-start=\"1570\" data-end=\"1573\" \/><strong data-start=\"1573\" data-end=\"1589\">Produktname:<\/strong> 285\u00d7100 MSL Lastrolle Stern<br data-start=\"1617\" data-end=\"1620\" \/><strong data-start=\"1620\" data-end=\"1636\">Teilenummer:<\/strong> 4021574, 550044345<br data-start=\"1655\" data-end=\"1658\" \/><strong data-start=\"1658\" data-end=\"1671\">Material:<\/strong> Hochfestes Gummi und Metalllegierung<br data-start=\"1708\" data-end=\"1711\" \/><strong data-start=\"1711\" data-end=\"1730\">Einsatzbereich:<\/strong> Lastrolle f\u00fcr Gabelstapler und Hubwagen<br data-start=\"1770\" data-end=\"1773\" \/><strong data-start=\"1773\" data-end=\"1785\">Vorteil:<\/strong> Hohe Haltbarkeit, lange Lebensdauer, hohe Verschlei\u00dffestigkeit, erh\u00f6hte Stabilit\u00e4t<\/p>\n<p data-start=\"1872\" data-end=\"2249\">\n","protected":false},"featured_media":11999,"template":"","meta":[],"product_brand":[],"product_cat":[395,399,194],"product_tag":[],"class_list":{"0":"post-11998","1":"product","2":"type-product","3":"status-publish","4":"has-post-thumbnail","6":"product_cat-ceoparts","7":"product_cat-yuk-tekeri-ceo","8":"product_cat-yuk-tekeri","10":"first","11":"instock","12":"taxable","13":"shipping-taxable","14":"purchasable","15":"product-type-simple"},"_links":{"self":[{"href":"https:\/\/ceoparts.com\/de\/wp-json\/wp\/v2\/product\/11998","targetHints":{"allow":["GET"]}}],"collection":[{"href":"https:\/\/ceoparts.com\/de\/wp-json\/wp\/v2\/product"}],"about":[{"href":"https:\/\/ceoparts.com\/de\/wp-json\/wp\/v2\/types\/product"}],"wp:featuredmedia":[{"embeddable":true,"href":"https:\/\/ceoparts.com\/de\/wp-json\/wp\/v2\/media\/11999"}],"wp:attachment":[{"href":"https:\/\/ceoparts.com\/de\/wp-json\/wp\/v2\/media?parent=11998"}],"wp:term":[{"taxonomy":"product_brand","embeddable":true,"href":"https:\/\/ceoparts.com\/de\/wp-json\/wp\/v2\/product_brand?post=11998"},{"taxonomy":"product_cat","embeddable":true,"href":"https:\/\/ceoparts.com\/de\/wp-json\/wp\/v2\/product_cat?post=11998"},{"taxonomy":"product_tag","embeddable":true,"href":"https:\/\/ceoparts.com\/de\/wp-json\/wp\/v2\/product_tag?post=11998"}],"curies":[{"name":"wp","href":"https:\/\/api.w.org\/{rel}","templated":true}]}}