{"id":12007,"date":"2024-11-12T11:13:39","date_gmt":"2024-11-12T08:13:39","guid":{"rendered":"https:\/\/ceoparts.com\/?post_type=product&#038;p=12007"},"modified":"2026-05-16T12:46:02","modified_gmt":"2026-05-16T09:46:02","slug":"350x140-80-7b-msl-yuruyus-tekeri-201332","status":"publish","type":"product","link":"https:\/\/ceoparts.com\/de\/urun\/350x140-80-7b-msl-yuruyus-tekeri-201332\/","title":{"rendered":"350&#215;140-80 7B MSL Laufrolle &#8211; 201332"},"content":{"rendered":"<p>350&#215;140-80 7B MSL Laufrolle &#8211; 201332<\/p>\n<p>201332\u00a0\u00a0 350&#215;120\/140&#215;80<\/p>\n<p>RRE 140<br \/>\nRRE 140C<br \/>\nRRE 140E<br \/>\nRRE 140EC<br \/>\nRRE 160<br \/>\nRRE 160C<br \/>\nRRE 160E<br \/>\nRRE 160EC<br \/>\nLRE 300<br \/>\nLRE 300T<\/p>","protected":false},"excerpt":{"rendered":"<p data-start=\"0\" data-end=\"337\"><br data-start=\"1256\" data-end=\"1259\" \/>350\u00d7140-80 7B MSL Laufrolle ist eine hochbelastbare Laufrolle, die in Gabelstaplern und Hubwagen verwendet wird. Ihre robuste Bauweise und hochwertige Materialien bieten hohe Tragf\u00e4higkeit. Hergestellt mit MSL-Technologie, bietet sie hohe Verschlei\u00dffestigkeit und lange Lebensdauer. Gew\u00e4hrleistet stabile und sichere Bewegung w\u00e4hrend des Betriebs.<\/p>\n<p data-start=\"1608\" data-end=\"1912\"><strong data-start=\"1608\" data-end=\"1626\">Eigenschaften:<\/strong><br data-start=\"1626\" data-end=\"1629\" \/><strong data-start=\"1629\" data-end=\"1645\">Produktname:<\/strong> 350\u00d7140-80 7B MSL Laufrolle<br data-start=\"1673\" data-end=\"1676\" \/><strong data-start=\"1676\" data-end=\"1692\">Teilenummer:<\/strong> 201332<br data-start=\"1699\" data-end=\"1702\" \/><strong data-start=\"1702\" data-end=\"1715\">Material:<\/strong> Hochfestes Gummi und Metalllegierung<br data-start=\"1752\" data-end=\"1755\" \/><strong data-start=\"1755\" data-end=\"1774\">Einsatzbereich:<\/strong> Laufrolle f\u00fcr Gabelstapler und Hubwagen<br data-start=\"1814\" data-end=\"1817\" \/><strong data-start=\"1817\" data-end=\"1829\">Vorteil:<\/strong> Hohe Haltbarkeit, lange Lebensdauer, hohe Verschlei\u00dffestigkeit, stabile Bewegung<\/p>\n<p data-start=\"1914\" data-end=\"2286\">\n","protected":false},"featured_media":12008,"template":"","meta":[],"product_brand":[],"product_cat":[395,397,193],"product_tag":[],"class_list":{"0":"post-12007","1":"product","2":"type-product","3":"status-publish","4":"has-post-thumbnail","6":"product_cat-ceoparts","7":"product_cat-yuruyus-tekeri-ceo","8":"product_cat-yuruyus-tekeri","10":"first","11":"instock","12":"taxable","13":"shipping-taxable","14":"purchasable","15":"product-type-simple"},"_links":{"self":[{"href":"https:\/\/ceoparts.com\/de\/wp-json\/wp\/v2\/product\/12007","targetHints":{"allow":["GET"]}}],"collection":[{"href":"https:\/\/ceoparts.com\/de\/wp-json\/wp\/v2\/product"}],"about":[{"href":"https:\/\/ceoparts.com\/de\/wp-json\/wp\/v2\/types\/product"}],"wp:featuredmedia":[{"embeddable":true,"href":"https:\/\/ceoparts.com\/de\/wp-json\/wp\/v2\/media\/12008"}],"wp:attachment":[{"href":"https:\/\/ceoparts.com\/de\/wp-json\/wp\/v2\/media?parent=12007"}],"wp:term":[{"taxonomy":"product_brand","embeddable":true,"href":"https:\/\/ceoparts.com\/de\/wp-json\/wp\/v2\/product_brand?post=12007"},{"taxonomy":"product_cat","embeddable":true,"href":"https:\/\/ceoparts.com\/de\/wp-json\/wp\/v2\/product_cat?post=12007"},{"taxonomy":"product_tag","embeddable":true,"href":"https:\/\/ceoparts.com\/de\/wp-json\/wp\/v2\/product_tag?post=12007"}],"curies":[{"name":"wp","href":"https:\/\/api.w.org\/{rel}","templated":true}]}}