{"id":12085,"date":"2024-12-27T09:48:42","date_gmt":"2024-12-27T06:48:42","guid":{"rendered":"https:\/\/ceoparts.com\/?post_type=product&#038;p=12085"},"modified":"2026-05-16T12:01:08","modified_gmt":"2026-05-16T09:01:08","slug":"39-x-16-mm-ere-120-catal-mekanizma-burcu-51450582","status":"publish","type":"product","link":"https:\/\/ceoparts.com\/de\/urun\/39-x-16-mm-ere-120-catal-mekanizma-burcu-51450582\/","title":{"rendered":"39&#215;16 mm ERE 120 Gabelmechanismus Buchse &#8211; 51450582"},"content":{"rendered":"<p>39&#215;16 mm ERE 120 Gabelmechanismus Buchse &#8211; 51450582<\/p>\n<p>Jungheinrich 51450582<\/p>\n<p>ERC 215a 11.12 &#8211;<br \/>\nERE 120 \/ 125 \/ 225 10.16 &#8211;<br \/>\nERE 120 \/ 125 \/ 225 (ABD) 10.16 &#8211;<br \/>\nEJE 114 \/ 116 \/ 118 \/ 120 3.18 &#8211;<br \/>\nEJE 120 ABD 3.18 &#8211;<br \/>\nPW23P 3.18 &#8211;<br \/>\n2WP4500 3,18 &#8211;<br \/>\nEJE 222\/225 8,18 &#8211;<br \/>\nEJE 225 (ABD) 8,18 &#8211;<br \/>\nPW30P 8,18 &#8211;<br \/>\n2WP6000 8,18 &#8211;<br \/>\nEJE C20 9,18 &#8211;<br \/>\nEJE C20 (ABD) 9,18 &#8211;<br \/>\nEJE 114-120 fvz 8.19 &#8211;<br \/>\nEJE 230-235 2.20 &#8211;<br \/>\nERE 225i 10.21 &#8211;<br \/>\nERE 225i (ABD) 10.21 &#8211;<\/p>","protected":false},"excerpt":{"rendered":"<p data-start=\"0\" data-end=\"418\"><br data-start=\"1447\" data-end=\"1450\" \/>39\u00d716 mm ERE 120 Gabelmechanismusbuchse ist ein robustes und speziell entwickeltes Bauteil, das im Gabelmechanismus von Gabelstaplern und Hubwagen des Modells ERE 120 verwendet wird, um Achsverbindungen beweglicher Teile zu unterst\u00fctzen und Verschlei\u00df zu verhindern. Hergestellt aus hochfestem Stahl, bietet sie hervorragenden Schutz gegen Reibung und St\u00f6\u00dfe und sorgt f\u00fcr einen stabilen, leisen und sicheren Betrieb.<\/p>\n<p data-start=\"1868\" data-end=\"2196\"><strong data-start=\"1868\" data-end=\"1886\">Eigenschaften:<\/strong><br data-start=\"1886\" data-end=\"1889\" \/><strong data-start=\"1889\" data-end=\"1905\">Produktname:<\/strong> 39\u00d716 mm ERE 120 Gabelmechanismusbuchse<br data-start=\"1945\" data-end=\"1948\" \/><strong data-start=\"1948\" data-end=\"1964\">Teilenummer:<\/strong> 51450582<br data-start=\"1973\" data-end=\"1976\" \/><strong data-start=\"1976\" data-end=\"1989\">Material:<\/strong> Hochfester Stahl<br data-start=\"2006\" data-end=\"2009\" \/><strong data-start=\"2009\" data-end=\"2028\">Einsatzbereich:<\/strong> Gabelmechanismus-Verbindungen von Gabelstaplern und Hubwagen Modell ERE 120<br data-start=\"2104\" data-end=\"2107\" \/><strong data-start=\"2107\" data-end=\"2119\">Vorteil:<\/strong> Verschlei\u00df- und schlagfest, lange Lebensdauer, leiser und stabiler Betrieb<\/p>\n<p data-start=\"2198\" data-end=\"2558\">\n","protected":false},"featured_media":12263,"template":"","meta":[],"product_brand":[],"product_cat":[441,464,465],"product_tag":[],"class_list":{"0":"post-12085","1":"product","2":"type-product","3":"status-publish","4":"has-post-thumbnail","6":"product_cat-yedek-parca","7":"product_cat-burc-ve-mill-grubu","8":"product_cat-catal-burclari","10":"first","11":"instock","12":"taxable","13":"shipping-taxable","14":"purchasable","15":"product-type-simple"},"_links":{"self":[{"href":"https:\/\/ceoparts.com\/de\/wp-json\/wp\/v2\/product\/12085","targetHints":{"allow":["GET"]}}],"collection":[{"href":"https:\/\/ceoparts.com\/de\/wp-json\/wp\/v2\/product"}],"about":[{"href":"https:\/\/ceoparts.com\/de\/wp-json\/wp\/v2\/types\/product"}],"wp:featuredmedia":[{"embeddable":true,"href":"https:\/\/ceoparts.com\/de\/wp-json\/wp\/v2\/media\/12263"}],"wp:attachment":[{"href":"https:\/\/ceoparts.com\/de\/wp-json\/wp\/v2\/media?parent=12085"}],"wp:term":[{"taxonomy":"product_brand","embeddable":true,"href":"https:\/\/ceoparts.com\/de\/wp-json\/wp\/v2\/product_brand?post=12085"},{"taxonomy":"product_cat","embeddable":true,"href":"https:\/\/ceoparts.com\/de\/wp-json\/wp\/v2\/product_cat?post=12085"},{"taxonomy":"product_tag","embeddable":true,"href":"https:\/\/ceoparts.com\/de\/wp-json\/wp\/v2\/product_tag?post=12085"}],"curies":[{"name":"wp","href":"https:\/\/api.w.org\/{rel}","templated":true}]}}