{"id":12090,"date":"2024-12-27T10:19:29","date_gmt":"2024-12-27T07:19:29","guid":{"rendered":"https:\/\/ceoparts.com\/?post_type=product&#038;p=12090"},"modified":"2026-05-16T15:31:39","modified_gmt":"2026-05-16T12:31:39","slug":"35-x-30-mm-kompozit-duz-burc","status":"publish","type":"product","link":"https:\/\/ceoparts.com\/de\/urun\/35-x-30-mm-kompozit-duz-burc\/","title":{"rendered":"35&#215;30 mm Gabelmechanismus Buchse"},"content":{"rendered":"<p>35&#215;30 mm Gabelmechanismus Buchse<\/p>","protected":false},"excerpt":{"rendered":"<p data-start=\"0\" data-end=\"370\"><br data-start=\"1273\" data-end=\"1276\" \/>35\u00d730 mm Gabelmechanismusbuchse ist ein robustes Bauteil, das in den Gabelsystemen von Gabelstaplern und Hubwagen verwendet wird, um Achsverbindungen beweglicher Teile zu unterst\u00fctzen und Verschlei\u00df zu verhindern. Hergestellt aus hochwertigem Stahl, bietet sie ausgezeichneten Schutz gegen Reibung und St\u00f6\u00dfe und sorgt f\u00fcr einen stabilen, leisen und sicheren Betrieb.<\/p>\n<p data-start=\"1644\" data-end=\"1942\"><strong data-start=\"1644\" data-end=\"1662\">Eigenschaften:<\/strong><br data-start=\"1662\" data-end=\"1665\" \/><strong data-start=\"1665\" data-end=\"1681\">Produktname:<\/strong> 35\u00d730 mm Gabelmechanismusbuchse<br data-start=\"1713\" data-end=\"1716\" \/><strong data-start=\"1716\" data-end=\"1732\">Teilenummer:<\/strong> &#8211;<br data-start=\"1734\" data-end=\"1737\" \/><strong data-start=\"1737\" data-end=\"1750\">Material:<\/strong> Hochfester Stahl<br data-start=\"1767\" data-end=\"1770\" \/><strong data-start=\"1770\" data-end=\"1789\">Einsatzbereich:<\/strong> Gabelmechanismus-Verbindungen von Gabelstaplern und Hubwagen<br data-start=\"1850\" data-end=\"1853\" \/><strong data-start=\"1853\" data-end=\"1865\">Vorteil:<\/strong> Verschlei\u00df- und schlagfest, lange Lebensdauer, leiser und stabiler Betrieb<\/p>\n<p data-start=\"1944\" data-end=\"2248\">\n","protected":false},"featured_media":12267,"template":"","meta":[],"product_brand":[],"product_cat":[441,464,465],"product_tag":[],"class_list":{"0":"post-12090","1":"product","2":"type-product","3":"status-publish","4":"has-post-thumbnail","6":"product_cat-yedek-parca","7":"product_cat-burc-ve-mill-grubu","8":"product_cat-catal-burclari","10":"first","11":"instock","12":"taxable","13":"shipping-taxable","14":"purchasable","15":"product-type-simple"},"_links":{"self":[{"href":"https:\/\/ceoparts.com\/de\/wp-json\/wp\/v2\/product\/12090","targetHints":{"allow":["GET"]}}],"collection":[{"href":"https:\/\/ceoparts.com\/de\/wp-json\/wp\/v2\/product"}],"about":[{"href":"https:\/\/ceoparts.com\/de\/wp-json\/wp\/v2\/types\/product"}],"wp:featuredmedia":[{"embeddable":true,"href":"https:\/\/ceoparts.com\/de\/wp-json\/wp\/v2\/media\/12267"}],"wp:attachment":[{"href":"https:\/\/ceoparts.com\/de\/wp-json\/wp\/v2\/media?parent=12090"}],"wp:term":[{"taxonomy":"product_brand","embeddable":true,"href":"https:\/\/ceoparts.com\/de\/wp-json\/wp\/v2\/product_brand?post=12090"},{"taxonomy":"product_cat","embeddable":true,"href":"https:\/\/ceoparts.com\/de\/wp-json\/wp\/v2\/product_cat?post=12090"},{"taxonomy":"product_tag","embeddable":true,"href":"https:\/\/ceoparts.com\/de\/wp-json\/wp\/v2\/product_tag?post=12090"}],"curies":[{"name":"wp","href":"https:\/\/api.w.org\/{rel}","templated":true}]}}