{"id":12096,"date":"2024-12-27T10:52:47","date_gmt":"2024-12-27T07:52:47","guid":{"rendered":"https:\/\/ceoparts.com\/?post_type=product&#038;p=12096"},"modified":"2026-05-16T18:58:10","modified_gmt":"2026-05-16T15:58:10","slug":"30x30-mm-catal-mekanizma-burc","status":"publish","type":"product","link":"https:\/\/ceoparts.com\/de\/urun\/30x30-mm-catal-mekanizma-burc\/","title":{"rendered":"30&#215;30 mm Gabelmechanismus Buchse"},"content":{"rendered":"<p>30&#215;30 mm Gabelmechanismus Buchse<\/p>","protected":false},"excerpt":{"rendered":"<p data-start=\"0\" data-end=\"357\"><br data-start=\"1272\" data-end=\"1275\" \/>30\u00d730 mm Gabelmechanismusbuchse ist ein robustes Bauteil, das in den Gabelsystemen von Gabelstaplern und Hubwagen verwendet wird, um Achsverbindungen beweglicher Teile zu unterst\u00fctzen und Verschlei\u00df zu verhindern. Hergestellt aus hochwertigem Stahl, bietet sie hervorragende Widerstandsf\u00e4higkeit gegen Reibung und St\u00f6\u00dfe und sorgt f\u00fcr einen stabilen, leisen und sicheren Betrieb des Gabelmechanismus.<\/p>\n<p data-start=\"1676\" data-end=\"1974\"><strong data-start=\"1676\" data-end=\"1694\">Eigenschaften:<\/strong><br data-start=\"1694\" data-end=\"1697\" \/><strong data-start=\"1697\" data-end=\"1713\">Produktname:<\/strong> 30\u00d730 mm Gabelmechanismusbuchse<br data-start=\"1745\" data-end=\"1748\" \/><strong data-start=\"1748\" data-end=\"1764\">Teilenummer:<\/strong> &#8211;<br data-start=\"1766\" data-end=\"1769\" \/><strong data-start=\"1769\" data-end=\"1782\">Material:<\/strong> Hochfester Stahl<br data-start=\"1799\" data-end=\"1802\" \/><strong data-start=\"1802\" data-end=\"1821\">Einsatzbereich:<\/strong> Gabelmechanismus-Verbindungen von Gabelstaplern und Hubwagen<br data-start=\"1882\" data-end=\"1885\" \/><strong data-start=\"1885\" data-end=\"1897\">Vorteil:<\/strong> Verschlei\u00df- und schlagfest, lange Lebensdauer, leiser und stabiler Betrieb<\/p>\n<p data-start=\"1976\" data-end=\"2297\">\n","protected":false},"featured_media":12271,"template":"","meta":[],"product_brand":[],"product_cat":[441,464,465],"product_tag":[],"class_list":{"0":"post-12096","1":"product","2":"type-product","3":"status-publish","4":"has-post-thumbnail","6":"product_cat-yedek-parca","7":"product_cat-burc-ve-mill-grubu","8":"product_cat-catal-burclari","10":"first","11":"instock","12":"taxable","13":"shipping-taxable","14":"purchasable","15":"product-type-simple"},"_links":{"self":[{"href":"https:\/\/ceoparts.com\/de\/wp-json\/wp\/v2\/product\/12096","targetHints":{"allow":["GET"]}}],"collection":[{"href":"https:\/\/ceoparts.com\/de\/wp-json\/wp\/v2\/product"}],"about":[{"href":"https:\/\/ceoparts.com\/de\/wp-json\/wp\/v2\/types\/product"}],"wp:featuredmedia":[{"embeddable":true,"href":"https:\/\/ceoparts.com\/de\/wp-json\/wp\/v2\/media\/12271"}],"wp:attachment":[{"href":"https:\/\/ceoparts.com\/de\/wp-json\/wp\/v2\/media?parent=12096"}],"wp:term":[{"taxonomy":"product_brand","embeddable":true,"href":"https:\/\/ceoparts.com\/de\/wp-json\/wp\/v2\/product_brand?post=12096"},{"taxonomy":"product_cat","embeddable":true,"href":"https:\/\/ceoparts.com\/de\/wp-json\/wp\/v2\/product_cat?post=12096"},{"taxonomy":"product_tag","embeddable":true,"href":"https:\/\/ceoparts.com\/de\/wp-json\/wp\/v2\/product_tag?post=12096"}],"curies":[{"name":"wp","href":"https:\/\/api.w.org\/{rel}","templated":true}]}}