{"id":12116,"date":"2024-12-27T11:30:58","date_gmt":"2024-12-27T08:30:58","guid":{"rendered":"https:\/\/ceoparts.com\/?post_type=product&#038;p=12116"},"modified":"2026-05-16T06:33:11","modified_gmt":"2026-05-16T03:33:11","slug":"25x15-mm-catal-mekanizma-burc","status":"publish","type":"product","link":"https:\/\/ceoparts.com\/de\/urun\/25x15-mm-catal-mekanizma-burc\/","title":{"rendered":"25&#215;15 mm Gabelmechanismus Buchse"},"content":{"rendered":"<p>25&#215;15 mm Gabelmechanismus Buchse<\/p>","protected":false},"excerpt":{"rendered":"<p data-start=\"72\" data-end=\"460\"><br data-start=\"1398\" data-end=\"1401\" \/>25\u00d715 mm Gabelmechanismusbuchse ist ein robustes Bauteil, das in den Gabelsystemen von Gabelstaplern und Hubwagen verwendet wird, um die Achsverbindungen beweglicher Teile zu unterst\u00fctzen und Verschlei\u00df zu verhindern. Aus hochwertigem Stahl gefertigt, bietet sie ausgezeichnete Widerstandsf\u00e4higkeit gegen Reibung und St\u00f6\u00dfe. Sorgt f\u00fcr einen sicheren, leisen und stabilen Betrieb des Gabelmechanismus.<\/p>\n<p data-start=\"1802\" data-end=\"2100\"><strong data-start=\"1802\" data-end=\"1820\">Eigenschaften:<\/strong><br data-start=\"1820\" data-end=\"1823\" \/><strong data-start=\"1823\" data-end=\"1839\">Produktname:<\/strong> 25\u00d715 mm Gabelmechanismusbuchse<br data-start=\"1871\" data-end=\"1874\" \/><strong data-start=\"1874\" data-end=\"1890\">Teilenummer:<\/strong> &#8211;<br data-start=\"1892\" data-end=\"1895\" \/><strong data-start=\"1895\" data-end=\"1908\">Material:<\/strong> Hochfester Stahl<br data-start=\"1925\" data-end=\"1928\" \/><strong data-start=\"1928\" data-end=\"1947\">Einsatzbereich:<\/strong> Gabelmechanismus-Verbindungen von Gabelstaplern und Hubwagen<br data-start=\"2008\" data-end=\"2011\" \/><strong data-start=\"2011\" data-end=\"2023\">Vorteil:<\/strong> Verschlei\u00df- und schlagfest, lange Lebensdauer, leiser und stabiler Betrieb<\/p>\n<p data-start=\"2102\" data-end=\"2423\">\n","protected":false},"featured_media":12282,"template":"","meta":[],"product_brand":[],"product_cat":[441,464,465],"product_tag":[],"class_list":{"0":"post-12116","1":"product","2":"type-product","3":"status-publish","4":"has-post-thumbnail","6":"product_cat-yedek-parca","7":"product_cat-burc-ve-mill-grubu","8":"product_cat-catal-burclari","10":"first","11":"instock","12":"taxable","13":"shipping-taxable","14":"purchasable","15":"product-type-simple"},"_links":{"self":[{"href":"https:\/\/ceoparts.com\/de\/wp-json\/wp\/v2\/product\/12116","targetHints":{"allow":["GET"]}}],"collection":[{"href":"https:\/\/ceoparts.com\/de\/wp-json\/wp\/v2\/product"}],"about":[{"href":"https:\/\/ceoparts.com\/de\/wp-json\/wp\/v2\/types\/product"}],"wp:featuredmedia":[{"embeddable":true,"href":"https:\/\/ceoparts.com\/de\/wp-json\/wp\/v2\/media\/12282"}],"wp:attachment":[{"href":"https:\/\/ceoparts.com\/de\/wp-json\/wp\/v2\/media?parent=12116"}],"wp:term":[{"taxonomy":"product_brand","embeddable":true,"href":"https:\/\/ceoparts.com\/de\/wp-json\/wp\/v2\/product_brand?post=12116"},{"taxonomy":"product_cat","embeddable":true,"href":"https:\/\/ceoparts.com\/de\/wp-json\/wp\/v2\/product_cat?post=12116"},{"taxonomy":"product_tag","embeddable":true,"href":"https:\/\/ceoparts.com\/de\/wp-json\/wp\/v2\/product_tag?post=12116"}],"curies":[{"name":"wp","href":"https:\/\/api.w.org\/{rel}","templated":true}]}}