{"id":12132,"date":"2024-12-27T13:26:48","date_gmt":"2024-12-27T10:26:48","guid":{"rendered":"https:\/\/ceoparts.com\/?post_type=product&#038;p=12132"},"modified":"2026-05-16T15:27:30","modified_gmt":"2026-05-16T12:27:30","slug":"140x51-60-143-mm-denge-teker-burc","status":"publish","type":"product","link":"https:\/\/ceoparts.com\/de\/urun\/140x51-60-143-mm-denge-teker-burc\/","title":{"rendered":"140&#215;54\/60 14,3 mm Ausgleichsradbuchse"},"content":{"rendered":"<p>140&#215;54\/60 14,3 mm Ausgleichsradbuchse<\/p>","protected":false},"excerpt":{"rendered":"<p data-start=\"0\" data-end=\"376\"><br data-start=\"1322\" data-end=\"1325\" \/>140\u00d754\/60 14,3 mm Ausgleichsradbuchse ist ein langlebiges Bauteil zur Unterst\u00fctzung der Achsverbindung von Ausgleichsr\u00e4dern in Gabelstaplern und Hubwagen. Aus hochfestem Stahl gefertigt, eignet sie sich f\u00fcr den Dauerbetrieb unter Last. Ihre verschlei\u00df- und schlagfeste Konstruktion gew\u00e4hrleistet einen sicheren und stabilen Betrieb des Ausgleichssystems.<\/p>\n<p data-start=\"1681\" data-end=\"1971\"><strong data-start=\"1681\" data-end=\"1699\">Eigenschaften:<\/strong><br data-start=\"1699\" data-end=\"1702\" \/><strong data-start=\"1702\" data-end=\"1718\">Produktname:<\/strong> 140\u00d754\/60 14,3 mm Ausgleichsradbuchse<br data-start=\"1756\" data-end=\"1759\" \/><strong data-start=\"1759\" data-end=\"1775\">Teilenummer:<\/strong> &#8211;<br data-start=\"1777\" data-end=\"1780\" \/><strong data-start=\"1780\" data-end=\"1793\">Material:<\/strong> Hochfester Stahl<br data-start=\"1810\" data-end=\"1813\" \/><strong data-start=\"1813\" data-end=\"1832\">Einsatzbereich:<\/strong> Ausgleichsr\u00e4der von Gabelstaplern und Hubwagen<br data-start=\"1879\" data-end=\"1882\" \/><strong data-start=\"1882\" data-end=\"1894\">Vorteil:<\/strong> Verschlei\u00df- und schlagfest, lange Lebensdauer, stabiler und leiser Betrieb<\/p>\n<p data-start=\"1973\" data-end=\"2327\">\n","protected":false},"featured_media":12308,"template":"","meta":[],"product_brand":[],"product_cat":[441,464,466],"product_tag":[],"class_list":{"0":"post-12132","1":"product","2":"type-product","3":"status-publish","4":"has-post-thumbnail","6":"product_cat-yedek-parca","7":"product_cat-burc-ve-mill-grubu","8":"product_cat-denge-teker-burcu","10":"first","11":"instock","12":"taxable","13":"shipping-taxable","14":"purchasable","15":"product-type-simple"},"_links":{"self":[{"href":"https:\/\/ceoparts.com\/de\/wp-json\/wp\/v2\/product\/12132","targetHints":{"allow":["GET"]}}],"collection":[{"href":"https:\/\/ceoparts.com\/de\/wp-json\/wp\/v2\/product"}],"about":[{"href":"https:\/\/ceoparts.com\/de\/wp-json\/wp\/v2\/types\/product"}],"wp:featuredmedia":[{"embeddable":true,"href":"https:\/\/ceoparts.com\/de\/wp-json\/wp\/v2\/media\/12308"}],"wp:attachment":[{"href":"https:\/\/ceoparts.com\/de\/wp-json\/wp\/v2\/media?parent=12132"}],"wp:term":[{"taxonomy":"product_brand","embeddable":true,"href":"https:\/\/ceoparts.com\/de\/wp-json\/wp\/v2\/product_brand?post=12132"},{"taxonomy":"product_cat","embeddable":true,"href":"https:\/\/ceoparts.com\/de\/wp-json\/wp\/v2\/product_cat?post=12132"},{"taxonomy":"product_tag","embeddable":true,"href":"https:\/\/ceoparts.com\/de\/wp-json\/wp\/v2\/product_tag?post=12132"}],"curies":[{"name":"wp","href":"https:\/\/api.w.org\/{rel}","templated":true}]}}