{"id":12138,"date":"2024-12-27T13:31:29","date_gmt":"2024-12-27T10:31:29","guid":{"rendered":"https:\/\/ceoparts.com\/?post_type=product&#038;p=12138"},"modified":"2026-05-16T16:32:50","modified_gmt":"2026-05-16T13:32:50","slug":"125x54-60-143-mm-denge-teker-burc","status":"publish","type":"product","link":"https:\/\/ceoparts.com\/de\/urun\/125x54-60-143-mm-denge-teker-burc\/","title":{"rendered":"125&#215;54\/60 14,3 mm Ausgleichsradbuchse"},"content":{"rendered":"<p>125&#215;54\/60 14,3 mm Ausgleichsradbuchse<\/p>","protected":false},"excerpt":{"rendered":"<p data-start=\"0\" data-end=\"336\"><br data-start=\"1241\" data-end=\"1244\" \/>125\u00d754\/60 14,3 mm Ausgleichsradbuchse ist ein robustes Bauteil zur Unterst\u00fctzung der Achsverbindung von Ausgleichsr\u00e4dern in Gabelstaplern und Hubwagen. Hergestellt aus hochfestem Stahl, bietet sie hervorragenden Verschlei\u00df- und Schlagwiderstand. Sorgt f\u00fcr einen stabilen, leisen und zuverl\u00e4ssigen Betrieb des Ausgleichssystems.<\/p>\n<p data-start=\"1573\" data-end=\"1852\"><strong data-start=\"1573\" data-end=\"1591\">Eigenschaften:<\/strong><br data-start=\"1591\" data-end=\"1594\" \/><strong data-start=\"1594\" data-end=\"1610\">Produktname:<\/strong> 125\u00d754\/60 14,3 mm Ausgleichsradbuchse<br data-start=\"1648\" data-end=\"1651\" \/><strong data-start=\"1651\" data-end=\"1667\">Teilenummer:<\/strong> &#8211;<br data-start=\"1669\" data-end=\"1672\" \/><strong data-start=\"1672\" data-end=\"1685\">Material:<\/strong> Hochfester Stahl<br data-start=\"1702\" data-end=\"1705\" \/><strong data-start=\"1705\" data-end=\"1724\">Einsatzbereich:<\/strong> Ausgleichsr\u00e4der von Gabelstaplern und Hubwagen<br data-start=\"1771\" data-end=\"1774\" \/><strong data-start=\"1774\" data-end=\"1786\">Vorteil:<\/strong> Verschlei\u00df- und schlagfest, lange Lebensdauer, stabiler Einsatz<\/p>\n<p data-start=\"1854\" data-end=\"2167\">\n","protected":false},"featured_media":12314,"template":"","meta":[],"product_brand":[],"product_cat":[441,464,466],"product_tag":[],"class_list":{"0":"post-12138","1":"product","2":"type-product","3":"status-publish","4":"has-post-thumbnail","6":"product_cat-yedek-parca","7":"product_cat-burc-ve-mill-grubu","8":"product_cat-denge-teker-burcu","10":"first","11":"instock","12":"taxable","13":"shipping-taxable","14":"purchasable","15":"product-type-simple"},"_links":{"self":[{"href":"https:\/\/ceoparts.com\/de\/wp-json\/wp\/v2\/product\/12138","targetHints":{"allow":["GET"]}}],"collection":[{"href":"https:\/\/ceoparts.com\/de\/wp-json\/wp\/v2\/product"}],"about":[{"href":"https:\/\/ceoparts.com\/de\/wp-json\/wp\/v2\/types\/product"}],"wp:featuredmedia":[{"embeddable":true,"href":"https:\/\/ceoparts.com\/de\/wp-json\/wp\/v2\/media\/12314"}],"wp:attachment":[{"href":"https:\/\/ceoparts.com\/de\/wp-json\/wp\/v2\/media?parent=12138"}],"wp:term":[{"taxonomy":"product_brand","embeddable":true,"href":"https:\/\/ceoparts.com\/de\/wp-json\/wp\/v2\/product_brand?post=12138"},{"taxonomy":"product_cat","embeddable":true,"href":"https:\/\/ceoparts.com\/de\/wp-json\/wp\/v2\/product_cat?post=12138"},{"taxonomy":"product_tag","embeddable":true,"href":"https:\/\/ceoparts.com\/de\/wp-json\/wp\/v2\/product_tag?post=12138"}],"curies":[{"name":"wp","href":"https:\/\/api.w.org\/{rel}","templated":true}]}}