{"id":12139,"date":"2024-12-27T13:43:26","date_gmt":"2024-12-27T10:43:26","guid":{"rendered":"https:\/\/ceoparts.com\/?post_type=product&#038;p=12139"},"modified":"2026-05-16T19:46:59","modified_gmt":"2026-05-16T16:46:59","slug":"140x50-50-denge-teker-burc","status":"publish","type":"product","link":"https:\/\/ceoparts.com\/de\/urun\/140x50-50-denge-teker-burc\/","title":{"rendered":"140&#215;50\/50 Ausgleichsradbuchse"},"content":{"rendered":"<p>140&#215;50\/50 Ausgleichsradbuchse<\/p>","protected":false},"excerpt":{"rendered":"<p data-start=\"0\" data-end=\"342\"><br data-start=\"1232\" data-end=\"1235\" \/>140\u00d750\/50 Ausgleichsradbuchse ist ein robustes Bauteil, das die Achsverbindung von Ausgleichsr\u00e4dern in Gabelstaplern und Hubwagen unterst\u00fctzt. Aus hochfestem Stahl gefertigt, sorgt sie f\u00fcr einen stabilen Betrieb unter Dauerbelastung und tr\u00e4gt zu einem sicheren und reibungslosen Betrieb des Ausgleichssystems bei.<\/p>\n<p data-start=\"1550\" data-end=\"1835\"><strong data-start=\"1550\" data-end=\"1568\">Eigenschaften:<\/strong><br data-start=\"1568\" data-end=\"1571\" \/><strong data-start=\"1571\" data-end=\"1587\">Produktname:<\/strong> 140\u00d750\/50 Ausgleichsradbuchse<br data-start=\"1617\" data-end=\"1620\" \/><strong data-start=\"1620\" data-end=\"1636\">Teilenummer:<\/strong> &#8211;<br data-start=\"1638\" data-end=\"1641\" \/><strong data-start=\"1641\" data-end=\"1654\">Material:<\/strong> Hochfester Stahl<br data-start=\"1671\" data-end=\"1674\" \/><strong data-start=\"1674\" data-end=\"1693\">Einsatzbereich:<\/strong> Ausgleichsr\u00e4der von Gabelstaplern und Hubwagen<br data-start=\"1740\" data-end=\"1743\" \/><strong data-start=\"1743\" data-end=\"1755\">Vorteil:<\/strong> Schlag- und verschlei\u00dffeste Konstruktion, lange Lebensdauer, einfache Montage<\/p>\n<p data-start=\"1837\" data-end=\"2151\">\n","protected":false},"featured_media":12311,"template":"","meta":[],"product_brand":[],"product_cat":[441,464,466],"product_tag":[],"class_list":{"0":"post-12139","1":"product","2":"type-product","3":"status-publish","4":"has-post-thumbnail","6":"product_cat-yedek-parca","7":"product_cat-burc-ve-mill-grubu","8":"product_cat-denge-teker-burcu","10":"first","11":"instock","12":"taxable","13":"shipping-taxable","14":"purchasable","15":"product-type-simple"},"_links":{"self":[{"href":"https:\/\/ceoparts.com\/de\/wp-json\/wp\/v2\/product\/12139","targetHints":{"allow":["GET"]}}],"collection":[{"href":"https:\/\/ceoparts.com\/de\/wp-json\/wp\/v2\/product"}],"about":[{"href":"https:\/\/ceoparts.com\/de\/wp-json\/wp\/v2\/types\/product"}],"wp:featuredmedia":[{"embeddable":true,"href":"https:\/\/ceoparts.com\/de\/wp-json\/wp\/v2\/media\/12311"}],"wp:attachment":[{"href":"https:\/\/ceoparts.com\/de\/wp-json\/wp\/v2\/media?parent=12139"}],"wp:term":[{"taxonomy":"product_brand","embeddable":true,"href":"https:\/\/ceoparts.com\/de\/wp-json\/wp\/v2\/product_brand?post=12139"},{"taxonomy":"product_cat","embeddable":true,"href":"https:\/\/ceoparts.com\/de\/wp-json\/wp\/v2\/product_cat?post=12139"},{"taxonomy":"product_tag","embeddable":true,"href":"https:\/\/ceoparts.com\/de\/wp-json\/wp\/v2\/product_tag?post=12139"}],"curies":[{"name":"wp","href":"https:\/\/api.w.org\/{rel}","templated":true}]}}