{"id":12148,"date":"2024-12-27T14:15:29","date_gmt":"2024-12-27T11:15:29","guid":{"rendered":"https:\/\/ceoparts.com\/?post_type=product&#038;p=12148"},"modified":"2026-05-16T07:31:06","modified_gmt":"2026-05-16T04:31:06","slug":"m10-denge-teker-burcu","status":"publish","type":"product","link":"https:\/\/ceoparts.com\/de\/urun\/m10-denge-teker-burcu\/","title":{"rendered":"M10 Ausgleichsradbuchse"},"content":{"rendered":"<p>M10 Ausgleichsradbuchse<\/p>","protected":false},"excerpt":{"rendered":"<p data-start=\"0\" data-end=\"347\"><br data-start=\"1161\" data-end=\"1164\" \/>M10 Ausgleichsradbuchse ist ein robustes Bauteil, das die Achsverbindung von Ausgleichsr\u00e4dern in Gabelstaplern und Hubwagen unterst\u00fctzt. Aus hochwertigem Stahl gefertigt, sorgt sie f\u00fcr einen stabilen Betrieb unter Dauerbelastung. Tr\u00e4gt zu einem sicheren und reibungslosen Betrieb des Ausgleichssystems bei.<\/p>\n<p data-start=\"1472\" data-end=\"1737\"><strong data-start=\"1472\" data-end=\"1490\">Eigenschaften:<\/strong><br data-start=\"1490\" data-end=\"1493\" \/><strong data-start=\"1493\" data-end=\"1509\">Produktname:<\/strong> M10 Ausgleichsradbuchse<br data-start=\"1533\" data-end=\"1536\" \/><strong data-start=\"1536\" data-end=\"1552\">Teilenummer:<\/strong> &#8211;<br data-start=\"1554\" data-end=\"1557\" \/><strong data-start=\"1557\" data-end=\"1570\">Material:<\/strong> Hochfester Stahl<br data-start=\"1587\" data-end=\"1590\" \/><strong data-start=\"1590\" data-end=\"1609\">Einsatzbereich:<\/strong> Ausgleichsr\u00e4der von Gabelstaplern und Hubwagen<br data-start=\"1656\" data-end=\"1659\" \/><strong data-start=\"1659\" data-end=\"1671\">Vorteil:<\/strong> Verschlei\u00df- und schlagfest, lange Lebensdauer, einfache Montage<\/p>\n<p data-start=\"1739\" data-end=\"2054\">\n","protected":false},"featured_media":12301,"template":"","meta":[],"product_brand":[],"product_cat":[441,464,466],"product_tag":[],"class_list":{"0":"post-12148","1":"product","2":"type-product","3":"status-publish","4":"has-post-thumbnail","6":"product_cat-yedek-parca","7":"product_cat-burc-ve-mill-grubu","8":"product_cat-denge-teker-burcu","10":"first","11":"instock","12":"taxable","13":"shipping-taxable","14":"purchasable","15":"product-type-simple"},"_links":{"self":[{"href":"https:\/\/ceoparts.com\/de\/wp-json\/wp\/v2\/product\/12148","targetHints":{"allow":["GET"]}}],"collection":[{"href":"https:\/\/ceoparts.com\/de\/wp-json\/wp\/v2\/product"}],"about":[{"href":"https:\/\/ceoparts.com\/de\/wp-json\/wp\/v2\/types\/product"}],"wp:featuredmedia":[{"embeddable":true,"href":"https:\/\/ceoparts.com\/de\/wp-json\/wp\/v2\/media\/12301"}],"wp:attachment":[{"href":"https:\/\/ceoparts.com\/de\/wp-json\/wp\/v2\/media?parent=12148"}],"wp:term":[{"taxonomy":"product_brand","embeddable":true,"href":"https:\/\/ceoparts.com\/de\/wp-json\/wp\/v2\/product_brand?post=12148"},{"taxonomy":"product_cat","embeddable":true,"href":"https:\/\/ceoparts.com\/de\/wp-json\/wp\/v2\/product_cat?post=12148"},{"taxonomy":"product_tag","embeddable":true,"href":"https:\/\/ceoparts.com\/de\/wp-json\/wp\/v2\/product_tag?post=12148"}],"curies":[{"name":"wp","href":"https:\/\/api.w.org\/{rel}","templated":true}]}}