{"id":12152,"date":"2024-12-27T14:19:08","date_gmt":"2024-12-27T11:19:08","guid":{"rendered":"https:\/\/ceoparts.com\/?post_type=product&#038;p=12152"},"modified":"2026-05-16T15:08:37","modified_gmt":"2026-05-16T12:08:37","slug":"m12-denge-teker-burcu","status":"publish","type":"product","link":"https:\/\/ceoparts.com\/de\/urun\/m12-denge-teker-burcu\/","title":{"rendered":"M12 Ausgleichsradbuchse"},"content":{"rendered":"<p>M12 Ausgleichsradbuchse<\/p>","protected":false},"excerpt":{"rendered":"<p data-start=\"0\" data-end=\"322\"><br data-start=\"1118\" data-end=\"1121\" \/>M12 Ausgleichsradbuchse ist ein robustes Bauteil, das die Achsverbindung von Ausgleichsr\u00e4dern in Gabelstaplern und Hubwagen unterst\u00fctzt. Hergestellt aus hochwertigem Stahl mit Oberfl\u00e4chenh\u00e4rtung, sorgt sie f\u00fcr einen stabilen Betrieb des Ausgleichssystems und verl\u00e4ngert die Lebensdauer der Maschine.<\/p>\n<p data-start=\"1422\" data-end=\"1679\"><strong data-start=\"1422\" data-end=\"1440\">Eigenschaften:<\/strong><br data-start=\"1440\" data-end=\"1443\" \/><strong data-start=\"1443\" data-end=\"1459\">Produktname:<\/strong> M12 Ausgleichsradbuchse<br data-start=\"1483\" data-end=\"1486\" \/><strong data-start=\"1486\" data-end=\"1502\">Teilenummer:<\/strong> &#8211;<br data-start=\"1504\" data-end=\"1507\" \/><strong data-start=\"1507\" data-end=\"1520\">Material:<\/strong> Hochfester Stahl<br data-start=\"1537\" data-end=\"1540\" \/><strong data-start=\"1540\" data-end=\"1559\">Einsatzbereich:<\/strong> Ausgleichsr\u00e4der von Gabelstaplern und Hubwagen<br data-start=\"1606\" data-end=\"1609\" \/><strong data-start=\"1609\" data-end=\"1621\">Vorteil:<\/strong> Schlag- und verschlei\u00dffeste Bauweise, lange Lebensdauer<\/p>\n<p data-start=\"1681\" data-end=\"1978\">\n","protected":false},"featured_media":12304,"template":"","meta":[],"product_brand":[],"product_cat":[441,464,466],"product_tag":[],"class_list":{"0":"post-12152","1":"product","2":"type-product","3":"status-publish","4":"has-post-thumbnail","6":"product_cat-yedek-parca","7":"product_cat-burc-ve-mill-grubu","8":"product_cat-denge-teker-burcu","10":"first","11":"instock","12":"taxable","13":"shipping-taxable","14":"purchasable","15":"product-type-simple"},"_links":{"self":[{"href":"https:\/\/ceoparts.com\/de\/wp-json\/wp\/v2\/product\/12152","targetHints":{"allow":["GET"]}}],"collection":[{"href":"https:\/\/ceoparts.com\/de\/wp-json\/wp\/v2\/product"}],"about":[{"href":"https:\/\/ceoparts.com\/de\/wp-json\/wp\/v2\/types\/product"}],"wp:featuredmedia":[{"embeddable":true,"href":"https:\/\/ceoparts.com\/de\/wp-json\/wp\/v2\/media\/12304"}],"wp:attachment":[{"href":"https:\/\/ceoparts.com\/de\/wp-json\/wp\/v2\/media?parent=12152"}],"wp:term":[{"taxonomy":"product_brand","embeddable":true,"href":"https:\/\/ceoparts.com\/de\/wp-json\/wp\/v2\/product_brand?post=12152"},{"taxonomy":"product_cat","embeddable":true,"href":"https:\/\/ceoparts.com\/de\/wp-json\/wp\/v2\/product_cat?post=12152"},{"taxonomy":"product_tag","embeddable":true,"href":"https:\/\/ceoparts.com\/de\/wp-json\/wp\/v2\/product_tag?post=12152"}],"curies":[{"name":"wp","href":"https:\/\/api.w.org\/{rel}","templated":true}]}}