{"id":12156,"date":"2024-12-27T14:40:16","date_gmt":"2024-12-27T11:40:16","guid":{"rendered":"https:\/\/ceoparts.com\/?post_type=product&#038;p=12156"},"modified":"2026-05-03T17:11:06","modified_gmt":"2026-05-03T14:11:06","slug":"17x85-mm-lwe-catal-ayak-mili","status":"publish","type":"product","link":"https:\/\/ceoparts.com\/de\/urun\/17x85-mm-lwe-catal-ayak-mili\/","title":{"rendered":"17&#215;85 mm LWE Gabelbeinwelle"},"content":{"rendered":"<p>17&#215;85 mm LWE Gabelbeinwelle<\/p>","protected":false},"excerpt":{"rendered":"<p data-start=\"0\" data-end=\"342\"><br data-start=\"1182\" data-end=\"1185\" \/>17\u00d785 mm LWE Gabelarmwelle ist ein robustes Verbindungsteil f\u00fcr Gabelarmbefestigungen in BT Toyota LWE Hubwagen. Aus hochwertigem Stahl gefertigt, f\u00fcr den Dauerbetrieb unter Last ausgelegt. Verschlei\u00df- und schlagfest, sorgt f\u00fcr einen stabilen und sicheren Betrieb.<\/p>\n<p data-start=\"1451\" data-end=\"1720\"><strong data-start=\"1451\" data-end=\"1469\">Eigenschaften:<\/strong><br data-start=\"1469\" data-end=\"1472\" \/><strong data-start=\"1472\" data-end=\"1488\">Produktname:<\/strong> 17\u00d785 mm LWE Gabelarmwelle<br data-start=\"1515\" data-end=\"1518\" \/><strong data-start=\"1518\" data-end=\"1534\">Teilenummer:<\/strong> &#8211;<br data-start=\"1536\" data-end=\"1539\" \/><strong data-start=\"1539\" data-end=\"1552\">Material:<\/strong> Hochfester Stahl<br data-start=\"1569\" data-end=\"1572\" \/><strong data-start=\"1572\" data-end=\"1591\">Einsatzbereich:<\/strong> Gabelarmverbindungen von BT Toyota LWE Hubwagen<br data-start=\"1639\" data-end=\"1642\" \/><strong data-start=\"1642\" data-end=\"1654\">Vorteil:<\/strong> Robuste Bauweise, lange Lebensdauer, verschlei\u00df- und schlagfest<\/p>\n<p data-start=\"1722\" data-end=\"2012\">\n","protected":false},"featured_media":12370,"template":"","meta":[],"product_brand":[],"product_cat":[518,521,530,251,441,464,467],"product_tag":[],"class_list":{"0":"post-12156","1":"product","2":"type-product","3":"status-publish","4":"has-post-thumbnail","6":"product_cat-yedek-parca-bt","7":"product_cat-toyota","8":"product_cat-yedek-parca-toyota","9":"product_cat-bt","10":"product_cat-yedek-parca","11":"product_cat-burc-ve-mill-grubu","12":"product_cat-mil-grubu","14":"first","15":"instock","16":"taxable","17":"shipping-taxable","18":"purchasable","19":"product-type-simple"},"_links":{"self":[{"href":"https:\/\/ceoparts.com\/de\/wp-json\/wp\/v2\/product\/12156","targetHints":{"allow":["GET"]}}],"collection":[{"href":"https:\/\/ceoparts.com\/de\/wp-json\/wp\/v2\/product"}],"about":[{"href":"https:\/\/ceoparts.com\/de\/wp-json\/wp\/v2\/types\/product"}],"wp:featuredmedia":[{"embeddable":true,"href":"https:\/\/ceoparts.com\/de\/wp-json\/wp\/v2\/media\/12370"}],"wp:attachment":[{"href":"https:\/\/ceoparts.com\/de\/wp-json\/wp\/v2\/media?parent=12156"}],"wp:term":[{"taxonomy":"product_brand","embeddable":true,"href":"https:\/\/ceoparts.com\/de\/wp-json\/wp\/v2\/product_brand?post=12156"},{"taxonomy":"product_cat","embeddable":true,"href":"https:\/\/ceoparts.com\/de\/wp-json\/wp\/v2\/product_cat?post=12156"},{"taxonomy":"product_tag","embeddable":true,"href":"https:\/\/ceoparts.com\/de\/wp-json\/wp\/v2\/product_tag?post=12156"}],"curies":[{"name":"wp","href":"https:\/\/api.w.org\/{rel}","templated":true}]}}